{"id":9940,"date":"2025-07-16T06:26:37","date_gmt":"2025-07-16T06:26:37","guid":{"rendered":"https:\/\/www.damarl.com\/?post_type=product&#038;p=9940"},"modified":"2025-07-16T08:27:18","modified_gmt":"2025-07-16T08:27:18","slug":"adaptador-una-de-plastico-desmontadora-o30-mm-ref-09-30mm","status":"publish","type":"product","link":"https:\/\/www.damarl.com\/es\/producto\/adaptador-una-de-plastico-desmontadora-o30-mm-ref-09-30mm\/","title":{"rendered":"ADAPTADOR U\u00d1A DE PL\u00c1STICO DESMONTADORA \u00d830 mm &#8211; REF.09-30MM-"},"content":{"rendered":"<p><strong>Compatibilidad:<\/strong><\/p>\n<p>EJE 30 MM &#8211; SHAFT 30 MM &#8211; AXE 30 MM<\/p>\n","protected":false},"excerpt":{"rendered":"<p>Compatibilidad: EJE 30 MM &#8211; SHAFT 30 MM &#8211; AXE 30 MM<\/p>\n","protected":false},"featured_media":9969,"template":"","meta":{"_acf_changed":false,"_kad_post_transparent":"default","_kad_post_title":"","_kad_post_layout":"default","_kad_post_sidebar_id":"","_kad_post_content_style":"default","_kad_post_vertical_padding":"default","_kad_post_feature":"","_kad_post_feature_position":"","_kad_post_header":false,"_kad_post_footer":false,"_kad_post_classname":""},"product_brand":[],"product_cat":[130,81,111],"product_tag":[],"class_list":{"0":"post-9940","1":"product","2":"type-product","3":"status-publish","4":"has-post-thumbnail","6":"product_cat-accesorios-opcionales-maquinaria-de-ruedas","7":"product_cat-maquinaria","8":"product_cat-maquinaria-de-ruedas","10":"first","11":"instock","12":"product-type-simple","13":"entry","14":"content-bg","15":"loop-entry"},"acf":[],"_links":{"self":[{"href":"https:\/\/www.damarl.com\/es\/wp-json\/wp\/v2\/product\/9940","targetHints":{"allow":["GET"]}}],"collection":[{"href":"https:\/\/www.damarl.com\/es\/wp-json\/wp\/v2\/product"}],"about":[{"href":"https:\/\/www.damarl.com\/es\/wp-json\/wp\/v2\/types\/product"}],"wp:featuredmedia":[{"embeddable":true,"href":"https:\/\/www.damarl.com\/es\/wp-json\/wp\/v2\/media\/9969"}],"wp:attachment":[{"href":"https:\/\/www.damarl.com\/es\/wp-json\/wp\/v2\/media?parent=9940"}],"wp:term":[{"taxonomy":"product_brand","embeddable":true,"href":"https:\/\/www.damarl.com\/es\/wp-json\/wp\/v2\/product_brand?post=9940"},{"taxonomy":"product_cat","embeddable":true,"href":"https:\/\/www.damarl.com\/es\/wp-json\/wp\/v2\/product_cat?post=9940"},{"taxonomy":"product_tag","embeddable":true,"href":"https:\/\/www.damarl.com\/es\/wp-json\/wp\/v2\/product_tag?post=9940"}],"curies":[{"name":"wp","href":"https:\/\/api.w.org\/{rel}","templated":true}]}}