{"id":9883,"date":"2025-07-15T11:40:20","date_gmt":"2025-07-15T11:40:20","guid":{"rendered":"https:\/\/www.damarl.com\/?post_type=product&#038;p=9883"},"modified":"2025-07-15T11:51:31","modified_gmt":"2025-07-15T11:51:31","slug":"gato-electro-hidraulico-da402lb-bateria","status":"publish","type":"product","link":"https:\/\/www.damarl.com\/es\/producto\/gato-electro-hidraulico-da402lb-bateria\/","title":{"rendered":"GATO ELECTRO &#8211; HIDR\u00c1ULICO -DA402LB (Bater\u00eda)-"},"content":{"rendered":"<p><strong>GATO ELECTRO &#8211; HIDR\u00c1ULICO PARA CAMIONES Y VEH\u00cdCULOS INDUSTRIALES<\/strong><\/p>\n<p>&nbsp;<\/p>\n<p><strong>Especificaciones:<\/strong><\/p>\n<ul>\n<li>Peso: 20-40t<\/li>\n<li>\u00a0Medidas: 22.5\u201d hasta 24.5\u201d<\/li>\n<li>Capacidad:182 kg<\/li>\n<li>Estructura de acero de alta resistencia<\/li>\n<\/ul>\n","protected":false},"excerpt":{"rendered":"<p class=\"ficha-download\"><a href=\"https:\/\/www.damarl.com\/wp-content\/uploads\/2024\/09\/gato_hidro_neumatico_DA301H_30T_DA30-2_3015T_DA402EL_4020t_DA403JQL_402010t_catalogo_dama_2024_pag131.pdf\">Descargar Ficha<\/a><\/p>\n","protected":false},"featured_media":9884,"template":"","meta":{"_acf_changed":false,"_kad_post_transparent":"default","_kad_post_title":"","_kad_post_layout":"default","_kad_post_sidebar_id":"","_kad_post_content_style":"default","_kad_post_vertical_padding":"default","_kad_post_feature":"","_kad_post_feature_position":"","_kad_post_header":false,"_kad_post_footer":false,"_kad_post_classname":""},"product_brand":[],"product_cat":[185,187,80],"product_tag":[],"class_list":{"0":"post-9883","1":"product","2":"type-product","3":"status-publish","4":"has-post-thumbnail","6":"product_cat-herramienta-y-accesorios-para-camion","7":"product_cat-gatos-de-camion","8":"product_cat-herramientas","10":"first","11":"instock","12":"product-type-simple","13":"entry","14":"content-bg","15":"loop-entry"},"acf":[],"_links":{"self":[{"href":"https:\/\/www.damarl.com\/es\/wp-json\/wp\/v2\/product\/9883","targetHints":{"allow":["GET"]}}],"collection":[{"href":"https:\/\/www.damarl.com\/es\/wp-json\/wp\/v2\/product"}],"about":[{"href":"https:\/\/www.damarl.com\/es\/wp-json\/wp\/v2\/types\/product"}],"wp:featuredmedia":[{"embeddable":true,"href":"https:\/\/www.damarl.com\/es\/wp-json\/wp\/v2\/media\/9884"}],"wp:attachment":[{"href":"https:\/\/www.damarl.com\/es\/wp-json\/wp\/v2\/media?parent=9883"}],"wp:term":[{"taxonomy":"product_brand","embeddable":true,"href":"https:\/\/www.damarl.com\/es\/wp-json\/wp\/v2\/product_brand?post=9883"},{"taxonomy":"product_cat","embeddable":true,"href":"https:\/\/www.damarl.com\/es\/wp-json\/wp\/v2\/product_cat?post=9883"},{"taxonomy":"product_tag","embeddable":true,"href":"https:\/\/www.damarl.com\/es\/wp-json\/wp\/v2\/product_tag?post=9883"}],"curies":[{"name":"wp","href":"https:\/\/api.w.org\/{rel}","templated":true}]}}