{"id":9878,"date":"2025-07-15T11:08:45","date_gmt":"2025-07-15T11:08:45","guid":{"rendered":"https:\/\/www.damarl.com\/?post_type=product&#038;p=9878"},"modified":"2025-07-15T11:18:59","modified_gmt":"2025-07-15T11:18:59","slug":"elevador-4-columnas-industrial-para-camion-dm13-5p4","status":"publish","type":"product","link":"https:\/\/www.damarl.com\/es\/producto\/elevador-4-columnas-industrial-para-camion-dm13-5p4\/","title":{"rendered":"ELEVADOR 4 COLUMNAS INDUSTRIAL PARA CAMI\u00d3N -DM13.5P4"},"content":{"rendered":"<p><strong>Descripci\u00f3n:<\/strong><\/p>\r\n<h2><!-- \/wp:post-content -->\r\n\r\n<!-- wp:paragraph --><\/h2>\r\n<p>\u2022 Sistema de funcionamiento de control el\u00e9ctrico-aire<br \/>\u2022 Bloqueo de seguridad por aire para un<br \/>funcionamiento correcto y una buena fiabilidad<br \/>\u2022 Dispositivo mec\u00e1nico de autobloqueo y<br \/>protecci\u00f3n contra rotura de cable<br \/>\u2022 Cable de sincronizaci\u00f3n de calidad aeron\u00e1utica de 3\/4<br \/>\u2022 Plataforma de diamante antideslizante<br \/>\u2022 Los cilindros hidr\u00e1ulicos est\u00e1n dise\u00f1ados<br \/>con juntas NOK de alta calidad<br \/>\u2022 Estricto control de calidad de los cilindros<br \/>con para mantener una velocidad constante<br \/>\u2022 Gatos rodantes opcionales\u00a0<\/p>\r\n<p><strong>Datos t\u00e9cnicos:<\/strong><\/p>\r\n<h2><!-- \/wp:paragraph -->\r\n\r\n<!-- wp:paragraph --><\/h2>\r\n<ul>\r\n<li>Capacidad m\u00e1xima:13.5 t<\/li>\r\n<li>Elevaci\u00f3n m\u00e1xima: 1674 mm<\/li>\r\n<li>Tiempo de subida\/bajada : 116 s<\/li>\r\n<li>Altura: 2332 mm<\/li>\r\n<li>Longitud: 1674 mm<\/li>\r\n<li>Ancho: 3206 mm<\/li>\r\n<li>Alimentaci\u00f3n: 400V\/3ph\/50Hz<\/li>\r\n<li>Peso total: 2442 kg | 3098 kg<\/li>\r\n<\/ul>","protected":false},"excerpt":{"rendered":"<p>Descripci\u00f3n: \u2022 Sistema de funcionamiento de control el\u00e9ctrico-aire\u2022 Bloqueo de seguridad por aire para unfuncionamiento correcto y una buena fiabilidad\u2022 Dispositivo mec\u00e1nico de autobloqueo yprotecci\u00f3n contra rotura de cable\u2022 Cable de sincronizaci\u00f3n de calidad aeron\u00e1utica de 3\/4\u2022 Plataforma de diamante antideslizante\u2022 Los cilindros hidr\u00e1ulicos est\u00e1n dise\u00f1adoscon juntas NOK de alta calidad\u2022 Estricto control de calidad&#8230;<\/p>\n","protected":false},"featured_media":9880,"template":"","meta":{"_acf_changed":false,"_kad_post_transparent":"default","_kad_post_title":"","_kad_post_layout":"default","_kad_post_sidebar_id":"","_kad_post_content_style":"default","_kad_post_vertical_padding":"default","_kad_post_feature":"","_kad_post_feature_position":"","_kad_post_header":false,"_kad_post_footer":false,"_kad_post_classname":""},"product_brand":[],"product_cat":[109,173,81],"product_tag":[],"class_list":{"0":"post-9878","1":"product","2":"type-product","3":"status-publish","4":"has-post-thumbnail","6":"product_cat-elevadores","7":"product_cat-elevadores-de-camion","8":"product_cat-maquinaria","10":"first","11":"instock","12":"product-type-simple","13":"entry","14":"content-bg","15":"loop-entry"},"acf":[],"_links":{"self":[{"href":"https:\/\/www.damarl.com\/es\/wp-json\/wp\/v2\/product\/9878","targetHints":{"allow":["GET"]}}],"collection":[{"href":"https:\/\/www.damarl.com\/es\/wp-json\/wp\/v2\/product"}],"about":[{"href":"https:\/\/www.damarl.com\/es\/wp-json\/wp\/v2\/types\/product"}],"wp:featuredmedia":[{"embeddable":true,"href":"https:\/\/www.damarl.com\/es\/wp-json\/wp\/v2\/media\/9880"}],"wp:attachment":[{"href":"https:\/\/www.damarl.com\/es\/wp-json\/wp\/v2\/media?parent=9878"}],"wp:term":[{"taxonomy":"product_brand","embeddable":true,"href":"https:\/\/www.damarl.com\/es\/wp-json\/wp\/v2\/product_brand?post=9878"},{"taxonomy":"product_cat","embeddable":true,"href":"https:\/\/www.damarl.com\/es\/wp-json\/wp\/v2\/product_cat?post=9878"},{"taxonomy":"product_tag","embeddable":true,"href":"https:\/\/www.damarl.com\/es\/wp-json\/wp\/v2\/product_tag?post=9878"}],"curies":[{"name":"wp","href":"https:\/\/api.w.org\/{rel}","templated":true}]}}