{"id":9825,"date":"2025-07-15T07:15:16","date_gmt":"2025-07-15T07:15:16","guid":{"rendered":"https:\/\/www.damarl.com\/?post_type=product&#038;p=9825"},"modified":"2025-07-15T07:39:24","modified_gmt":"2025-07-15T07:39:24","slug":"elevador-tijera-de-doble-elevacion-de-superficie-para-alineacion-dm5-5msi2hr","status":"publish","type":"product","link":"https:\/\/www.damarl.com\/es\/producto\/elevador-tijera-de-doble-elevacion-de-superficie-para-alineacion-dm5-5msi2hr\/","title":{"rendered":"Elevador Tijera de Doble Elevaci\u00f3n de Superficie para Alineaci\u00f3n-  DM5.5MSI2HR"},"content":{"rendered":"<p><strong>Descripci\u00f3n: <\/strong><\/p>\n<ul>\n<li>\u00a0Elevador de tijera de empotrar<\/li>\n<li>\u00a0Elevador secundario de tijera<\/li>\n<li>\u00a0Huecos para platos de alineaci\u00f3n<\/li>\n<li>\u00a0Plataformas traseras deslizantes<\/li>\n<li>\u00a0Con doble rail interior para gato central<\/li>\n<li>\u00a0Micro interruptor final de carrera<\/li>\n<li>\u00a0Bloqueo de seguridad mediante<br \/>\ntrinquete neum\u00e1tico<\/li>\n<li>\u00a0Calzos para distintos tipos de veh\u00edculos<\/li>\n<li>\u00a0Para instalaci\u00f3n empotrado<\/li>\n<\/ul>\n<p><strong>Datos T\u00e9cnicos: <\/strong><\/p>\n<ul>\n<li>Capacidad elevador principal: 5500 kg<\/li>\n<li>Capacidad elevador secundario: 5500 kg<\/li>\n<li>Elevaci\u00f3n tijera principal: 380 &#8211; 2200 mm<\/li>\n<li>Elevaci\u00f3n tijera secundaria: 400 mm<\/li>\n<li>Longitud plataforma principal: 5000 &#8211; 5500 mm<\/li>\n<li>Anchura de plataforma secundaria: 1460 &#8211; 1770620 mm<\/li>\n<li>Tiempo de subida y bajada :90 s<\/li>\n<li>Alimentaci\u00f3n: 400V\/3ph\/50Hz<\/li>\n<li>Peso: 2455 kg<\/li>\n<li>Bares: 8 bar<\/li>\n<li>Potencia: 2.2 kW<\/li>\n<\/ul>\n<p><strong>Opcional:<\/strong><\/p>\n<ul>\n<li>\u00a0Viga estabilizadora<\/li>\n<\/ul>\n","protected":false},"excerpt":{"rendered":"<p class=\"ficha-download\"><a href=\"https:\/\/www.damarl.com\/wp-content\/uploads\/2024\/09\/Elevador_tijera_DM5.5MSI2H_400V_catalogo_dama_2024_pag78.pdf\">Descargar Ficha<\/a><\/p>\n","protected":false},"featured_media":9827,"template":"","meta":{"_acf_changed":false,"_kad_post_transparent":"default","_kad_post_title":"","_kad_post_layout":"default","_kad_post_sidebar_id":"","_kad_post_content_style":"default","_kad_post_vertical_padding":"default","_kad_post_feature":"","_kad_post_feature_position":"","_kad_post_header":false,"_kad_post_footer":false,"_kad_post_classname":""},"product_brand":[],"product_cat":[81,109,123],"product_tag":[],"class_list":{"0":"post-9825","1":"product","2":"type-product","3":"status-publish","4":"has-post-thumbnail","6":"product_cat-maquinaria","7":"product_cat-elevadores","8":"product_cat-elevadores-de-tijera","10":"first","11":"instock","12":"product-type-simple","13":"entry","14":"content-bg","15":"loop-entry"},"acf":[],"_links":{"self":[{"href":"https:\/\/www.damarl.com\/es\/wp-json\/wp\/v2\/product\/9825","targetHints":{"allow":["GET"]}}],"collection":[{"href":"https:\/\/www.damarl.com\/es\/wp-json\/wp\/v2\/product"}],"about":[{"href":"https:\/\/www.damarl.com\/es\/wp-json\/wp\/v2\/types\/product"}],"wp:featuredmedia":[{"embeddable":true,"href":"https:\/\/www.damarl.com\/es\/wp-json\/wp\/v2\/media\/9827"}],"wp:attachment":[{"href":"https:\/\/www.damarl.com\/es\/wp-json\/wp\/v2\/media?parent=9825"}],"wp:term":[{"taxonomy":"product_brand","embeddable":true,"href":"https:\/\/www.damarl.com\/es\/wp-json\/wp\/v2\/product_brand?post=9825"},{"taxonomy":"product_cat","embeddable":true,"href":"https:\/\/www.damarl.com\/es\/wp-json\/wp\/v2\/product_cat?post=9825"},{"taxonomy":"product_tag","embeddable":true,"href":"https:\/\/www.damarl.com\/es\/wp-json\/wp\/v2\/product_tag?post=9825"}],"curies":[{"name":"wp","href":"https:\/\/api.w.org\/{rel}","templated":true}]}}