{"id":88,"date":"2023-03-31T10:50:25","date_gmt":"2023-03-31T10:50:25","guid":{"rendered":"https:\/\/webs.anubissolutions.es\/newdamarl\/producto\/mobiliario-de-taller-central-sin-carro-da1210kits\/"},"modified":"2023-03-31T10:50:26","modified_gmt":"2023-03-31T10:50:26","slug":"mobiliario-de-taller-central-sin-carro-da1210kits","status":"publish","type":"product","link":"https:\/\/www.damarl.com\/es\/producto\/mobiliario-de-taller-central-sin-carro-da1210kits\/","title":{"rendered":"MOBILIARIO DE TALLER CENTRAL SIN CARRO &#8211; DA1210KITS"},"content":{"rendered":"<p><strong>Descripci\u00f3n:<\/strong><\/p>\n<p>Mobiliario para taller mec\u00e1nico, ideal para una organizaci\u00f3n \u00f3ptima del espacio de trabajo y disposici\u00f3n de las herramientas y utillajes de un taller.<\/p>\n<p>3 cajones abatibles<br \/>\n3 paneles perforados de pared<br \/>\n1 superficie de trabajo en Madera<\/p>\n<p><img fetchpriority=\"high\" decoding=\"async\" class=\"alignnone size-medium wp-image-9548\" src=\"https:\/\/webs.anubissolutions.es\/damarl\/wp-content\/uploads\/2022\/01\/DA1210KITS_dibujo-300x300.png\" alt=\"\" width=\"300\" height=\"300\" data-wp-editing=\"1\" title=\"\"><\/p>\n<p>&nbsp;<\/p>\n<p>&nbsp;,field_5f15716ea4f98<\/p>\n","protected":false},"excerpt":{"rendered":"<p>Descripci\u00f3n: Mobiliario para taller mec\u00e1nico, ideal para una organizaci\u00f3n \u00f3ptima del espacio de trabajo y disposici\u00f3n de las herramientas y utillajes de un taller. 3 cajones abatibles 3 paneles perforados de pared 1 superficie de trabajo en Madera &nbsp; &nbsp;,field_5f15716ea4f98<\/p>\n","protected":false},"featured_media":0,"template":"","meta":{"_acf_changed":false,"_kad_post_transparent":"","_kad_post_title":"","_kad_post_layout":"","_kad_post_sidebar_id":"","_kad_post_content_style":"","_kad_post_vertical_padding":"","_kad_post_feature":"","_kad_post_feature_position":"","_kad_post_header":false,"_kad_post_footer":false,"_kad_post_classname":""},"product_brand":[],"product_cat":[15],"product_tag":[],"class_list":{"0":"post-88","1":"product","2":"type-product","3":"status-publish","5":"product_cat-sin-categorizar","7":"first","8":"instock","9":"product-type-simple","10":"entry","11":"content-bg","12":"loop-entry"},"acf":[],"_links":{"self":[{"href":"https:\/\/www.damarl.com\/es\/wp-json\/wp\/v2\/product\/88","targetHints":{"allow":["GET"]}}],"collection":[{"href":"https:\/\/www.damarl.com\/es\/wp-json\/wp\/v2\/product"}],"about":[{"href":"https:\/\/www.damarl.com\/es\/wp-json\/wp\/v2\/types\/product"}],"wp:attachment":[{"href":"https:\/\/www.damarl.com\/es\/wp-json\/wp\/v2\/media?parent=88"}],"wp:term":[{"taxonomy":"product_brand","embeddable":true,"href":"https:\/\/www.damarl.com\/es\/wp-json\/wp\/v2\/product_brand?post=88"},{"taxonomy":"product_cat","embeddable":true,"href":"https:\/\/www.damarl.com\/es\/wp-json\/wp\/v2\/product_cat?post=88"},{"taxonomy":"product_tag","embeddable":true,"href":"https:\/\/www.damarl.com\/es\/wp-json\/wp\/v2\/product_tag?post=88"}],"curies":[{"name":"wp","href":"https:\/\/api.w.org\/{rel}","templated":true}]}}