{"id":8317,"date":"2024-10-22T16:02:32","date_gmt":"2024-10-22T16:02:32","guid":{"rendered":"https:\/\/www.damarl.com\/?post_type=product&#038;p=8317"},"modified":"2024-11-29T12:57:01","modified_gmt":"2024-11-29T12:57:01","slug":"elevador-de-ruedas-para-desmontadora-neumatica-dm80wl","status":"publish","type":"product","link":"https:\/\/www.damarl.com\/es\/producto\/elevador-de-ruedas-para-desmontadora-neumatica-dm80wl\/","title":{"rendered":"Elevador de Ruedas M\u00f3vil para Desmontadora | DM80WL"},"content":{"rendered":"<p>Elevador de ruedas m\u00f3vil recargable, ergon\u00f3mico y eficiente. Accesorio opcional para desmontadora de ruedas<\/p>\n<p><strong>COMPATIBILIDAD:<\/strong><\/p>\n<p>DM185TID2 230V<br \/>\nDM185TID2 400V<br \/>\nDM185A<br \/>\nDM190 230V<br \/>\nDM190 400V<br \/>\nDM189HPD-S 400V<\/p>\n","protected":false},"excerpt":{"rendered":"<p>Elevador de ruedas m\u00f3vil recargable, ergon\u00f3mico y eficiente. Accesorio opcional para desmontadora de ruedas COMPATIBILIDAD: DM185TID2 230V DM185TID2 400V DM185A DM190 230V DM190 400V DM189HPD-S 400V<\/p>\n","protected":false},"featured_media":8844,"template":"","meta":{"_acf_changed":false,"_kad_post_transparent":"default","_kad_post_title":"","_kad_post_layout":"default","_kad_post_sidebar_id":"","_kad_post_content_style":"default","_kad_post_vertical_padding":"default","_kad_post_feature":"","_kad_post_feature_position":"","_kad_post_header":false,"_kad_post_footer":false,"_kad_post_classname":""},"product_brand":[],"product_cat":[130,81,111],"product_tag":[],"class_list":{"0":"post-8317","1":"product","2":"type-product","3":"status-publish","4":"has-post-thumbnail","6":"product_cat-accesorios-opcionales-maquinaria-de-ruedas","7":"product_cat-maquinaria","8":"product_cat-maquinaria-de-ruedas","10":"first","11":"instock","12":"product-type-simple","13":"entry","14":"content-bg","15":"loop-entry"},"acf":[],"_links":{"self":[{"href":"https:\/\/www.damarl.com\/es\/wp-json\/wp\/v2\/product\/8317","targetHints":{"allow":["GET"]}}],"collection":[{"href":"https:\/\/www.damarl.com\/es\/wp-json\/wp\/v2\/product"}],"about":[{"href":"https:\/\/www.damarl.com\/es\/wp-json\/wp\/v2\/types\/product"}],"wp:featuredmedia":[{"embeddable":true,"href":"https:\/\/www.damarl.com\/es\/wp-json\/wp\/v2\/media\/8844"}],"wp:attachment":[{"href":"https:\/\/www.damarl.com\/es\/wp-json\/wp\/v2\/media?parent=8317"}],"wp:term":[{"taxonomy":"product_brand","embeddable":true,"href":"https:\/\/www.damarl.com\/es\/wp-json\/wp\/v2\/product_brand?post=8317"},{"taxonomy":"product_cat","embeddable":true,"href":"https:\/\/www.damarl.com\/es\/wp-json\/wp\/v2\/product_cat?post=8317"},{"taxonomy":"product_tag","embeddable":true,"href":"https:\/\/www.damarl.com\/es\/wp-json\/wp\/v2\/product_tag?post=8317"}],"curies":[{"name":"wp","href":"https:\/\/api.w.org\/{rel}","templated":true}]}}