{"id":6965,"date":"2024-09-11T15:10:11","date_gmt":"2024-09-11T15:10:11","guid":{"rendered":"https:\/\/www.damarl.com\/?post_type=product&#038;p=6965"},"modified":"2024-11-13T09:33:44","modified_gmt":"2024-11-13T09:33:44","slug":"equilibradora-de-ruedas-automatica-dmb82","status":"publish","type":"product","link":"https:\/\/www.damarl.com\/es\/producto\/equilibradora-de-ruedas-automatica-dmb82\/","title":{"rendered":"Equilibradora de Ruedas Autom\u00e1tica | DMB82"},"content":{"rendered":"\r\n\r\n\r\n<p><strong>Descripci\u00f3n:<\/strong><\/p>\r\n\r\n\r\n\r\n<ul>\r\n<li>5 Programas para llantas de aluminio y 2 programas para ALU-S<\/li>\r\n<li>Modo de equilibrado est\u00e1tico y din\u00e1mico<\/li>\r\n<li>Autocalibrado<\/li>\r\n<li>Toma de medidas de distancia y di\u00e1metro autom\u00e1tica<\/li>\r\n<li>Captaci\u00f3n exterior por sonar<\/li>\r\n<li>L\u00e1ser con posici\u00f3n exacta del punto de desequilibrio<\/li>\r\n<li>B\u00fasqueda autom\u00e1tica en punto de desequilibrio<\/li>\r\n<li>Funci\u00f3n plomo oculto<\/li>\r\n<li>Monitor LCD 19\u201d<\/li>\r\n<li>Freno autom\u00e1tico<\/li>\r\n<\/ul>\r\n<p><strong>Caracter\u00edsticas T\u00e9cnicas:<\/strong><\/p>\r\n<ul>\r\n<li>Velocidad de giro: 200 rpm<\/li>\r\n<li>Tiempo de equilibrado: 8 s<\/li>\r\n<li>Precisi\u00f3n: +- 1 g \/ +-5 g<\/li>\r\n<li>Di\u00e1metro de eje: 40 mm<\/li>\r\n<li>Di\u00e1metro de llantas: 10&#8243; &#8211; 24&#8243;<\/li>\r\n<li>Di\u00e1metro m\u00e1x. de rueda: 1118 mm<\/li>\r\n<li>Ancho de Rueda: 1,5&#8243; &#8211; 20&#8243;<\/li>\r\n<li>Alimentaci\u00f3n: 230V\/1Ph\/50Hz\/0.25kW<\/li>\r\n<li>Peso m\u00e1ximo de la rueda: 70kg<\/li>\r\n<li>Peso: 160 kg<\/li>\r\n<li style=\"list-style-type: none;\">\u00a0<\/li>\r\n<\/ul>\r\n","protected":false},"excerpt":{"rendered":"<p>Descripci\u00f3n: 5 Programas para llantas de aluminio y 2 programas para ALU-S Modo de equilibrado est\u00e1tico y din\u00e1mico Autocalibrado Toma de medidas de distancia y di\u00e1metro autom\u00e1tica Captaci\u00f3n exterior por sonar L\u00e1ser con posici\u00f3n exacta del punto de desequilibrio B\u00fasqueda autom\u00e1tica en punto de desequilibrio Funci\u00f3n plomo oculto Monitor LCD 19\u201d Freno autom\u00e1tico Caracter\u00edsticas T\u00e9cnicas:&#8230;<\/p>\n","protected":false},"featured_media":6966,"template":"","meta":{"_acf_changed":false,"_kad_post_transparent":"default","_kad_post_title":"","_kad_post_layout":"default","_kad_post_sidebar_id":"","_kad_post_content_style":"default","_kad_post_vertical_padding":"default","_kad_post_feature":"","_kad_post_feature_position":"","_kad_post_header":false,"_kad_post_footer":false,"_kad_post_classname":""},"product_brand":[],"product_cat":[135,136,81,111],"product_tag":[],"class_list":{"0":"post-6965","1":"product","2":"type-product","3":"status-publish","4":"has-post-thumbnail","6":"product_cat-equilibradoras","7":"product_cat-equilibradoras-automaticas","8":"product_cat-maquinaria","9":"product_cat-maquinaria-de-ruedas","11":"first","12":"instock","13":"product-type-simple","14":"entry","15":"content-bg","16":"loop-entry"},"acf":[],"_links":{"self":[{"href":"https:\/\/www.damarl.com\/es\/wp-json\/wp\/v2\/product\/6965","targetHints":{"allow":["GET"]}}],"collection":[{"href":"https:\/\/www.damarl.com\/es\/wp-json\/wp\/v2\/product"}],"about":[{"href":"https:\/\/www.damarl.com\/es\/wp-json\/wp\/v2\/types\/product"}],"wp:featuredmedia":[{"embeddable":true,"href":"https:\/\/www.damarl.com\/es\/wp-json\/wp\/v2\/media\/6966"}],"wp:attachment":[{"href":"https:\/\/www.damarl.com\/es\/wp-json\/wp\/v2\/media?parent=6965"}],"wp:term":[{"taxonomy":"product_brand","embeddable":true,"href":"https:\/\/www.damarl.com\/es\/wp-json\/wp\/v2\/product_brand?post=6965"},{"taxonomy":"product_cat","embeddable":true,"href":"https:\/\/www.damarl.com\/es\/wp-json\/wp\/v2\/product_cat?post=6965"},{"taxonomy":"product_tag","embeddable":true,"href":"https:\/\/www.damarl.com\/es\/wp-json\/wp\/v2\/product_tag?post=6965"}],"curies":[{"name":"wp","href":"https:\/\/api.w.org\/{rel}","templated":true}]}}