{"id":6938,"date":"2024-09-10T07:45:18","date_gmt":"2024-09-10T07:45:18","guid":{"rendered":"https:\/\/www.damarl.com\/?post_type=product&#038;p=6938"},"modified":"2024-11-13T09:19:15","modified_gmt":"2024-11-13T09:19:15","slug":"equilibradora-ruedas-electronica-dmb60b","status":"publish","type":"product","link":"https:\/\/www.damarl.com\/es\/producto\/equilibradora-ruedas-electronica-dmb60b\/","title":{"rendered":"Equilibradora de Ruedas Electr\u00f3nica | DMB60B"},"content":{"rendered":"\r\n\r\n\r\n<p><strong>Descripci\u00f3n:<\/strong><\/p>\r\n\r\n\r\n\r\n<ul>\r\n<li>3 Programas para llantas de aluminio<\/li>\r\n<li>Equilibrado est\u00e1tico y din\u00e1mico<\/li>\r\n<li>Autocalibrado<\/li>\r\n<\/ul>\r\n<p><strong>Caracter\u00edsticas T\u00e9cnicas:<\/strong><\/p>\r\n<ul>\r\n<li>Velocidad de giro: 200 rpm<\/li>\r\n<li>Tiempo de equilibrado: 10 s<\/li>\r\n<li>Precisi\u00f3n: +- 1 g \/ +-5 g<\/li>\r\n<li>Di\u00e1metro de eje: 40 mm<\/li>\r\n<li>Di\u00e1metro de llantas: 10&#8243; &#8211; 20&#8243;<\/li>\r\n<li>Di\u00e1metro m\u00e1x. de rueda: 1000 mm<\/li>\r\n<li>Ancho de Rueda: 1,5&#8243; &#8211; 20&#8243;<\/li>\r\n<li>Alimentaci\u00f3n: 230V\/1Ph\/50Hz\/0.25kW<\/li>\r\n<li>Peso m\u00e1ximo de la rueda: 70 kg<\/li>\r\n<li>Peso: 102 kg<\/li>\r\n<\/ul>\r\n<p>&nbsp;<\/p>\r\n","protected":false},"excerpt":{"rendered":"<p>Descripci\u00f3n: 3 Programas para llantas de aluminio Equilibrado est\u00e1tico y din\u00e1mico Autocalibrado Caracter\u00edsticas T\u00e9cnicas: Velocidad de giro: 200 rpm Tiempo de equilibrado: 10 s Precisi\u00f3n: +- 1 g \/ +-5 g Di\u00e1metro de eje: 40 mm Di\u00e1metro de llantas: 10&#8243; &#8211; 20&#8243; Di\u00e1metro m\u00e1x. de rueda: 1000 mm Ancho de Rueda: 1,5&#8243; &#8211; 20&#8243; Alimentaci\u00f3n:&#8230;<\/p>\n","protected":false},"featured_media":6941,"template":"","meta":{"_acf_changed":false,"_kad_post_transparent":"default","_kad_post_title":"","_kad_post_layout":"default","_kad_post_sidebar_id":"","_kad_post_content_style":"default","_kad_post_vertical_padding":"default","_kad_post_feature":"","_kad_post_feature_position":"","_kad_post_header":false,"_kad_post_footer":false,"_kad_post_classname":""},"product_brand":[],"product_cat":[174,135,81,111],"product_tag":[],"class_list":{"0":"post-6938","1":"product","2":"type-product","3":"status-publish","4":"has-post-thumbnail","6":"product_cat-equilibradora-manual","7":"product_cat-equilibradoras","8":"product_cat-maquinaria","9":"product_cat-maquinaria-de-ruedas","11":"first","12":"instock","13":"product-type-simple","14":"entry","15":"content-bg","16":"loop-entry"},"acf":[],"_links":{"self":[{"href":"https:\/\/www.damarl.com\/es\/wp-json\/wp\/v2\/product\/6938","targetHints":{"allow":["GET"]}}],"collection":[{"href":"https:\/\/www.damarl.com\/es\/wp-json\/wp\/v2\/product"}],"about":[{"href":"https:\/\/www.damarl.com\/es\/wp-json\/wp\/v2\/types\/product"}],"wp:featuredmedia":[{"embeddable":true,"href":"https:\/\/www.damarl.com\/es\/wp-json\/wp\/v2\/media\/6941"}],"wp:attachment":[{"href":"https:\/\/www.damarl.com\/es\/wp-json\/wp\/v2\/media?parent=6938"}],"wp:term":[{"taxonomy":"product_brand","embeddable":true,"href":"https:\/\/www.damarl.com\/es\/wp-json\/wp\/v2\/product_brand?post=6938"},{"taxonomy":"product_cat","embeddable":true,"href":"https:\/\/www.damarl.com\/es\/wp-json\/wp\/v2\/product_cat?post=6938"},{"taxonomy":"product_tag","embeddable":true,"href":"https:\/\/www.damarl.com\/es\/wp-json\/wp\/v2\/product_tag?post=6938"}],"curies":[{"name":"wp","href":"https:\/\/api.w.org\/{rel}","templated":true}]}}