{"id":6909,"date":"2024-09-09T14:22:09","date_gmt":"2024-09-09T14:22:09","guid":{"rendered":"https:\/\/www.damarl.com\/?post_type=product&#038;p=6909"},"modified":"2024-11-13T16:00:28","modified_gmt":"2024-11-13T16:00:28","slug":"desmontadora-automatica-de-ruedas-dm189hpd","status":"publish","type":"product","link":"https:\/\/www.damarl.com\/es\/producto\/desmontadora-automatica-de-ruedas-dm189hpd\/","title":{"rendered":"Desmontadora de Ruedas Autom\u00e1tica | DM189HPD"},"content":{"rendered":"\r\n<p><strong>Dotaci\u00f3n Est\u00e1ndar:<\/strong><\/p>\r\n<ul>\r\n<li>Filtro regulador aire \/ aceite<\/li>\r\n<li>Pistola de inflado con man\u00f3metro<\/li>\r\n<li>Barra para desmontaje de neum\u00e1tico<\/li>\r\n<li>Cubo para jab\u00f3n<\/li>\r\n<li>Sistema de 4 garras de sujeci\u00f3n auto-centrante<\/li>\r\n<li>Protector pl\u00e1stico de garras y u\u00f1a incluidos<\/li>\r\n<li>Columna vertical de retroceso basculante autom\u00e1tica<\/li>\r\n<li>Tanque inflador\u00a0<\/li>\r\n<li>Trif\u00e1sica doble velocidad<\/li>\r\n<li>Pedales redondeados antiatrapamiento<\/li>\r\n<\/ul>\r\n<p><strong>Datos T\u00e9cnicos:<\/strong><\/p>\r\n<ul>\r\n<li>Ancho de rueda: 3\u2033-14\u2033<\/li>\r\n<li>Ruedas (desde el interior): 15\u2033-28\u2033<\/li>\r\n<li>Ruedas (desde el exterior): 13\u2033-24\u2033<\/li>\r\n<li>Di\u00e1metro m\u00e1x. rueda: 1100 mm<\/li>\r\n<li>Alimentaci\u00f3n: 400V\/3ph\/50Hz\/0.85 kw<\/li>\r\n<li>Presi\u00f3n neum\u00e1tica de trabajo: 8 -10 bar<\/li>\r\n<li>Fuerza de destalonado: 3200 kg<\/li>\r\n<li>Peso Neto: 265 kg<\/li>\r\n<\/ul>\r\n","protected":false},"excerpt":{"rendered":"<p>Dotaci\u00f3n Est\u00e1ndar: Filtro regulador aire \/ aceite Pistola de inflado con man\u00f3metro Barra para desmontaje de neum\u00e1tico Cubo para jab\u00f3n Sistema de 4 garras de sujeci\u00f3n auto-centrante Protector pl\u00e1stico de garras y u\u00f1a incluidos Columna vertical de retroceso basculante autom\u00e1tica Tanque inflador\u00a0 Trif\u00e1sica doble velocidad Pedales redondeados antiatrapamiento Datos T\u00e9cnicos: Ancho de rueda: 3\u2033-14\u2033 Ruedas&#8230;<\/p>\n","protected":false},"featured_media":8672,"template":"","meta":{"_acf_changed":false,"_kad_post_transparent":"default","_kad_post_title":"","_kad_post_layout":"default","_kad_post_sidebar_id":"","_kad_post_content_style":"default","_kad_post_vertical_padding":"default","_kad_post_feature":"","_kad_post_feature_position":"","_kad_post_header":false,"_kad_post_footer":false,"_kad_post_classname":""},"product_brand":[],"product_cat":[131,132,81,111],"product_tag":[],"class_list":{"0":"post-6909","1":"product","2":"type-product","3":"status-publish","4":"has-post-thumbnail","6":"product_cat-desmontadoras","7":"product_cat-desmontadoras-automaticas","8":"product_cat-maquinaria","9":"product_cat-maquinaria-de-ruedas","11":"first","12":"instock","13":"product-type-simple","14":"entry","15":"content-bg","16":"loop-entry"},"acf":[],"_links":{"self":[{"href":"https:\/\/www.damarl.com\/es\/wp-json\/wp\/v2\/product\/6909","targetHints":{"allow":["GET"]}}],"collection":[{"href":"https:\/\/www.damarl.com\/es\/wp-json\/wp\/v2\/product"}],"about":[{"href":"https:\/\/www.damarl.com\/es\/wp-json\/wp\/v2\/types\/product"}],"wp:featuredmedia":[{"embeddable":true,"href":"https:\/\/www.damarl.com\/es\/wp-json\/wp\/v2\/media\/8672"}],"wp:attachment":[{"href":"https:\/\/www.damarl.com\/es\/wp-json\/wp\/v2\/media?parent=6909"}],"wp:term":[{"taxonomy":"product_brand","embeddable":true,"href":"https:\/\/www.damarl.com\/es\/wp-json\/wp\/v2\/product_brand?post=6909"},{"taxonomy":"product_cat","embeddable":true,"href":"https:\/\/www.damarl.com\/es\/wp-json\/wp\/v2\/product_cat?post=6909"},{"taxonomy":"product_tag","embeddable":true,"href":"https:\/\/www.damarl.com\/es\/wp-json\/wp\/v2\/product_tag?post=6909"}],"curies":[{"name":"wp","href":"https:\/\/api.w.org\/{rel}","templated":true}]}}