{"id":6852,"date":"2024-06-18T16:00:22","date_gmt":"2024-06-18T16:00:22","guid":{"rendered":"https:\/\/www.damarl.com\/?post_type=product&#038;p=6852"},"modified":"2024-11-12T09:14:11","modified_gmt":"2024-11-12T09:14:11","slug":"desmontadora-de-ruedas-automatica-dm186tid","status":"publish","type":"product","link":"https:\/\/www.damarl.com\/es\/producto\/desmontadora-de-ruedas-automatica-dm186tid\/","title":{"rendered":"Desmontadora de Ruedas Autom\u00e1tica | DM186TID"},"content":{"rendered":"\r\n<p><strong>Dotaci\u00f3n Est\u00e1ndar:<\/strong><\/p>\r\n<ul>\r\n<li>Filtro regulador de aire \/ aceite<\/li>\r\n<li>Inflador con man\u00f3metro<\/li>\r\n<li>Barra de desmontaje neum\u00e1tico<\/li>\r\n<li>Cubo para jab\u00f3n<\/li>\r\n<li>Sistema de 4 garras de sujeci\u00f3n auto-centrante<\/li>\r\n<li>Protecciones de pl\u00e1stico para u\u00f1a\/garra<\/li>\r\n<li>Columna vertical de retroceso basculante autom\u00e1tica<\/li>\r\n<li>Pedales redondeados antiatrapamiento<\/li>\r\n<\/ul>\r\n<p>&nbsp;<\/p>\r\n<p><strong>Datos T\u00e9cnicos:<\/strong><\/p>\r\n<ul>\r\n<li>Ancho de rueda: 3&#8243;-12&#8243;<\/li>\r\n<li>Ruedas (desde el interior): 13&#8243;-24&#8243;<\/li>\r\n<li>Ruedas (desde el exterior): 11&#8243;-20&#8243;<\/li>\r\n<li>Di\u00e1metro m\u00e1x. rueda: 930 mm<\/li>\r\n<li>Alimentaci\u00f3n: 230V\/1ph\/1.1KW\/50Hz &#8211; 400V\/3 ph\/0.75 kw\/50Hz\u00a0<\/li>\r\n<li>Presi\u00f3n neum\u00e1tica de trabajo: 8 -10 bar<\/li>\r\n<li>Fuerza de destalonado: 2600 kg<\/li>\r\n<li>Peso Neto: 235 kg<\/li>\r\n<\/ul>\r\n\r\n<p>&nbsp;<\/p>","protected":false},"excerpt":{"rendered":"<p>Dotaci\u00f3n Est\u00e1ndar: Filtro regulador de aire \/ aceite Inflador con man\u00f3metro Barra de desmontaje neum\u00e1tico Cubo para jab\u00f3n Sistema de 4 garras de sujeci\u00f3n auto-centrante Protecciones de pl\u00e1stico para u\u00f1a\/garra Columna vertical de retroceso basculante autom\u00e1tica Pedales redondeados antiatrapamiento &nbsp; Datos T\u00e9cnicos: Ancho de rueda: 3&#8243;-12&#8243; Ruedas (desde el interior): 13&#8243;-24&#8243; Ruedas (desde el exterior):&#8230;<\/p>\n","protected":false},"featured_media":6853,"template":"","meta":{"_acf_changed":false,"_kad_post_transparent":"default","_kad_post_title":"","_kad_post_layout":"default","_kad_post_sidebar_id":"","_kad_post_content_style":"default","_kad_post_vertical_padding":"default","_kad_post_feature":"","_kad_post_feature_position":"","_kad_post_header":false,"_kad_post_footer":false,"_kad_post_classname":""},"product_brand":[],"product_cat":[131,132,81,111],"product_tag":[],"class_list":{"0":"post-6852","1":"product","2":"type-product","3":"status-publish","4":"has-post-thumbnail","6":"product_cat-desmontadoras","7":"product_cat-desmontadoras-automaticas","8":"product_cat-maquinaria","9":"product_cat-maquinaria-de-ruedas","11":"first","12":"instock","13":"featured","14":"product-type-simple","15":"entry","16":"content-bg","17":"loop-entry"},"acf":[],"_links":{"self":[{"href":"https:\/\/www.damarl.com\/es\/wp-json\/wp\/v2\/product\/6852","targetHints":{"allow":["GET"]}}],"collection":[{"href":"https:\/\/www.damarl.com\/es\/wp-json\/wp\/v2\/product"}],"about":[{"href":"https:\/\/www.damarl.com\/es\/wp-json\/wp\/v2\/types\/product"}],"wp:featuredmedia":[{"embeddable":true,"href":"https:\/\/www.damarl.com\/es\/wp-json\/wp\/v2\/media\/6853"}],"wp:attachment":[{"href":"https:\/\/www.damarl.com\/es\/wp-json\/wp\/v2\/media?parent=6852"}],"wp:term":[{"taxonomy":"product_brand","embeddable":true,"href":"https:\/\/www.damarl.com\/es\/wp-json\/wp\/v2\/product_brand?post=6852"},{"taxonomy":"product_cat","embeddable":true,"href":"https:\/\/www.damarl.com\/es\/wp-json\/wp\/v2\/product_cat?post=6852"},{"taxonomy":"product_tag","embeddable":true,"href":"https:\/\/www.damarl.com\/es\/wp-json\/wp\/v2\/product_tag?post=6852"}],"curies":[{"name":"wp","href":"https:\/\/api.w.org\/{rel}","templated":true}]}}