{"id":68,"date":"2023-03-31T10:50:19","date_gmt":"2023-03-31T10:50:19","guid":{"rendered":"https:\/\/webs.anubissolutions.es\/newdamarl\/producto\/maquina-de-carga-de-aire-acondicionado-semi-automatica-134a-daac1\/"},"modified":"2025-05-16T11:47:25","modified_gmt":"2025-05-16T11:47:25","slug":"maquina-de-carga-de-aire-acondicionado-automatica-da2ac","status":"publish","type":"product","link":"https:\/\/www.damarl.com\/es\/producto\/maquina-de-carga-de-aire-acondicionado-automatica-da2ac\/","title":{"rendered":"M\u00c1QUINA DE CARGA DE AIRE ACONDICIONADO AUTOM\u00c1TICA &#8211; DA2AC"},"content":{"rendered":"\r\n<p><strong>Especificaciones:<br \/><br \/><\/strong>Suministro el\u00e9ctrico: 220V\/50Hz\/1Ph<br \/>Bomba de vac\u00edo: 90 L\/ min.<br \/>Potencia compresor: 3\/8 hp<br \/>Compatible con refrigerante: R134A \u2013 R1234YF (NO MEZCLAR)<br \/>Precisi\u00f3n de la b\u00e1scula de gas: \u00b15 g<br \/>Peso m\u00e1x. admitido por la b\u00e1scula de gas: 60 kg<br \/>Dimensiones: 600 x 570 x 1110 mm<\/p>\r\n\r\n\r\n\r\n<p><strong>Par\u00e1metros:<br \/><br \/><\/strong>Capacidad del tanque de gas: 10 kg<br \/>Velocidad de recuperaci\u00f3n: 180~350 g\/min.<br \/>Velocidad de recarga: 800~1500 g\/min.<br \/>Presi\u00f3n m\u00e1x. para el man\u00f3metro de alta presi\u00f3n (HP): 30 bar<br \/>Presi\u00f3n m\u00e1x. para el man\u00f3metro de baja presi\u00f3n (LP): 20 bar<br \/>Presi\u00f3n m\u00e1x. para el man\u00f3metro de presi\u00f3n total (TP): 25 bar<br \/>Presi\u00f3n m\u00e1x. de trabajo: 17.5 bar<\/p>\r\n\r\n\r\n\r\n\r\n\r\n<p><strong>Conectores seg\u00fan refrigerante:<br \/><\/strong><br \/><strong>D2C134A<\/strong><br \/>KIT CONECTORES 134A<br \/><strong>D2C1234YF<\/strong><br \/>KIT CONECTORES 1234YF<\/p>\r\n\r\n\r\n","protected":false},"excerpt":{"rendered":"<p class=\"ficha-download\"><a href=\"https:\/\/www.damarl.com\/wp-content\/uploads\/2023\/03\/AIRE-ACONDICIONADO-RECARGA-PARA-TALLER-DAAC1-SUMINISTROS-DAMA-DAMARL-PG64.pdf\">Descargar Ficha<\/a><\/p>\n","protected":false},"featured_media":9696,"template":"","meta":{"_acf_changed":false,"_kad_post_transparent":"default","_kad_post_title":"","_kad_post_layout":"default","_kad_post_sidebar_id":"","_kad_post_content_style":"default","_kad_post_vertical_padding":"default","_kad_post_feature":"","_kad_post_feature_position":"","_kad_post_header":false,"_kad_post_footer":false,"_kad_post_classname":""},"product_brand":[],"product_cat":[110,81,128],"product_tag":[],"class_list":{"0":"post-68","1":"product","2":"type-product","3":"status-publish","4":"has-post-thumbnail","6":"product_cat-equipos-especializados","7":"product_cat-maquinaria","8":"product_cat-recargadores-de-aire-acondicionado","10":"first","11":"instock","12":"product-type-simple","13":"entry","14":"content-bg","15":"loop-entry"},"acf":[],"_links":{"self":[{"href":"https:\/\/www.damarl.com\/es\/wp-json\/wp\/v2\/product\/68","targetHints":{"allow":["GET"]}}],"collection":[{"href":"https:\/\/www.damarl.com\/es\/wp-json\/wp\/v2\/product"}],"about":[{"href":"https:\/\/www.damarl.com\/es\/wp-json\/wp\/v2\/types\/product"}],"wp:featuredmedia":[{"embeddable":true,"href":"https:\/\/www.damarl.com\/es\/wp-json\/wp\/v2\/media\/9696"}],"wp:attachment":[{"href":"https:\/\/www.damarl.com\/es\/wp-json\/wp\/v2\/media?parent=68"}],"wp:term":[{"taxonomy":"product_brand","embeddable":true,"href":"https:\/\/www.damarl.com\/es\/wp-json\/wp\/v2\/product_brand?post=68"},{"taxonomy":"product_cat","embeddable":true,"href":"https:\/\/www.damarl.com\/es\/wp-json\/wp\/v2\/product_cat?post=68"},{"taxonomy":"product_tag","embeddable":true,"href":"https:\/\/www.damarl.com\/es\/wp-json\/wp\/v2\/product_tag?post=68"}],"curies":[{"name":"wp","href":"https:\/\/api.w.org\/{rel}","templated":true}]}}