{"id":67,"date":"2023-03-31T10:50:19","date_gmt":"2023-03-31T10:50:19","guid":{"rendered":"https:\/\/webs.anubissolutions.es\/newdamarl\/producto\/maquina-de-carga-de-aire-acondicionado-semi-automatica-1234yf-daac2\/"},"modified":"2023-03-31T10:50:20","modified_gmt":"2023-03-31T10:50:20","slug":"maquina-de-carga-de-aire-acondicionado-semi-automatica-1234yf-daac2","status":"publish","type":"product","link":"https:\/\/www.damarl.com\/es\/producto\/maquina-de-carga-de-aire-acondicionado-semi-automatica-1234yf-daac2\/","title":{"rendered":"MAQUINA DE CARGA DE AIRE ACONDICIONADO SEMI AUTOM\u00c1TICA 1234YF &#8211; DAAC2"},"content":{"rendered":"\n<p><strong>Descripci\u00f3n:<\/strong><\/p>\n<p>\n\n<\/p>\n<p>Recicla el refrigerante del aire acondicionado del autom\u00f3vil.<br \/>Despu\u00e9s del tratamiento, el refrigerante reciclado cumple con el est\u00e1ndar SAE.<br \/>Separa y vac\u00eda el aceite del sistema de A \/ C<br \/>Inyecci\u00f3n de aceite del sistema de A \/ C controlado por v\u00e1lvula electromagn\u00e9tica<br \/>Elimina autom\u00e1ticamente los gases no condensables en el refrigerante.<br \/>La balanza electr\u00f3nica mide el refrigerante reciclado y recargado durante todo el proceso.<br \/>Proceso controlado por computador<br \/>El dise\u00f1o de la v\u00e1lvula electromagn\u00e9tica evita el da\u00f1o del flujo de l\u00edquido<br \/>Conexiones auto-sellantes r\u00e1pidas<br \/>Recordatorio autom\u00e1tico de la comprobaci\u00f3n de problemas<br \/>Recordatorio autom\u00e1tico de situaci\u00f3n actual de operaci\u00f3n<br \/>Recordatorio autom\u00e1tico del mantenimiento<\/p>\n<p><strong>Especificaciones:<\/strong><\/p>\n\n\n\n<p>Funciones: Recuperaci\u00f3n, recarga, vac\u00edo<br \/>Alimentaci\u00f3n: 1PH \/ 220V<br \/>Potencia del compresor: 1\/4HP<br \/>Potencia bomba de vac\u00edo: 180W<br \/>Balanza incluida<br \/>N\u00ba de man\u00f3metros: 2 (LP y HP)<br \/>Longitud de manguera: 2 m<br \/>Capacidad bomba de vaciado: 1.5 CFM<br \/>Peso total \/ Peso neto: 88 kg \/ 74 kg<\/p>\n\n\n\n\n\n<p><strong>Par\u00e1metros:<\/strong><\/p>\n\n\n\n<p>Velocidad de recuperaci\u00f3n 3g\/s<br \/>Velocidad de vac\u00edo 1.0L\/s<br \/>Velocidad de carga 18g\/s<br \/>Capacidad tanque de trabajo 10 kg<br \/>Capacidad filtro seco 60kg<br \/>Precisi\u00f3n \u00b110g<\/p>\n,https:\/\/webs.anubissolutions.es\/damarl\/wp-content\/uploads\/2022\/01\/AIRE-ACONDICIONADO-RECARGA-PARA-TALLER-DAAC1-SUMINISTROS-DAMA-DAMARL-PG64.pdf","protected":false},"excerpt":{"rendered":"<p>Descripci\u00f3n: Recicla el refrigerante del aire acondicionado del autom\u00f3vil.Despu\u00e9s del tratamiento, el refrigerante reciclado cumple con el est\u00e1ndar SAE.Separa y vac\u00eda el aceite del sistema de A \/ CInyecci\u00f3n de aceite del sistema de A \/ C controlado por v\u00e1lvula electromagn\u00e9ticaElimina autom\u00e1ticamente los gases no condensables en el refrigerante.La balanza electr\u00f3nica mide el refrigerante reciclado&#8230;<\/p>\n","protected":false},"featured_media":0,"template":"","meta":{"_acf_changed":false,"_kad_post_transparent":"","_kad_post_title":"","_kad_post_layout":"","_kad_post_sidebar_id":"","_kad_post_content_style":"","_kad_post_vertical_padding":"","_kad_post_feature":"","_kad_post_feature_position":"","_kad_post_header":false,"_kad_post_footer":false,"_kad_post_classname":""},"product_brand":[],"product_cat":[15],"product_tag":[],"class_list":{"0":"post-67","1":"product","2":"type-product","3":"status-publish","5":"product_cat-sin-categorizar","7":"first","8":"instock","9":"product-type-simple","10":"entry","11":"content-bg","12":"loop-entry"},"acf":[],"_links":{"self":[{"href":"https:\/\/www.damarl.com\/es\/wp-json\/wp\/v2\/product\/67","targetHints":{"allow":["GET"]}}],"collection":[{"href":"https:\/\/www.damarl.com\/es\/wp-json\/wp\/v2\/product"}],"about":[{"href":"https:\/\/www.damarl.com\/es\/wp-json\/wp\/v2\/types\/product"}],"wp:attachment":[{"href":"https:\/\/www.damarl.com\/es\/wp-json\/wp\/v2\/media?parent=67"}],"wp:term":[{"taxonomy":"product_brand","embeddable":true,"href":"https:\/\/www.damarl.com\/es\/wp-json\/wp\/v2\/product_brand?post=67"},{"taxonomy":"product_cat","embeddable":true,"href":"https:\/\/www.damarl.com\/es\/wp-json\/wp\/v2\/product_cat?post=67"},{"taxonomy":"product_tag","embeddable":true,"href":"https:\/\/www.damarl.com\/es\/wp-json\/wp\/v2\/product_tag?post=67"}],"curies":[{"name":"wp","href":"https:\/\/api.w.org\/{rel}","templated":true}]}}