{"id":6597,"date":"2024-06-10T07:31:28","date_gmt":"2024-06-10T07:31:28","guid":{"rendered":"https:\/\/www.damarl.com\/?post_type=product&#038;p=6597"},"modified":"2024-11-13T12:58:24","modified_gmt":"2024-11-13T12:58:24","slug":"generador-de-ozono-oz10-1-2","status":"publish","type":"product","link":"https:\/\/www.damarl.com\/es\/producto\/generador-de-ozono-oz10-1-2\/","title":{"rendered":"Generador de Ozono | OZ10-1"},"content":{"rendered":"\r\n<p><strong>Descripci\u00f3n:<\/strong><\/p>\r\n\r\n\r\n\r\n<ul>\r\n<li>El Ozono act\u00faa como un desinfectante y un antis\u00e9ptico, eliminando las bacterias, virus, olores, entre otros<\/li>\r\n<\/ul>\r\n\r\n\r\n\r\n<p><strong>Caracter\u00edsticas:<\/strong><\/p>\r\n\r\n\r\n\r\n<ul>\r\n<li>Salida de ozono: 10000 mg<\/li>\r\n<li>Potencia: 126 W<\/li>\r\n<li>Flujo de aire: 260 m3<\/li>\r\n<li>Tensi\u00f3n: 220v<\/li>\r\n<li>\u00c1rea de trabajo: 80 -120 m2<\/li>\r\n<li>Tiempo coche: 10 -15 mins<\/li>\r\n<li>Temporizador: 1-60 minutos<\/li>\r\n<li>Peso bruto: 3,8 kg \/ pcs<\/li>\r\n<li>Dimensiones: 323 * 162 * 184 mm<\/li>\r\n<li>Generador de ozono de aire comercial<\/li>\r\n<li>Prefiltro de la placa de ozono de por vida: 10000 h<\/li>\r\n<\/ul>\r\n<p>&nbsp;<\/p>\r\n\r\n\r\n\r\n<p>&nbsp;<\/p>\r\n","protected":false},"excerpt":{"rendered":"<p>Descripci\u00f3n: El Ozono act\u00faa como un desinfectante y un antis\u00e9ptico, eliminando las bacterias, virus, olores, entre otros Caracter\u00edsticas: Salida de ozono: 10000 mg Potencia: 126 W Flujo de aire: 260 m3 Tensi\u00f3n: 220v \u00c1rea de trabajo: 80 -120 m2 Tiempo coche: 10 -15 mins Temporizador: 1-60 minutos Peso bruto: 3,8 kg \/ pcs Dimensiones: 323&#8230;<\/p>\n","protected":false},"featured_media":3832,"template":"","meta":{"_acf_changed":false,"_kad_post_transparent":"default","_kad_post_title":"","_kad_post_layout":"default","_kad_post_sidebar_id":"","_kad_post_content_style":"default","_kad_post_vertical_padding":"default","_kad_post_feature":"","_kad_post_feature_position":"","_kad_post_header":false,"_kad_post_footer":false,"_kad_post_classname":""},"product_brand":[],"product_cat":[126,110,81],"product_tag":[],"class_list":{"0":"post-6597","1":"product","2":"type-product","3":"status-publish","4":"has-post-thumbnail","6":"product_cat-equipos-de-limpieza-ultrasonidos","7":"product_cat-equipos-especializados","8":"product_cat-maquinaria","10":"first","11":"instock","12":"product-type-simple","13":"entry","14":"content-bg","15":"loop-entry"},"acf":[],"_links":{"self":[{"href":"https:\/\/www.damarl.com\/es\/wp-json\/wp\/v2\/product\/6597","targetHints":{"allow":["GET"]}}],"collection":[{"href":"https:\/\/www.damarl.com\/es\/wp-json\/wp\/v2\/product"}],"about":[{"href":"https:\/\/www.damarl.com\/es\/wp-json\/wp\/v2\/types\/product"}],"wp:featuredmedia":[{"embeddable":true,"href":"https:\/\/www.damarl.com\/es\/wp-json\/wp\/v2\/media\/3832"}],"wp:attachment":[{"href":"https:\/\/www.damarl.com\/es\/wp-json\/wp\/v2\/media?parent=6597"}],"wp:term":[{"taxonomy":"product_brand","embeddable":true,"href":"https:\/\/www.damarl.com\/es\/wp-json\/wp\/v2\/product_brand?post=6597"},{"taxonomy":"product_cat","embeddable":true,"href":"https:\/\/www.damarl.com\/es\/wp-json\/wp\/v2\/product_cat?post=6597"},{"taxonomy":"product_tag","embeddable":true,"href":"https:\/\/www.damarl.com\/es\/wp-json\/wp\/v2\/product_tag?post=6597"}],"curies":[{"name":"wp","href":"https:\/\/api.w.org\/{rel}","templated":true}]}}