{"id":6592,"date":"2024-06-06T15:11:51","date_gmt":"2024-06-06T15:11:51","guid":{"rendered":"https:\/\/www.damarl.com\/?post_type=product&#038;p=6592"},"modified":"2024-10-11T07:51:21","modified_gmt":"2024-10-11T07:51:21","slug":"mesa-elevadora-electrohidraulica-dm1500","status":"publish","type":"product","link":"https:\/\/www.damarl.com\/es\/producto\/mesa-elevadora-electrohidraulica-dm1500\/","title":{"rendered":"Mesa Elevadora de Taller 1500 KG | DM1500"},"content":{"rendered":"\r\n<p><strong>Descripci\u00f3n:<\/strong><\/p>\r\n<ul>\r\n<li>Mesa elevadora m\u00f3vil<\/li>\r\n<li>Sistema de bloqueo mec\u00e1nico con accionamiento el\u00e9ctrico<\/li>\r\n<li>Micro final de carrera<\/li>\r\n<li>Plataforma equipada con ret\u00edcula de 10 cm con orificios para instalaci\u00f3n de accesorios<\/li>\r\n<li>Dise\u00f1ado para instalaci\u00f3n de bater\u00edas de veh\u00edculos el\u00e9ctricos, motores, transmisiones y suspensiones<\/li>\r\n<\/ul>\r\n<p><strong>Detalles:<\/strong><\/p>\r\n\r\n\r\n\r\n<ul>\r\n<li>Capacidad: 1500 kg<\/li>\r\n<li>Alimentaci\u00f3n: 230V\/50Hz\/1Ph\/0,75Kw<\/li>\r\n<li>Rango de elevaci\u00f3n: 570 \u2013 1920 mm<\/li>\r\n<li>Dimensi\u00f3n: 900 \u2013 1680 mm<\/li>\r\n<li>Peso: 565 Kg<\/li>\r\n<\/ul>\r\n\r\n<p>&nbsp;<\/p>","protected":false},"excerpt":{"rendered":"<p>Descripci\u00f3n: Mesa elevadora m\u00f3vil Sistema de bloqueo mec\u00e1nico con accionamiento el\u00e9ctrico Micro final de carrera Plataforma equipada con ret\u00edcula de 10 cm con orificios para instalaci\u00f3n de accesorios Dise\u00f1ado para instalaci\u00f3n de bater\u00edas de veh\u00edculos el\u00e9ctricos, motores, transmisiones y suspensiones Detalles: Capacidad: 1500 kg Alimentaci\u00f3n: 230V\/50Hz\/1Ph\/0,75Kw Rango de elevaci\u00f3n: 570 \u2013 1920 mm Dimensi\u00f3n: 900&#8230;<\/p>\n","protected":false},"featured_media":6593,"template":"","meta":{"_acf_changed":false,"_kad_post_transparent":"default","_kad_post_title":"","_kad_post_layout":"default","_kad_post_sidebar_id":"","_kad_post_content_style":"default","_kad_post_vertical_padding":"default","_kad_post_feature":"","_kad_post_feature_position":"","_kad_post_header":false,"_kad_post_footer":false,"_kad_post_classname":""},"product_brand":[],"product_cat":[81,109,123],"product_tag":[],"class_list":{"0":"post-6592","1":"product","2":"type-product","3":"status-publish","4":"has-post-thumbnail","6":"product_cat-maquinaria","7":"product_cat-elevadores","8":"product_cat-elevadores-de-tijera","10":"first","11":"instock","12":"product-type-simple","13":"entry","14":"content-bg","15":"loop-entry"},"acf":[],"_links":{"self":[{"href":"https:\/\/www.damarl.com\/es\/wp-json\/wp\/v2\/product\/6592","targetHints":{"allow":["GET"]}}],"collection":[{"href":"https:\/\/www.damarl.com\/es\/wp-json\/wp\/v2\/product"}],"about":[{"href":"https:\/\/www.damarl.com\/es\/wp-json\/wp\/v2\/types\/product"}],"wp:featuredmedia":[{"embeddable":true,"href":"https:\/\/www.damarl.com\/es\/wp-json\/wp\/v2\/media\/6593"}],"wp:attachment":[{"href":"https:\/\/www.damarl.com\/es\/wp-json\/wp\/v2\/media?parent=6592"}],"wp:term":[{"taxonomy":"product_brand","embeddable":true,"href":"https:\/\/www.damarl.com\/es\/wp-json\/wp\/v2\/product_brand?post=6592"},{"taxonomy":"product_cat","embeddable":true,"href":"https:\/\/www.damarl.com\/es\/wp-json\/wp\/v2\/product_cat?post=6592"},{"taxonomy":"product_tag","embeddable":true,"href":"https:\/\/www.damarl.com\/es\/wp-json\/wp\/v2\/product_tag?post=6592"}],"curies":[{"name":"wp","href":"https:\/\/api.w.org\/{rel}","templated":true}]}}