{"id":6471,"date":"2024-05-29T15:08:50","date_gmt":"2024-05-29T15:08:50","guid":{"rendered":"https:\/\/www.damarl.com\/?post_type=product&#038;p=6471"},"modified":"2024-10-22T15:26:58","modified_gmt":"2024-10-22T15:26:58","slug":"elevador-4-columnas-para-taller-dm5-5140","status":"publish","type":"product","link":"https:\/\/www.damarl.com\/es\/producto\/elevador-4-columnas-para-taller-dm5-5140\/","title":{"rendered":"Elevador 4 Columnas 5T | DM5.5140"},"content":{"rendered":"\r\n<p><strong>Descripci\u00f3n:<\/strong><\/p>\r\n<p>\r\n\r\n<\/p>\r\n<ul>\r\n<li>Electrohidr\u00e1ulico<\/li>\r\n<li>Equipado para alineaci\u00f3n<\/li>\r\n<li>Placas traseras pivotantes<\/li>\r\n<li>Placas ajustables para platos de alineaci\u00f3n<\/li>\r\n<li>Electrov\u00e1lvula de bajada<\/li>\r\n<li>Sistema de bloqueo electro-neum\u00e1tico<\/li>\r\n<li>Micros de seguridad de cables<\/li>\r\n<li>Micros de final de carrera<\/li>\r\n<\/ul>\r\n<p><strong>Datos t\u00e9cnicos:<\/strong><\/p>\r\n<p>\r\n\r\n<\/p>\r\n<ul>\r\n<li>Capacidad m\u00e1xima: 5000 kg<\/li>\r\n<li>Elevaci\u00f3n m\u00e1xima: 1900 mm<\/li>\r\n<li>Tiempo de subida y bajada: 120 s<\/li>\r\n<li>Altura: 2369 mm<\/li>\r\n<li>Ancho: 3204 mm<\/li>\r\n<li>Peso total: 1350 kg<\/li>\r\n<li>Alimentaci\u00f3n: 2.2 KW \/ 400 V \/ 3 PH \/ 50 Hz\u00a0<\/li>\r\n<\/ul>\r\n<p>&nbsp;<\/p>\r\n","protected":false},"excerpt":{"rendered":"<p>Descripci\u00f3n: Electrohidr\u00e1ulico Equipado para alineaci\u00f3n Placas traseras pivotantes Placas ajustables para platos de alineaci\u00f3n Electrov\u00e1lvula de bajada Sistema de bloqueo electro-neum\u00e1tico Micros de seguridad de cables Micros de final de carrera Datos t\u00e9cnicos: Capacidad m\u00e1xima: 5000 kg Elevaci\u00f3n m\u00e1xima: 1900 mm Tiempo de subida y bajada: 120 s Altura: 2369 mm Ancho: 3204 mm Peso&#8230;<\/p>\n","protected":false},"featured_media":6472,"template":"","meta":{"_acf_changed":false,"_kad_post_transparent":"default","_kad_post_title":"","_kad_post_layout":"default","_kad_post_sidebar_id":"","_kad_post_content_style":"default","_kad_post_vertical_padding":"default","_kad_post_feature":"","_kad_post_feature_position":"","_kad_post_header":false,"_kad_post_footer":false,"_kad_post_classname":""},"product_brand":[],"product_cat":[109,120,117,81],"product_tag":[],"class_list":{"0":"post-6471","1":"product","2":"type-product","3":"status-publish","4":"has-post-thumbnail","6":"product_cat-elevadores","7":"product_cat-elevadores-de-4-columnas","8":"product_cat-elevadores-de-taller","9":"product_cat-maquinaria","11":"first","12":"instock","13":"product-type-simple","14":"entry","15":"content-bg","16":"loop-entry"},"acf":[],"_links":{"self":[{"href":"https:\/\/www.damarl.com\/es\/wp-json\/wp\/v2\/product\/6471","targetHints":{"allow":["GET"]}}],"collection":[{"href":"https:\/\/www.damarl.com\/es\/wp-json\/wp\/v2\/product"}],"about":[{"href":"https:\/\/www.damarl.com\/es\/wp-json\/wp\/v2\/types\/product"}],"wp:featuredmedia":[{"embeddable":true,"href":"https:\/\/www.damarl.com\/es\/wp-json\/wp\/v2\/media\/6472"}],"wp:attachment":[{"href":"https:\/\/www.damarl.com\/es\/wp-json\/wp\/v2\/media?parent=6471"}],"wp:term":[{"taxonomy":"product_brand","embeddable":true,"href":"https:\/\/www.damarl.com\/es\/wp-json\/wp\/v2\/product_brand?post=6471"},{"taxonomy":"product_cat","embeddable":true,"href":"https:\/\/www.damarl.com\/es\/wp-json\/wp\/v2\/product_cat?post=6471"},{"taxonomy":"product_tag","embeddable":true,"href":"https:\/\/www.damarl.com\/es\/wp-json\/wp\/v2\/product_tag?post=6471"}],"curies":[{"name":"wp","href":"https:\/\/api.w.org\/{rel}","templated":true}]}}