{"id":62,"date":"2023-03-31T10:50:19","date_gmt":"2023-03-31T10:50:19","guid":{"rendered":"https:\/\/webs.anubissolutions.es\/newdamarl\/producto\/equilibradora-de-ruedas-dmb460\/"},"modified":"2024-11-13T09:57:30","modified_gmt":"2024-11-13T09:57:30","slug":"equilibradora-de-ruedas-semi-industrial-dmb460","status":"publish","type":"product","link":"https:\/\/www.damarl.com\/es\/producto\/equilibradora-de-ruedas-semi-industrial-dmb460\/","title":{"rendered":"Equilibradora de Ruedas Semi Industrial |  DMB460"},"content":{"rendered":"\r\n\r\n\r\n<p><strong>Descripci\u00f3n:<\/strong><\/p>\r\n<p>\r\n\r\n<\/p>\r\n<ul>\r\n<li>Modo coche y modo cami\u00f3n<\/li>\r\n<li>Peso de desequilibrio en m\u00faltiplos de 5 \u00f3 10 g<\/li>\r\n<li>3 modos de equilibrado para llantas de aluminio<\/li>\r\n<li>Modo de equilibrado para llantas de acero<\/li>\r\n<li>Equipado de elevador de ruedas<\/li>\r\n<li>Funci\u00f3n plomo oculto para llantas de aluminio<\/li>\r\n<li>Pedal de freno<\/li>\r\n<\/ul>\r\n<p><strong>Caracter\u00edsticas T\u00e9cnicas:<\/strong><\/p>\r\n<ul>\r\n<li>Velocidad de giro: 200 rpm<\/li>\r\n<li>Tiempo de equilibrado: 10 s<\/li>\r\n<li>Precisi\u00f3n: +- 1 g \/ +-5 g<\/li>\r\n<li>Di\u00e1metro de eje: 42 mm<\/li>\r\n<li>Di\u00e1metro de llantas: 10&#8243; &#8211; 24&#8243;<\/li>\r\n<li>Di\u00e1metro m\u00e1x. de rueda: 1200 mm<\/li>\r\n<li>Ancho de Rueda: 1,5&#8243; &#8211; 20&#8243;<\/li>\r\n<li>Alimentaci\u00f3n: 230V\/1Ph\/50Hz\/0.25kW<\/li>\r\n<li>Peso m\u00e1ximo de la rueda: 200 kg<\/li>\r\n<li>Peso: 312 kg<\/li>\r\n<\/ul>\r\n","protected":false},"excerpt":{"rendered":"<p>Descripci\u00f3n: Modo coche y modo cami\u00f3n Peso de desequilibrio en m\u00faltiplos de 5 \u00f3 10 g 3 modos de equilibrado para llantas de aluminio Modo de equilibrado para llantas de acero Equipado de elevador de ruedas Funci\u00f3n plomo oculto para llantas de aluminio Pedal de freno Caracter\u00edsticas T\u00e9cnicas: Velocidad de giro: 200 rpm Tiempo de&#8230;<\/p>\n","protected":false},"featured_media":4362,"template":"","meta":{"_acf_changed":false,"_kad_post_transparent":"default","_kad_post_title":"","_kad_post_layout":"default","_kad_post_sidebar_id":"","_kad_post_content_style":"default","_kad_post_vertical_padding":"default","_kad_post_feature":"","_kad_post_feature_position":"","_kad_post_header":false,"_kad_post_footer":false,"_kad_post_classname":""},"product_brand":[],"product_cat":[81,135,139,111],"product_tag":[],"class_list":{"0":"post-62","1":"product","2":"type-product","3":"status-publish","4":"has-post-thumbnail","6":"product_cat-maquinaria","7":"product_cat-equilibradoras","8":"product_cat-equilibradoras-semi-industriales","9":"product_cat-maquinaria-de-ruedas","11":"first","12":"instock","13":"product-type-simple","14":"entry","15":"content-bg","16":"loop-entry"},"acf":[],"_links":{"self":[{"href":"https:\/\/www.damarl.com\/es\/wp-json\/wp\/v2\/product\/62","targetHints":{"allow":["GET"]}}],"collection":[{"href":"https:\/\/www.damarl.com\/es\/wp-json\/wp\/v2\/product"}],"about":[{"href":"https:\/\/www.damarl.com\/es\/wp-json\/wp\/v2\/types\/product"}],"wp:featuredmedia":[{"embeddable":true,"href":"https:\/\/www.damarl.com\/es\/wp-json\/wp\/v2\/media\/4362"}],"wp:attachment":[{"href":"https:\/\/www.damarl.com\/es\/wp-json\/wp\/v2\/media?parent=62"}],"wp:term":[{"taxonomy":"product_brand","embeddable":true,"href":"https:\/\/www.damarl.com\/es\/wp-json\/wp\/v2\/product_brand?post=62"},{"taxonomy":"product_cat","embeddable":true,"href":"https:\/\/www.damarl.com\/es\/wp-json\/wp\/v2\/product_cat?post=62"},{"taxonomy":"product_tag","embeddable":true,"href":"https:\/\/www.damarl.com\/es\/wp-json\/wp\/v2\/product_tag?post=62"}],"curies":[{"name":"wp","href":"https:\/\/api.w.org\/{rel}","templated":true}]}}