{"id":60,"date":"2023-03-31T10:50:19","date_gmt":"2023-03-31T10:50:19","guid":{"rendered":"https:\/\/webs.anubissolutions.es\/newdamarl\/producto\/equilibradora-de-ruedas-dmb68\/"},"modified":"2024-11-13T09:48:06","modified_gmt":"2024-11-13T09:48:06","slug":"equilibradora-de-ruedas-automatica-dmb68","status":"publish","type":"product","link":"https:\/\/www.damarl.com\/es\/producto\/equilibradora-de-ruedas-automatica-dmb68\/","title":{"rendered":"Equilibradora de Ruedas Autom\u00e1tica | DMB68"},"content":{"rendered":"\r\n\r\n\r\n<p><strong>Descripci\u00f3n:<\/strong><\/p>\r\n\r\n\r\n\r\n<ul>\r\n<li>5 Programas para llantas de aluminio y 2 programas para ALU-S<\/li>\r\n<li>Autocalibrado<\/li>\r\n<li>Toma de medidas autom\u00e1tica<\/li>\r\n<li>Palpador externo, medida de ancho autom\u00e1tica<\/li>\r\n<li>Funci\u00f3n plomo oculto<\/li>\r\n<li>Indicadores LED<\/li>\r\n<li>Modo ahorro de energ\u00eda. Funci\u00f3n sleep<\/li>\r\n<li>B\u00fasqueda autom\u00e1tica del punto de desequilibrio<\/li>\r\n<li>Freno autom\u00e1tico<\/li>\r\n<\/ul>\r\n<p><strong>Caracter\u00edsticas T\u00e9cnicas:<\/strong><\/p>\r\n<ul>\r\n<li>Velocidad de giro: 200 rpm<\/li>\r\n<li>Tiempo de equilibrado: 7 s<\/li>\r\n<li>Precisi\u00f3n: +- 1 g \/ +-5 g<\/li>\r\n<li>Di\u00e1metro de eje: 40 mm<\/li>\r\n<li>Di\u00e1metro de llantas: 10&#8243; &#8211; 28&#8243;<\/li>\r\n<li>Di\u00e1metro m\u00e1x. de rueda: 1118 mm<\/li>\r\n<li>Ancho de Rueda: 1,5&#8243; &#8211; 20&#8243;<\/li>\r\n<li>Alimentaci\u00f3n: 230V\/1Ph\/50Hz\/0.25kW<\/li>\r\n<li>Peso m\u00e1ximo de la rueda: 70kg<\/li>\r\n<li>Peso: 132 kg<\/li>\r\n<\/ul>\r\n\r\n\r\n","protected":false},"excerpt":{"rendered":"<p>Descripci\u00f3n: 5 Programas para llantas de aluminio y 2 programas para ALU-S Autocalibrado Toma de medidas autom\u00e1tica Palpador externo, medida de ancho autom\u00e1tica Funci\u00f3n plomo oculto Indicadores LED Modo ahorro de energ\u00eda. Funci\u00f3n sleep B\u00fasqueda autom\u00e1tica del punto de desequilibrio Freno autom\u00e1tico Caracter\u00edsticas T\u00e9cnicas: Velocidad de giro: 200 rpm Tiempo de equilibrado: 7 s Precisi\u00f3n:&#8230;<\/p>\n","protected":false},"featured_media":4357,"template":"","meta":{"_acf_changed":false,"_kad_post_transparent":"default","_kad_post_title":"","_kad_post_layout":"default","_kad_post_sidebar_id":"","_kad_post_content_style":"default","_kad_post_vertical_padding":"default","_kad_post_feature":"","_kad_post_feature_position":"","_kad_post_header":false,"_kad_post_footer":false,"_kad_post_classname":""},"product_brand":[],"product_cat":[81,135,136,138,111],"product_tag":[],"class_list":{"0":"post-60","1":"product","2":"type-product","3":"status-publish","4":"has-post-thumbnail","6":"product_cat-maquinaria","7":"product_cat-equilibradoras","8":"product_cat-equilibradoras-automaticas","9":"product_cat-equilibradoras-semi-automaticas","10":"product_cat-maquinaria-de-ruedas","12":"first","13":"instock","14":"product-type-simple","15":"entry","16":"content-bg","17":"loop-entry"},"acf":[],"_links":{"self":[{"href":"https:\/\/www.damarl.com\/es\/wp-json\/wp\/v2\/product\/60","targetHints":{"allow":["GET"]}}],"collection":[{"href":"https:\/\/www.damarl.com\/es\/wp-json\/wp\/v2\/product"}],"about":[{"href":"https:\/\/www.damarl.com\/es\/wp-json\/wp\/v2\/types\/product"}],"wp:featuredmedia":[{"embeddable":true,"href":"https:\/\/www.damarl.com\/es\/wp-json\/wp\/v2\/media\/4357"}],"wp:attachment":[{"href":"https:\/\/www.damarl.com\/es\/wp-json\/wp\/v2\/media?parent=60"}],"wp:term":[{"taxonomy":"product_brand","embeddable":true,"href":"https:\/\/www.damarl.com\/es\/wp-json\/wp\/v2\/product_brand?post=60"},{"taxonomy":"product_cat","embeddable":true,"href":"https:\/\/www.damarl.com\/es\/wp-json\/wp\/v2\/product_cat?post=60"},{"taxonomy":"product_tag","embeddable":true,"href":"https:\/\/www.damarl.com\/es\/wp-json\/wp\/v2\/product_tag?post=60"}],"curies":[{"name":"wp","href":"https:\/\/api.w.org\/{rel}","templated":true}]}}