{"id":56,"date":"2023-03-31T10:50:19","date_gmt":"2023-03-31T10:50:19","guid":{"rendered":"https:\/\/webs.anubissolutions.es\/newdamarl\/producto\/desmontadora-de-ruedas-dm590\/"},"modified":"2025-03-10T14:51:28","modified_gmt":"2025-03-10T14:51:28","slug":"desmontadora-de-ruedas-dm590","status":"publish","type":"product","link":"https:\/\/www.damarl.com\/es\/producto\/desmontadora-de-ruedas-dm590\/","title":{"rendered":"Desmontadora de Ruedas Industrial | DM590"},"content":{"rendered":"\r\n<p><strong>Datos T\u00e9cnicos: <\/strong><\/p>\r\n\r\n\r\n\r\n<ul>\r\n<li>Ancho de rueda: 1000 mm<\/li>\r\n<li>Ruedas (desde el interior): 14&#8243;-46&#8243;<\/li>\r\n<li>Ruedas (desde el interior con extensiones: 46&#8243; &#8211; 56&#8243;)<\/li>\r\n<li>Di\u00e1metro m\u00e1x. rueda: 2300 mm<\/li>\r\n<li>Alimentaci\u00f3n: 400V\/3ph\/50Hz<\/li>\r\n<li>Presi\u00f3n neum\u00e1tica de trabajo: 130 -150 bar<\/li>\r\n<li>Fuerza de destalonado: 3000 kg<\/li>\r\n<li>Peso Neto: 1252 kg<\/li>\r\n<\/ul>\r\n\r\n\r\n\r\n<p><strong>Descripci\u00f3n:<\/strong><\/p>\r\n\r\n\r\n\r\n<ul>\r\n<li>Desmontadora electrohidr\u00e1ulica para ruedas de veh\u00edculos de peso pesado: cami\u00f3n, autob\u00fas, veh\u00edculos industriales y agr\u00edcolas<\/li>\r\n<li>Motor con doble velocidad de rotaci\u00f3n<\/li>\r\n<li>Mando m\u00f3vil para trabajar desde cualquier posici\u00f3n<\/li>\r\n<li>Garras de 3 posiciones<\/li>\r\n<li>Capacidad para llantas de 14\u201d \u2013 46\u201d con extensiones hasta 56\u201d<\/li>\r\n<\/ul>\r\n<p><strong>Accesorios incluidos:<\/strong><\/p>\r\n<p>\r\n\r\n<\/p>\r\n<ul>\r\n<li>Barra desmontadora largo<\/li>\r\n<li>Barra desmontadora de 20&#8243;<\/li>\r\n<li>Barra desmontadora 24&#8243;<\/li>\r\n<li>Mordaza<\/li>\r\n<li>Protector desmontable de 24&#8243;<\/li>\r\n<li>Protector desmontable de 20&#8243;<\/li>\r\n<li>Brocha<\/li>\r\n<li>Extensiones<\/li>\r\n<li>Set de protectores para llantas de aluminio<\/li>\r\n<\/ul>\r\n","protected":false},"excerpt":{"rendered":"<p>Datos T\u00e9cnicos: Ancho de rueda: 1000 mm Ruedas (desde el interior): 14&#8243;-46&#8243; Ruedas (desde el interior con extensiones: 46&#8243; &#8211; 56&#8243;) Di\u00e1metro m\u00e1x. rueda: 2300 mm Alimentaci\u00f3n: 400V\/3ph\/50Hz Presi\u00f3n neum\u00e1tica de trabajo: 130 -150 bar Fuerza de destalonado: 3000 kg Peso Neto: 1252 kg Descripci\u00f3n: Desmontadora electrohidr\u00e1ulica para ruedas de veh\u00edculos de peso pesado: cami\u00f3n,&#8230;<\/p>\n","protected":false},"featured_media":5864,"template":"","meta":{"_acf_changed":false,"_kad_post_transparent":"default","_kad_post_title":"","_kad_post_layout":"default","_kad_post_sidebar_id":"","_kad_post_content_style":"default","_kad_post_vertical_padding":"default","_kad_post_feature":"","_kad_post_feature_position":"","_kad_post_header":false,"_kad_post_footer":false,"_kad_post_classname":""},"product_brand":[],"product_cat":[15,133,111],"product_tag":[],"class_list":{"0":"post-56","1":"product","2":"type-product","3":"status-publish","4":"has-post-thumbnail","6":"product_cat-sin-categorizar","7":"product_cat-desmontadoras-industriales","8":"product_cat-maquinaria-de-ruedas","10":"first","11":"instock","12":"product-type-simple","13":"entry","14":"content-bg","15":"loop-entry"},"acf":[],"_links":{"self":[{"href":"https:\/\/www.damarl.com\/es\/wp-json\/wp\/v2\/product\/56","targetHints":{"allow":["GET"]}}],"collection":[{"href":"https:\/\/www.damarl.com\/es\/wp-json\/wp\/v2\/product"}],"about":[{"href":"https:\/\/www.damarl.com\/es\/wp-json\/wp\/v2\/types\/product"}],"wp:featuredmedia":[{"embeddable":true,"href":"https:\/\/www.damarl.com\/es\/wp-json\/wp\/v2\/media\/5864"}],"wp:attachment":[{"href":"https:\/\/www.damarl.com\/es\/wp-json\/wp\/v2\/media?parent=56"}],"wp:term":[{"taxonomy":"product_brand","embeddable":true,"href":"https:\/\/www.damarl.com\/es\/wp-json\/wp\/v2\/product_brand?post=56"},{"taxonomy":"product_cat","embeddable":true,"href":"https:\/\/www.damarl.com\/es\/wp-json\/wp\/v2\/product_cat?post=56"},{"taxonomy":"product_tag","embeddable":true,"href":"https:\/\/www.damarl.com\/es\/wp-json\/wp\/v2\/product_tag?post=56"}],"curies":[{"name":"wp","href":"https:\/\/api.w.org\/{rel}","templated":true}]}}