{"id":55,"date":"2023-03-31T10:50:16","date_gmt":"2023-03-31T10:50:16","guid":{"rendered":"https:\/\/webs.anubissolutions.es\/newdamarl\/producto\/desmontadora-de-ruedas-dm190\/"},"modified":"2024-11-12T09:35:55","modified_gmt":"2024-11-12T09:35:55","slug":"desmontadora-de-ruedas-dm190","status":"publish","type":"product","link":"https:\/\/www.damarl.com\/es\/producto\/desmontadora-de-ruedas-dm190\/","title":{"rendered":"Desmontadora de Ruedas Semi-Autom\u00e1tica | DM190"},"content":{"rendered":"\r\n<p><strong>Dotaci\u00f3n Est\u00e1ndar:<\/strong><\/p>\r\n<p>\r\n\r\n<\/p>\r\n<ul>\r\n<li>Filtro regulador aire \/ aceite<\/li>\r\n<li>Pistola de inflado (con man\u00f3metro)<\/li>\r\n<li>Barra para desmontaje de neum\u00e1tico<\/li>\r\n<li>Cubo para jab\u00f3n<\/li>\r\n<li>Protecciones de pl\u00e1stico para la u\u00f1a desmontadora \/ garras<\/li>\r\n<\/ul>\r\n<p><strong>Datos T\u00e9cnicos: <\/strong><\/p>\r\n<p>\r\n\r\n<\/p>\r\n<ul>\r\n<li>Ancho de rueda: 3&#8243;-12&#8243;<\/li>\r\n<li>Ruedas (desde el interior): 12&#8243;-21&#8243;<\/li>\r\n<li>Ruedas (desde el exterior): 10&#8243;-18&#8243;<\/li>\r\n<li>Di\u00e1metro m\u00e1x. rueda: 960 mm<\/li>\r\n<li>Alimentaci\u00f3n: 230V\/1ph\/1.1KW\/50Hz<\/li>\r\n<li>Presi\u00f3n neum\u00e1tica de trabajo: 8 -10 bar<\/li>\r\n<li>Fuerza de destalonado: 2500 kg<\/li>\r\n<li>Peso Neto: 179 kg<\/li>\r\n<\/ul>","protected":false},"excerpt":{"rendered":"<p>Dotaci\u00f3n Est\u00e1ndar: Filtro regulador aire \/ aceite Pistola de inflado (con man\u00f3metro) Barra para desmontaje de neum\u00e1tico Cubo para jab\u00f3n Protecciones de pl\u00e1stico para la u\u00f1a desmontadora \/ garras Datos T\u00e9cnicos: Ancho de rueda: 3&#8243;-12&#8243; Ruedas (desde el interior): 12&#8243;-21&#8243; Ruedas (desde el exterior): 10&#8243;-18&#8243; Di\u00e1metro m\u00e1x. rueda: 960 mm Alimentaci\u00f3n: 230V\/1ph\/1.1KW\/50Hz Presi\u00f3n neum\u00e1tica de&#8230;<\/p>\n","protected":false},"featured_media":4339,"template":"","meta":{"_acf_changed":false,"_kad_post_transparent":"default","_kad_post_title":"","_kad_post_layout":"default","_kad_post_sidebar_id":"","_kad_post_content_style":"default","_kad_post_vertical_padding":"default","_kad_post_feature":"","_kad_post_feature_position":"","_kad_post_header":false,"_kad_post_footer":false,"_kad_post_classname":""},"product_brand":[],"product_cat":[15,131,134,111],"product_tag":[],"class_list":{"0":"post-55","1":"product","2":"type-product","3":"status-publish","4":"has-post-thumbnail","6":"product_cat-sin-categorizar","7":"product_cat-desmontadoras","8":"product_cat-desmontadoras-semiautomaticas","9":"product_cat-maquinaria-de-ruedas","11":"first","12":"instock","13":"product-type-simple","14":"entry","15":"content-bg","16":"loop-entry"},"acf":[],"_links":{"self":[{"href":"https:\/\/www.damarl.com\/es\/wp-json\/wp\/v2\/product\/55","targetHints":{"allow":["GET"]}}],"collection":[{"href":"https:\/\/www.damarl.com\/es\/wp-json\/wp\/v2\/product"}],"about":[{"href":"https:\/\/www.damarl.com\/es\/wp-json\/wp\/v2\/types\/product"}],"wp:featuredmedia":[{"embeddable":true,"href":"https:\/\/www.damarl.com\/es\/wp-json\/wp\/v2\/media\/4339"}],"wp:attachment":[{"href":"https:\/\/www.damarl.com\/es\/wp-json\/wp\/v2\/media?parent=55"}],"wp:term":[{"taxonomy":"product_brand","embeddable":true,"href":"https:\/\/www.damarl.com\/es\/wp-json\/wp\/v2\/product_brand?post=55"},{"taxonomy":"product_cat","embeddable":true,"href":"https:\/\/www.damarl.com\/es\/wp-json\/wp\/v2\/product_cat?post=55"},{"taxonomy":"product_tag","embeddable":true,"href":"https:\/\/www.damarl.com\/es\/wp-json\/wp\/v2\/product_tag?post=55"}],"curies":[{"name":"wp","href":"https:\/\/api.w.org\/{rel}","templated":true}]}}