{"id":53,"date":"2023-03-31T10:50:16","date_gmt":"2023-03-31T10:50:16","guid":{"rendered":"https:\/\/webs.anubissolutions.es\/newdamarl\/producto\/desmontadora-de-ruedas-dm185tid2\/"},"modified":"2024-11-12T09:37:18","modified_gmt":"2024-11-12T09:37:18","slug":"desmontadora-de-ruedas-dm185tid2","status":"publish","type":"product","link":"https:\/\/www.damarl.com\/es\/producto\/desmontadora-de-ruedas-dm185tid2\/","title":{"rendered":"Desmontadora de Ruedas Autom\u00e1tica | DM185TID2"},"content":{"rendered":"\r\n<p><strong>Dotaci\u00f3n est\u00e1ndar:<\/strong><\/p>\r\n<p><b>\r\n\r\n<\/b><\/p>\r\n<ul>\r\n<li>Filtro regulador aire \/ aceite<\/li>\r\n<li>Pistola de inflado con man\u00f3metro<\/li>\r\n<li>Barra para desmontaje de neum\u00e1tico<\/li>\r\n<li>Cubo para jab\u00f3n<\/li>\r\n<li>Sistema de 4 garras de sujeci\u00f3n auto-centrante<\/li>\r\n<li>Protector pl\u00e1stico de garras y u\u00f1a incluidos<\/li>\r\n<li>Columna vertical de retroceso basculante autom\u00e1tica<\/li>\r\n<li>Tanque inflador<\/li>\r\n<li>Desmontadora 400V: 2 velocidades<\/li>\r\n<li>Pedales redondeados antiatrapamiento<\/li>\r\n<\/ul>\r\n<p><strong>Datos T\u00e9cnicos: <\/strong><\/p>\r\n\r\n\r\n\r\n<ul>\r\n<li>Ancho de rueda: 3&#8243;-13&#8243;<\/li>\r\n<li>Ruedas (desde el interior): 14&#8243;-25&#8243;<\/li>\r\n<li>Ruedas (desde el exterior): 12&#8243;-22&#8243;<\/li>\r\n<li>Di\u00e1metro m\u00e1x. rueda: 1120 mm<\/li>\r\n<li>Alimentaci\u00f3n: 400V\/3ph\/1.1 KW \/ 0.75 KW\/50Hz &#8211; 230V\/1ph\/1.1KW\/50Hz<\/li>\r\n<li>Presi\u00f3n neum\u00e1tica de trabajo: 8 -10 bar<\/li>\r\n<li>Fuerza de destalonado: 3200 kg<\/li>\r\n<li>Peso Neto: 297 kg<\/li>\r\n<\/ul>\r\n\r\n\r\n\r\n\r\n","protected":false},"excerpt":{"rendered":"<p>Dotaci\u00f3n est\u00e1ndar: Filtro regulador aire \/ aceite Pistola de inflado con man\u00f3metro Barra para desmontaje de neum\u00e1tico Cubo para jab\u00f3n Sistema de 4 garras de sujeci\u00f3n auto-centrante Protector pl\u00e1stico de garras y u\u00f1a incluidos Columna vertical de retroceso basculante autom\u00e1tica Tanque inflador Desmontadora 400V: 2 velocidades Pedales redondeados antiatrapamiento Datos T\u00e9cnicos: Ancho de rueda: 3&#8243;-13&#8243;&#8230;<\/p>\n","protected":false},"featured_media":4334,"template":"","meta":{"_acf_changed":false,"_kad_post_transparent":"default","_kad_post_title":"","_kad_post_layout":"default","_kad_post_sidebar_id":"","_kad_post_content_style":"default","_kad_post_vertical_padding":"default","_kad_post_feature":"","_kad_post_feature_position":"","_kad_post_header":false,"_kad_post_footer":false,"_kad_post_classname":""},"product_brand":[],"product_cat":[81,131,132,111],"product_tag":[],"class_list":{"0":"post-53","1":"product","2":"type-product","3":"status-publish","4":"has-post-thumbnail","6":"product_cat-maquinaria","7":"product_cat-desmontadoras","8":"product_cat-desmontadoras-automaticas","9":"product_cat-maquinaria-de-ruedas","11":"first","12":"instock","13":"product-type-simple","14":"entry","15":"content-bg","16":"loop-entry"},"acf":[],"_links":{"self":[{"href":"https:\/\/www.damarl.com\/es\/wp-json\/wp\/v2\/product\/53","targetHints":{"allow":["GET"]}}],"collection":[{"href":"https:\/\/www.damarl.com\/es\/wp-json\/wp\/v2\/product"}],"about":[{"href":"https:\/\/www.damarl.com\/es\/wp-json\/wp\/v2\/types\/product"}],"wp:featuredmedia":[{"embeddable":true,"href":"https:\/\/www.damarl.com\/es\/wp-json\/wp\/v2\/media\/4334"}],"wp:attachment":[{"href":"https:\/\/www.damarl.com\/es\/wp-json\/wp\/v2\/media?parent=53"}],"wp:term":[{"taxonomy":"product_brand","embeddable":true,"href":"https:\/\/www.damarl.com\/es\/wp-json\/wp\/v2\/product_brand?post=53"},{"taxonomy":"product_cat","embeddable":true,"href":"https:\/\/www.damarl.com\/es\/wp-json\/wp\/v2\/product_cat?post=53"},{"taxonomy":"product_tag","embeddable":true,"href":"https:\/\/www.damarl.com\/es\/wp-json\/wp\/v2\/product_tag?post=53"}],"curies":[{"name":"wp","href":"https:\/\/api.w.org\/{rel}","templated":true}]}}