{"id":49,"date":"2023-03-31T10:50:16","date_gmt":"2023-03-31T10:50:16","guid":{"rendered":"https:\/\/webs.anubissolutions.es\/newdamarl\/producto\/elevador-de-tijera-movil-para-taller-dm2-8t\/"},"modified":"2025-03-06T15:01:49","modified_gmt":"2025-03-06T15:01:49","slug":"elevador-tijera-movil-para-taller-dm2-8t","status":"publish","type":"product","link":"https:\/\/www.damarl.com\/es\/producto\/elevador-tijera-movil-para-taller-dm2-8t\/","title":{"rendered":"Elevador Tijera M\u00f3vil 2.8T | DM2.8T"},"content":{"rendered":"\r\n<p>Elevador de tijera para instalaci\u00f3n en superficie para taller de 2,8 Toneladas. Elevador tijera m\u00f3vil de coches monof\u00e1sico<\/p>\r\n<ul>\r\n<li>Elevador m\u00f3vil para carrocero<\/li>\r\n<li>Equipado con kit m\u00f3vil<\/li>\r\n<li>Brazos m\u00f3viles de apoyo<\/li>\r\n<li>Sistema de desbloqueo el\u00e9ctrico<\/li>\r\n<li>Micro interruptor final de carrera<\/li>\r\n<li>No requiere instalaci\u00f3n<\/li>\r\n<\/ul>\r\n<p><strong>Datos T\u00e9cnicos:<\/strong><\/p>\r\n\r\n\r\n\r\n<ul>\r\n<li>Capacidad: 2800 kg<\/li>\r\n<li>Rango de elevaci\u00f3n: 110 &#8211; 1200 mm<\/li>\r\n<li>Altura m\u00ednima: 110 mm<\/li>\r\n<li>Tiempo de subida: 30 s<\/li>\r\n<li>Potencia: 230V\/1PH\/50Hz\/2.2KW<\/li>\r\n<li>Peso embalado: 451 kg<\/li>\r\n<\/ul>\r\n","protected":false},"excerpt":{"rendered":"<p>Elevador de tijera para instalaci\u00f3n en superficie para taller de 2,8 Toneladas. Elevador tijera m\u00f3vil de coches monof\u00e1sico Elevador m\u00f3vil para carrocero Equipado con kit m\u00f3vil Brazos m\u00f3viles de apoyo Sistema de desbloqueo el\u00e9ctrico Micro interruptor final de carrera No requiere instalaci\u00f3n Datos T\u00e9cnicos: Capacidad: 2800 kg Rango de elevaci\u00f3n: 110 &#8211; 1200 mm Altura&#8230;<\/p>\n","protected":false},"featured_media":4391,"template":"","meta":{"_acf_changed":false,"_kad_post_transparent":"default","_kad_post_title":"","_kad_post_layout":"default","_kad_post_sidebar_id":"","_kad_post_content_style":"default","_kad_post_vertical_padding":"default","_kad_post_feature":"","_kad_post_feature_position":"","_kad_post_header":false,"_kad_post_footer":false,"_kad_post_classname":""},"product_brand":[],"product_cat":[81,109,123,124],"product_tag":[],"class_list":{"0":"post-49","1":"product","2":"type-product","3":"status-publish","4":"has-post-thumbnail","6":"product_cat-maquinaria","7":"product_cat-elevadores","8":"product_cat-elevadores-de-tijera","9":"product_cat-elevadores-movil","11":"first","12":"instock","13":"product-type-simple","14":"entry","15":"content-bg","16":"loop-entry"},"acf":[],"_links":{"self":[{"href":"https:\/\/www.damarl.com\/es\/wp-json\/wp\/v2\/product\/49","targetHints":{"allow":["GET"]}}],"collection":[{"href":"https:\/\/www.damarl.com\/es\/wp-json\/wp\/v2\/product"}],"about":[{"href":"https:\/\/www.damarl.com\/es\/wp-json\/wp\/v2\/types\/product"}],"wp:featuredmedia":[{"embeddable":true,"href":"https:\/\/www.damarl.com\/es\/wp-json\/wp\/v2\/media\/4391"}],"wp:attachment":[{"href":"https:\/\/www.damarl.com\/es\/wp-json\/wp\/v2\/media?parent=49"}],"wp:term":[{"taxonomy":"product_brand","embeddable":true,"href":"https:\/\/www.damarl.com\/es\/wp-json\/wp\/v2\/product_brand?post=49"},{"taxonomy":"product_cat","embeddable":true,"href":"https:\/\/www.damarl.com\/es\/wp-json\/wp\/v2\/product_cat?post=49"},{"taxonomy":"product_tag","embeddable":true,"href":"https:\/\/www.damarl.com\/es\/wp-json\/wp\/v2\/product_tag?post=49"}],"curies":[{"name":"wp","href":"https:\/\/api.w.org\/{rel}","templated":true}]}}