{"id":48,"date":"2023-03-31T10:50:16","date_gmt":"2023-03-31T10:50:16","guid":{"rendered":"https:\/\/webs.anubissolutions.es\/newdamarl\/producto\/elevador-lateral-movil-para-taller-dm1-36l\/"},"modified":"2024-10-11T07:52:09","modified_gmt":"2024-10-11T07:52:09","slug":"elevador-lateral-movil-dm1-36l","status":"publish","type":"product","link":"https:\/\/www.damarl.com\/es\/producto\/elevador-lateral-movil-dm1-36l\/","title":{"rendered":"Elevador Lateral M\u00f3vil | DM1.36L"},"content":{"rendered":"\r\n<p><strong>Descripci\u00f3n:<\/strong><\/p>\r\n<ul>\r\n<li>Capacidad de elevaci\u00f3n desde el chasis o las ruedas<\/li>\r\n<li>Transmisi\u00f3n hidr\u00e1ulica con cadena<\/li>\r\n<li>Funcionamiento oleoneum\u00e1tico<\/li>\r\n<li>Incluye bomba pedalera neum\u00e1tica<\/li>\r\n<\/ul>\r\n<p><strong>Datos T\u00e9cnicos:<\/strong><\/p>\r\n\r\n\r\n\r\n<ul>\r\n<li>Capacidad: 1360 kg<\/li>\r\n<li>Peso m\u00e1ximo del veh\u00edculo: 2720 kg<\/li>\r\n<li>Rango de elevaci\u00f3n: 102 &#8211; 750 mm<\/li>\r\n<li>Tiempo de subida: &lt;30 s<\/li>\r\n<li>Presi\u00f3n m\u00e1xima de la bomba: 40 Mpa<\/li>\r\n<li>Rango presi\u00f3n de aire: 4 &#8211; 8 bar<\/li>\r\n<li>Altura total: 1320 mm<\/li>\r\n<li>Dimensiones de la base: 1000 x 685 1320 mm<\/li>\r\n<li>Peso neto: 127,5 kg<\/li>\r\n<\/ul>\r\n<p><strong>Accesorios incluidos:<\/strong><\/p>\r\n<p>\r\n\r\n<\/p>\r\n<ul>\r\n<li>Horquilla para rueda<\/li>\r\n<li>Adaptador para chasis<\/li>\r\n<\/ul>\r\n<p>\r\n\r\n<\/p>\r\n","protected":false},"excerpt":{"rendered":"<p>Descripci\u00f3n: Capacidad de elevaci\u00f3n desde el chasis o las ruedas Transmisi\u00f3n hidr\u00e1ulica con cadena Funcionamiento oleoneum\u00e1tico Incluye bomba pedalera neum\u00e1tica Datos T\u00e9cnicos: Capacidad: 1360 kg Peso m\u00e1ximo del veh\u00edculo: 2720 kg Rango de elevaci\u00f3n: 102 &#8211; 750 mm Tiempo de subida: &lt;30 s Presi\u00f3n m\u00e1xima de la bomba: 40 Mpa Rango presi\u00f3n de aire: 4&#8230;<\/p>\n","protected":false},"featured_media":7523,"template":"","meta":{"_acf_changed":false,"_kad_post_transparent":"default","_kad_post_title":"","_kad_post_layout":"default","_kad_post_sidebar_id":"","_kad_post_content_style":"default","_kad_post_vertical_padding":"default","_kad_post_feature":"","_kad_post_feature_position":"","_kad_post_header":false,"_kad_post_footer":false,"_kad_post_classname":""},"product_brand":[],"product_cat":[81,109,118,117,124],"product_tag":[],"class_list":{"0":"post-48","1":"product","2":"type-product","3":"status-publish","4":"has-post-thumbnail","6":"product_cat-maquinaria","7":"product_cat-elevadores","8":"product_cat-elevadores-de-1-columna","9":"product_cat-elevadores-de-taller","10":"product_cat-elevadores-movil","12":"first","13":"instock","14":"product-type-simple","15":"entry","16":"content-bg","17":"loop-entry"},"acf":[],"_links":{"self":[{"href":"https:\/\/www.damarl.com\/es\/wp-json\/wp\/v2\/product\/48","targetHints":{"allow":["GET"]}}],"collection":[{"href":"https:\/\/www.damarl.com\/es\/wp-json\/wp\/v2\/product"}],"about":[{"href":"https:\/\/www.damarl.com\/es\/wp-json\/wp\/v2\/types\/product"}],"wp:featuredmedia":[{"embeddable":true,"href":"https:\/\/www.damarl.com\/es\/wp-json\/wp\/v2\/media\/7523"}],"wp:attachment":[{"href":"https:\/\/www.damarl.com\/es\/wp-json\/wp\/v2\/media?parent=48"}],"wp:term":[{"taxonomy":"product_brand","embeddable":true,"href":"https:\/\/www.damarl.com\/es\/wp-json\/wp\/v2\/product_brand?post=48"},{"taxonomy":"product_cat","embeddable":true,"href":"https:\/\/www.damarl.com\/es\/wp-json\/wp\/v2\/product_cat?post=48"},{"taxonomy":"product_tag","embeddable":true,"href":"https:\/\/www.damarl.com\/es\/wp-json\/wp\/v2\/product_tag?post=48"}],"curies":[{"name":"wp","href":"https:\/\/api.w.org\/{rel}","templated":true}]}}