{"id":47,"date":"2023-03-31T10:50:16","date_gmt":"2023-03-31T10:50:16","guid":{"rendered":"https:\/\/webs.anubissolutions.es\/newdamarl\/producto\/elevador-tijera-movil-para-taller-dm3-0mv\/"},"modified":"2024-10-11T08:01:52","modified_gmt":"2024-10-11T08:01:52","slug":"elevador-tijera-movil-para-taller-dm3-0mv","status":"publish","type":"product","link":"https:\/\/www.damarl.com\/es\/producto\/elevador-tijera-movil-para-taller-dm3-0mv\/","title":{"rendered":"Elevador de Tijera M\u00f3vil 3T | DM3.0MV"},"content":{"rendered":"\r\n<p>Elevador m\u00f3vil de tijeras Neumatiquero ideal para talleres de mec\u00e1nica r\u00e1pida<\/p>\r\n<p><strong>Descripci\u00f3n:<\/strong><\/p>\r\n<p>\r\n\r\n<\/p>\r\n<ul>\r\n<li>Equipado de kit de movilidad<\/li>\r\n<li>Rampas fijas extensibles<\/li>\r\n<li>Sistema de desbloqueo el\u00e9ctrico<\/li>\r\n<li>Sistema de bloqueo mec\u00e1nico<\/li>\r\n<li>Micro interruptor final de carrera<\/li>\r\n<li>No requiere instalaci\u00f3n<\/li>\r\n<\/ul>\r\n<p><strong>Datos T\u00e9cnicos:<\/strong><\/p>\r\n\r\n\r\n\r\n<ul>\r\n<li>Capacidad de carga: 3.000 kg<\/li>\r\n<li>Altura de elevaci\u00f3n: 1000 mm<\/li>\r\n<li>Altura m\u00ednima: 110 mm<\/li>\r\n<li>Tiempo de subida: 30 s<\/li>\r\n<li>Dimensiones \/ rampas incluidas: 1400\/1944 mm<\/li>\r\n<li>Ancho total: 1760 mm<\/li>\r\n<li>Distancia entre plataformas: 700 mm<\/li>\r\n<li>Potencia: 2.2 kw \/ 230 V<\/li>\r\n<li>Peso: 605 kg<\/li>\r\n<\/ul>\r\n\r\n\r\n\r\n\r\n\r\n<p><strong>Tacos Incluidos:<\/strong><\/p>\r\n\r\n\r\n\r\n<ul>\r\n<li>4 x Tacos 11,5x10x50 cm<\/li>\r\n<\/ul>\r\n","protected":false},"excerpt":{"rendered":"<p>Elevador m\u00f3vil de tijeras Neumatiquero ideal para talleres de mec\u00e1nica r\u00e1pida Descripci\u00f3n: Equipado de kit de movilidad Rampas fijas extensibles Sistema de desbloqueo el\u00e9ctrico Sistema de bloqueo mec\u00e1nico Micro interruptor final de carrera No requiere instalaci\u00f3n Datos T\u00e9cnicos: Capacidad de carga: 3.000 kg Altura de elevaci\u00f3n: 1000 mm Altura m\u00ednima: 110 mm Tiempo de subida:&#8230;<\/p>\n","protected":false},"featured_media":4403,"template":"","meta":{"_acf_changed":false,"_kad_post_transparent":"default","_kad_post_title":"","_kad_post_layout":"default","_kad_post_sidebar_id":"","_kad_post_content_style":"default","_kad_post_vertical_padding":"default","_kad_post_feature":"","_kad_post_feature_position":"","_kad_post_header":false,"_kad_post_footer":false,"_kad_post_classname":""},"product_brand":[],"product_cat":[81,109,117,123,124],"product_tag":[],"class_list":{"0":"post-47","1":"product","2":"type-product","3":"status-publish","4":"has-post-thumbnail","6":"product_cat-maquinaria","7":"product_cat-elevadores","8":"product_cat-elevadores-de-taller","9":"product_cat-elevadores-de-tijera","10":"product_cat-elevadores-movil","12":"first","13":"instock","14":"product-type-simple","15":"entry","16":"content-bg","17":"loop-entry"},"acf":[],"_links":{"self":[{"href":"https:\/\/www.damarl.com\/es\/wp-json\/wp\/v2\/product\/47","targetHints":{"allow":["GET"]}}],"collection":[{"href":"https:\/\/www.damarl.com\/es\/wp-json\/wp\/v2\/product"}],"about":[{"href":"https:\/\/www.damarl.com\/es\/wp-json\/wp\/v2\/types\/product"}],"wp:featuredmedia":[{"embeddable":true,"href":"https:\/\/www.damarl.com\/es\/wp-json\/wp\/v2\/media\/4403"}],"wp:attachment":[{"href":"https:\/\/www.damarl.com\/es\/wp-json\/wp\/v2\/media?parent=47"}],"wp:term":[{"taxonomy":"product_brand","embeddable":true,"href":"https:\/\/www.damarl.com\/es\/wp-json\/wp\/v2\/product_brand?post=47"},{"taxonomy":"product_cat","embeddable":true,"href":"https:\/\/www.damarl.com\/es\/wp-json\/wp\/v2\/product_cat?post=47"},{"taxonomy":"product_tag","embeddable":true,"href":"https:\/\/www.damarl.com\/es\/wp-json\/wp\/v2\/product_tag?post=47"}],"curies":[{"name":"wp","href":"https:\/\/api.w.org\/{rel}","templated":true}]}}