{"id":4660,"date":"2023-09-04T13:48:16","date_gmt":"2023-09-04T13:48:16","guid":{"rendered":"https:\/\/www.damarl.com\/?post_type=product&#038;p=4660"},"modified":"2024-12-03T09:13:35","modified_gmt":"2024-12-03T09:13:35","slug":"pistola-de-impacto-1-2-electrica-430-nm","status":"publish","type":"product","link":"https:\/\/www.damarl.com\/es\/producto\/pistola-de-impacto-1-2-electrica-430-nm\/","title":{"rendered":"Pistola de Impacto 1\/2 El\u00e9ctrica 430 NM &#8211; DA1402E"},"content":{"rendered":"<ul>\n<li>Pistola de impacto el\u00e9ctrica para taller con dise\u00f1o renovado, ergon\u00f3mico, ideada para trabajar sin ataduras, aportando elevada comodidad al usuario<\/li>\n<li>Llave de impacto profesional con cuadradillo de 1\/2 y par de fuerza m\u00e1ximo de 430 NM para efectuar r\u00e1pidamente el apriete\/desapriete de fijaciones en mayor\u00eda de aplicaciones de mec\u00e1nica<\/li>\n<li>Luz Led incorporada<\/li>\n<li>Equipado con motor brushless<\/li>\n<li>base de carga r\u00e1pida<\/li>\n<li>2 bater\u00edas de iones de litio e indicador de bater\u00eda<\/li>\n<li>Par m\u00e1ximo: 430NM<\/li>\n<\/ul>\n<p>INCLUIDO:<\/p>\n<ul>\n<li>Pistola el\u00e9ctrica 430NM<\/li>\n<li>2 bater\u00edas 20V (2.0Ah y 4.0Ah)<\/li>\n<li>Cargador de bater\u00edas<\/li>\n<\/ul>\n","protected":false},"excerpt":{"rendered":"<p><a href=\"https:\/\/www.damarl.com\/wp-content\/uploads\/2024\/09\/pistola_impacto_electrica_DA1402E_catalogo_dama_2024_pag111.pdf\">Descargar Ficha<\/a><\/p>\n","protected":false},"featured_media":4754,"template":"","meta":{"_acf_changed":false,"_kad_post_transparent":"default","_kad_post_title":"","_kad_post_layout":"default","_kad_post_sidebar_id":"","_kad_post_content_style":"default","_kad_post_vertical_padding":"default","_kad_post_feature":"","_kad_post_feature_position":"","_kad_post_header":false,"_kad_post_footer":false,"_kad_post_classname":""},"product_brand":[],"product_cat":[142,179,80],"product_tag":[],"class_list":{"0":"post-4660","1":"product","2":"type-product","3":"status-publish","4":"has-post-thumbnail","6":"product_cat-gama-electrica","7":"product_cat-equipos-a-bateria","8":"product_cat-herramientas","10":"first","11":"instock","12":"shipping-taxable","13":"product-type-simple","14":"entry","15":"content-bg","16":"loop-entry"},"acf":[],"_links":{"self":[{"href":"https:\/\/www.damarl.com\/es\/wp-json\/wp\/v2\/product\/4660","targetHints":{"allow":["GET"]}}],"collection":[{"href":"https:\/\/www.damarl.com\/es\/wp-json\/wp\/v2\/product"}],"about":[{"href":"https:\/\/www.damarl.com\/es\/wp-json\/wp\/v2\/types\/product"}],"wp:featuredmedia":[{"embeddable":true,"href":"https:\/\/www.damarl.com\/es\/wp-json\/wp\/v2\/media\/4754"}],"wp:attachment":[{"href":"https:\/\/www.damarl.com\/es\/wp-json\/wp\/v2\/media?parent=4660"}],"wp:term":[{"taxonomy":"product_brand","embeddable":true,"href":"https:\/\/www.damarl.com\/es\/wp-json\/wp\/v2\/product_brand?post=4660"},{"taxonomy":"product_cat","embeddable":true,"href":"https:\/\/www.damarl.com\/es\/wp-json\/wp\/v2\/product_cat?post=4660"},{"taxonomy":"product_tag","embeddable":true,"href":"https:\/\/www.damarl.com\/es\/wp-json\/wp\/v2\/product_tag?post=4660"}],"curies":[{"name":"wp","href":"https:\/\/api.w.org\/{rel}","templated":true}]}}