{"id":4431,"date":"2023-07-13T09:18:42","date_gmt":"2023-07-13T09:18:42","guid":{"rendered":"https:\/\/www.damarl.com\/?post_type=product&#038;p=4431"},"modified":"2025-03-06T16:38:20","modified_gmt":"2025-03-06T16:38:20","slug":"placas-de-distribucion-dama0008","status":"publish","type":"product","link":"https:\/\/www.damarl.com\/es\/producto\/placas-de-distribucion-dama0008\/","title":{"rendered":"Placas de Distribuci\u00f3n | DAMA0008"},"content":{"rendered":"\r\n<h2>Placas de distribuci\u00f3n<\/h2>\r\n<p>Accesorio para elevadores de 2 columnas.<\/p>\r\n<p><strong>Datos T\u00e9cnicos:<\/strong><\/p>\r\n\r\n\r\n\r\n<ul>\r\n<li>Para la instalaci\u00f3n de elevadores de 2 columnas en suelos de hormig\u00f3n armado<\/li>\r\n<li>con un espesor de 14 cm y una dureza de B25.<\/li>\r\n<li>Las fuerzas m\u00e1ximas recomendadas seg\u00fan el c\u00e1lculo:<\/li>\r\n<li>N[max]= 18,25 kN<\/li>\r\n<li>Mx[max]= 11,50 kNm<\/li>\r\n<li>My[max]= 13,50 kNm<\/li>\r\n<\/ul>\r\n<p><img fetchpriority=\"high\" decoding=\"async\" class=\"alignnone  wp-image-6833\" src=\"https:\/\/www.damarl.com\/wp-content\/uploads\/2023\/07\/placas-de-distribucion-DAMA0008-dibujo-tecnico-suministros-dama-damarl-001-300x200.png\" alt=\"\" width=\"789\" height=\"526\" title=\"\" srcset=\"https:\/\/www.damarl.com\/wp-content\/uploads\/2023\/07\/placas-de-distribucion-DAMA0008-dibujo-tecnico-suministros-dama-damarl-001-300x200.png 300w, https:\/\/www.damarl.com\/wp-content\/uploads\/2023\/07\/placas-de-distribucion-DAMA0008-dibujo-tecnico-suministros-dama-damarl-001-18x12.png 18w, https:\/\/www.damarl.com\/wp-content\/uploads\/2023\/07\/placas-de-distribucion-DAMA0008-dibujo-tecnico-suministros-dama-damarl-001-64x43.png 64w, https:\/\/www.damarl.com\/wp-content\/uploads\/2023\/07\/placas-de-distribucion-DAMA0008-dibujo-tecnico-suministros-dama-damarl-001.png 600w\" sizes=\"(max-width: 789px) 100vw, 789px\" \/><\/p>\r\n\r\n\r\n\r\n<p>&nbsp;<\/p>\r\n<p>&nbsp;<\/p>\r\n<p>&nbsp;<\/p>\r\n\r\n\r\n\r\n<p>&nbsp;<\/p>","protected":false},"excerpt":{"rendered":"<p class=\"ficha-download\"><a href=\"https:\/\/www.damarl.com\/wp-content\/uploads\/2024\/09\/Placas_de_distribucion_DM0008_DM0024_catalogo_dama_2024_pag52.pdf\">Descargar Ficha<\/a><\/p>\n","protected":false},"featured_media":4434,"template":"","meta":{"_acf_changed":false,"_kad_post_transparent":"default","_kad_post_title":"","_kad_post_layout":"default","_kad_post_sidebar_id":"","_kad_post_content_style":"default","_kad_post_vertical_padding":"default","_kad_post_feature":"","_kad_post_feature_position":"","_kad_post_header":false,"_kad_post_footer":false,"_kad_post_classname":""},"product_brand":[],"product_cat":[171,109,81],"product_tag":[],"class_list":{"0":"post-4431","1":"product","2":"type-product","3":"status-publish","4":"has-post-thumbnail","6":"product_cat-accesorios-de-elevador","7":"product_cat-elevadores","8":"product_cat-maquinaria","10":"first","11":"instock","12":"product-type-simple","13":"entry","14":"content-bg","15":"loop-entry"},"acf":[],"_links":{"self":[{"href":"https:\/\/www.damarl.com\/es\/wp-json\/wp\/v2\/product\/4431","targetHints":{"allow":["GET"]}}],"collection":[{"href":"https:\/\/www.damarl.com\/es\/wp-json\/wp\/v2\/product"}],"about":[{"href":"https:\/\/www.damarl.com\/es\/wp-json\/wp\/v2\/types\/product"}],"wp:featuredmedia":[{"embeddable":true,"href":"https:\/\/www.damarl.com\/es\/wp-json\/wp\/v2\/media\/4434"}],"wp:attachment":[{"href":"https:\/\/www.damarl.com\/es\/wp-json\/wp\/v2\/media?parent=4431"}],"wp:term":[{"taxonomy":"product_brand","embeddable":true,"href":"https:\/\/www.damarl.com\/es\/wp-json\/wp\/v2\/product_brand?post=4431"},{"taxonomy":"product_cat","embeddable":true,"href":"https:\/\/www.damarl.com\/es\/wp-json\/wp\/v2\/product_cat?post=4431"},{"taxonomy":"product_tag","embeddable":true,"href":"https:\/\/www.damarl.com\/es\/wp-json\/wp\/v2\/product_tag?post=4431"}],"curies":[{"name":"wp","href":"https:\/\/api.w.org\/{rel}","templated":true}]}}