{"id":44,"date":"2023-03-31T10:50:16","date_gmt":"2023-03-31T10:50:16","guid":{"rendered":"https:\/\/webs.anubissolutions.es\/newdamarl\/producto\/elevador-tijera-doble-elevacion-para-taller-dm5-5msi2h\/"},"modified":"2024-10-14T12:11:29","modified_gmt":"2024-10-14T12:11:29","slug":"elevador-tijera-doble-elevacion-para-taller-dm5-5msi2h","status":"publish","type":"product","link":"https:\/\/www.damarl.com\/es\/producto\/elevador-tijera-doble-elevacion-para-taller-dm5-5msi2h\/","title":{"rendered":"Elevador Tijera de Doble Elevaci\u00f3n de Superficie para Alineaci\u00f3n 5.5T | DM5.5MSI2H"},"content":{"rendered":"<p><strong>Descripci\u00f3n: <\/strong><\/p>\n<ul>\n<li>Elevador de tijera de empotrar<\/li>\n<li>Doble elevaci\u00f3n<\/li>\n<li>Huecos para platos de alineaci\u00f3n<\/li>\n<li>Plataformas traseras deslizantes<\/li>\n<li>Sistema de bloqueo mec\u00e1nico con accionamiento neum\u00e1tico<\/li>\n<li>Micro interruptor final de carrera<\/li>\n<li>Bloqueo de seguridad mediante trinquete neum\u00e1tico<\/li>\n<li>Calzos para distintos tipos de veh\u00edculos<\/li>\n<li>Posibilidad de empotrar<\/li>\n<\/ul>\n<p><strong>Datos T\u00e9cnicos: <\/strong><\/p>\n<ul>\n<li>Capacidad elevador principal: 5500 kg<\/li>\n<li>Capacidad elevador secundario: 5500 kg<\/li>\n<li>Elevaci\u00f3n tijera principal: 380 &#8211; 2200 mm<\/li>\n<li>Elevaci\u00f3n tijera secundaria: 400 mm<\/li>\n<li>Longitud plataforma principal: 5500 mm<\/li>\n<li>Anchura de plataforma principal: 620 mm<\/li>\n<li>Tiempo de subida: \u226490 s<\/li>\n<li>Alimentaci\u00f3n: 400V\/3ph\/50Hz\/3.0KW<\/li>\n<li>Peso: 2455 kg<\/li>\n<\/ul>\n<p><strong>Opcional:<\/strong><\/p>\n<ul>\n<li>Rampas para instalaci\u00f3n sobre suelo longitud: 2000 mm<\/li>\n<\/ul>\n","protected":false},"excerpt":{"rendered":"<p class=\"ficha-download\"><a href=\"https:\/\/www.damarl.com\/wp-content\/uploads\/2024\/09\/Elevador_tijera_DM5.5MSI2H_400V_catalogo_dama_2024_pag78.pdf\">Descargar Ficha<\/a><\/p>\n","protected":false},"featured_media":4379,"template":"","meta":{"_acf_changed":false,"_kad_post_transparent":"default","_kad_post_title":"","_kad_post_layout":"default","_kad_post_sidebar_id":"","_kad_post_content_style":"default","_kad_post_vertical_padding":"default","_kad_post_feature":"","_kad_post_feature_position":"","_kad_post_header":false,"_kad_post_footer":false,"_kad_post_classname":""},"product_brand":[],"product_cat":[81,109,123],"product_tag":[],"class_list":{"0":"post-44","1":"product","2":"type-product","3":"status-publish","4":"has-post-thumbnail","6":"product_cat-maquinaria","7":"product_cat-elevadores","8":"product_cat-elevadores-de-tijera","10":"first","11":"instock","12":"product-type-simple","13":"entry","14":"content-bg","15":"loop-entry"},"acf":[],"_links":{"self":[{"href":"https:\/\/www.damarl.com\/es\/wp-json\/wp\/v2\/product\/44","targetHints":{"allow":["GET"]}}],"collection":[{"href":"https:\/\/www.damarl.com\/es\/wp-json\/wp\/v2\/product"}],"about":[{"href":"https:\/\/www.damarl.com\/es\/wp-json\/wp\/v2\/types\/product"}],"wp:featuredmedia":[{"embeddable":true,"href":"https:\/\/www.damarl.com\/es\/wp-json\/wp\/v2\/media\/4379"}],"wp:attachment":[{"href":"https:\/\/www.damarl.com\/es\/wp-json\/wp\/v2\/media?parent=44"}],"wp:term":[{"taxonomy":"product_brand","embeddable":true,"href":"https:\/\/www.damarl.com\/es\/wp-json\/wp\/v2\/product_brand?post=44"},{"taxonomy":"product_cat","embeddable":true,"href":"https:\/\/www.damarl.com\/es\/wp-json\/wp\/v2\/product_cat?post=44"},{"taxonomy":"product_tag","embeddable":true,"href":"https:\/\/www.damarl.com\/es\/wp-json\/wp\/v2\/product_tag?post=44"}],"curies":[{"name":"wp","href":"https:\/\/api.w.org\/{rel}","templated":true}]}}