{"id":39,"date":"2023-03-31T10:50:16","date_gmt":"2023-03-31T10:50:16","guid":{"rendered":"https:\/\/webs.anubissolutions.es\/newdamarl\/producto\/elevador-4-columnas-para-taller-dm450\/"},"modified":"2024-10-14T15:19:36","modified_gmt":"2024-10-14T15:19:36","slug":"elevador-4-columnas-para-taller-dm450","status":"publish","type":"product","link":"https:\/\/www.damarl.com\/es\/producto\/elevador-4-columnas-para-taller-dm450\/","title":{"rendered":"Elevador 4 Columnas 4.5T | DM450"},"content":{"rendered":"\r\n<p><strong>Descripci\u00f3n:<\/strong><\/p>\r\n<h2>\r\n\r\n<\/h2>\r\n<ul>\r\n<li>Preparado para alineaci\u00f3n, con placas pivotantes traseras y huecos para platos de alineaci\u00f3n<\/li>\r\n<li>Elevaci\u00f3n mediante cilindro de tracci\u00f3n y cables de acero a las 4 columnas<\/li>\r\n<li>Electrov\u00e1lvula de bajada<\/li>\r\n<li>Accionamiento neum\u00e1tico de bloqueo de seguridad<\/li>\r\n<li>Funci\u00f3n anti-atrapamiento<\/li>\r\n<li>Micro de seguridad de desnivelaci\u00f3n, rotura de cable, final de carrera<\/li>\r\n<li>Gato neum\u00e1tico de ayuda opcional<\/li>\r\n<\/ul>\r\n<p><strong>Datos t\u00e9cnicos:<\/strong><\/p>\r\n<h2>\r\n\r\n<\/h2>\r\n<ul>\r\n<li>Capacidad m\u00e1xima: 4500 kg<\/li>\r\n<li>Elevaci\u00f3n m\u00e1xima: 1830 mm<\/li>\r\n<li>Tiempo de subida: 60 s<\/li>\r\n<li>Altura: 2220 mm<\/li>\r\n<li>Ancho: 3360 mm<\/li>\r\n<li>Alimentaci\u00f3n: 2.2 KW \/ 400 V \/ 3 PH \/ 50 Hz &#8211; 2.2 KW \/ 230 V \/ 1 PH \/ 50 Hz<\/li>\r\n<li>Peso total: 1400 kg<\/li>\r\n<\/ul>\r\n","protected":false},"excerpt":{"rendered":"<p>Descripci\u00f3n: Preparado para alineaci\u00f3n, con placas pivotantes traseras y huecos para platos de alineaci\u00f3n Elevaci\u00f3n mediante cilindro de tracci\u00f3n y cables de acero a las 4 columnas Electrov\u00e1lvula de bajada Accionamiento neum\u00e1tico de bloqueo de seguridad Funci\u00f3n anti-atrapamiento Micro de seguridad de desnivelaci\u00f3n, rotura de cable, final de carrera Gato neum\u00e1tico de ayuda opcional Datos&#8230;<\/p>\n","protected":false},"featured_media":1316,"template":"","meta":{"_acf_changed":false,"_kad_post_transparent":"default","_kad_post_title":"","_kad_post_layout":"default","_kad_post_sidebar_id":"","_kad_post_content_style":"default","_kad_post_vertical_padding":"default","_kad_post_feature":"","_kad_post_feature_position":"","_kad_post_header":false,"_kad_post_footer":false,"_kad_post_classname":""},"product_brand":[],"product_cat":[109,120,117,81],"product_tag":[],"class_list":{"0":"post-39","1":"product","2":"type-product","3":"status-publish","4":"has-post-thumbnail","6":"product_cat-elevadores","7":"product_cat-elevadores-de-4-columnas","8":"product_cat-elevadores-de-taller","9":"product_cat-maquinaria","11":"first","12":"instock","13":"product-type-simple","14":"entry","15":"content-bg","16":"loop-entry"},"acf":[],"_links":{"self":[{"href":"https:\/\/www.damarl.com\/es\/wp-json\/wp\/v2\/product\/39","targetHints":{"allow":["GET"]}}],"collection":[{"href":"https:\/\/www.damarl.com\/es\/wp-json\/wp\/v2\/product"}],"about":[{"href":"https:\/\/www.damarl.com\/es\/wp-json\/wp\/v2\/types\/product"}],"wp:featuredmedia":[{"embeddable":true,"href":"https:\/\/www.damarl.com\/es\/wp-json\/wp\/v2\/media\/1316"}],"wp:attachment":[{"href":"https:\/\/www.damarl.com\/es\/wp-json\/wp\/v2\/media?parent=39"}],"wp:term":[{"taxonomy":"product_brand","embeddable":true,"href":"https:\/\/www.damarl.com\/es\/wp-json\/wp\/v2\/product_brand?post=39"},{"taxonomy":"product_cat","embeddable":true,"href":"https:\/\/www.damarl.com\/es\/wp-json\/wp\/v2\/product_cat?post=39"},{"taxonomy":"product_tag","embeddable":true,"href":"https:\/\/www.damarl.com\/es\/wp-json\/wp\/v2\/product_tag?post=39"}],"curies":[{"name":"wp","href":"https:\/\/api.w.org\/{rel}","templated":true}]}}