{"id":37,"date":"2023-03-31T10:50:16","date_gmt":"2023-03-31T10:50:16","guid":{"rendered":"https:\/\/webs.anubissolutions.es\/newdamarl\/producto\/elevador-de-coches-2-columnas-para-taller-dm6-0t-sb2h\/"},"modified":"2025-03-05T10:48:48","modified_gmt":"2025-03-05T10:48:48","slug":"elevador-de-coches-2-columnas-para-taller-dm6-0t-sb3h","status":"publish","type":"product","link":"https:\/\/www.damarl.com\/es\/producto\/elevador-de-coches-2-columnas-para-taller-dm6-0t-sb3h\/","title":{"rendered":"Elevador 2 Columnas Sin Base 6T | DM6.0T\/SB3H"},"content":{"rendered":"\r\n\r\n\r\n<p><strong>Descripci\u00f3n:<\/strong><\/p>\r\n\r\n\r\n\r\n<ul class=\"wp-block-list\">\r\n<li>Doble altura libre regulable: 5 m \u2013 4.69 m<\/li>\r\n<li>Estructura de porter\u00eda sin base inferior<\/li>\r\n<li>2 Cilindros hidr\u00e1ulicos de transmisi\u00f3n directa<\/li>\r\n<li>Sincronizaci\u00f3n por cable de acero<\/li>\r\n<li>Electrov\u00e1lvula de bajada<\/li>\r\n<li>Sistema de bloqueo de seguridad electromagn\u00e9tico<\/li>\r\n<li>Micro interruptor de altura y de sincronizaci\u00f3n de cables<\/li>\r\n<li>Brazos sim\u00e9tricos de 3 tramos<\/li>\r\n<\/ul>\r\n<p><strong>Datos T\u00e9cnicos: <\/strong><\/p>\r\n<p>\r\n\r\n<\/p>\r\n<ul>\r\n<li>Capacidad: 6000kg<\/li>\r\n<li>Rango de elevaci\u00f3n: 123 &#8211; 2023 mm<\/li>\r\n<li>Tiempo de subida: 60s<\/li>\r\n<li>Tiempo de bajada: 18-40s<\/li>\r\n<li>Altura: 4857 &#8211; 5162 mm<\/li>\r\n<li>Ancho: 3841 mm<\/li>\r\n<li>Alimentaci\u00f3n: 400V\/3ph\/50Hz\/5.9A\/3KW<\/li>\r\n<li>Peso 1195 kg<\/li>\r\n<\/ul>\r\n\r\n\r\n\r\n<p><strong>Accesorios incluidos<\/strong><\/p>\r\n<ul>\r\n<li>4 x Tacos de apoyo \u00d8127 mm<\/li>\r\n<li>4 x Realzas 127 mm<\/li>\r\n<li>4 x Realzas 67 mm<\/li>\r\n<\/ul>\r\n\r\n\r\n","protected":false},"excerpt":{"rendered":"<p>Descripci\u00f3n: Doble altura libre regulable: 5 m \u2013 4.69 m Estructura de porter\u00eda sin base inferior 2 Cilindros hidr\u00e1ulicos de transmisi\u00f3n directa Sincronizaci\u00f3n por cable de acero Electrov\u00e1lvula de bajada Sistema de bloqueo de seguridad electromagn\u00e9tico Micro interruptor de altura y de sincronizaci\u00f3n de cables Brazos sim\u00e9tricos de 3 tramos Datos T\u00e9cnicos: Capacidad: 6000kg Rango&#8230;<\/p>\n","protected":false},"featured_media":1119,"template":"","meta":{"_acf_changed":false,"_kad_post_transparent":"default","_kad_post_title":"","_kad_post_layout":"default","_kad_post_sidebar_id":"","_kad_post_content_style":"default","_kad_post_vertical_padding":"default","_kad_post_feature":"","_kad_post_feature_position":"","_kad_post_header":false,"_kad_post_footer":false,"_kad_post_classname":""},"product_brand":[],"product_cat":[109,119,117,81],"product_tag":[],"class_list":{"0":"post-37","1":"product","2":"type-product","3":"status-publish","4":"has-post-thumbnail","6":"product_cat-elevadores","7":"product_cat-elevadores-de-2-columnas","8":"product_cat-elevadores-de-taller","9":"product_cat-maquinaria","11":"first","12":"instock","13":"product-type-simple","14":"entry","15":"content-bg","16":"loop-entry"},"acf":[],"_links":{"self":[{"href":"https:\/\/www.damarl.com\/es\/wp-json\/wp\/v2\/product\/37","targetHints":{"allow":["GET"]}}],"collection":[{"href":"https:\/\/www.damarl.com\/es\/wp-json\/wp\/v2\/product"}],"about":[{"href":"https:\/\/www.damarl.com\/es\/wp-json\/wp\/v2\/types\/product"}],"wp:featuredmedia":[{"embeddable":true,"href":"https:\/\/www.damarl.com\/es\/wp-json\/wp\/v2\/media\/1119"}],"wp:attachment":[{"href":"https:\/\/www.damarl.com\/es\/wp-json\/wp\/v2\/media?parent=37"}],"wp:term":[{"taxonomy":"product_brand","embeddable":true,"href":"https:\/\/www.damarl.com\/es\/wp-json\/wp\/v2\/product_brand?post=37"},{"taxonomy":"product_cat","embeddable":true,"href":"https:\/\/www.damarl.com\/es\/wp-json\/wp\/v2\/product_cat?post=37"},{"taxonomy":"product_tag","embeddable":true,"href":"https:\/\/www.damarl.com\/es\/wp-json\/wp\/v2\/product_tag?post=37"}],"curies":[{"name":"wp","href":"https:\/\/api.w.org\/{rel}","templated":true}]}}