{"id":211,"date":"2023-03-31T10:50:45","date_gmt":"2023-03-31T10:50:45","guid":{"rendered":"https:\/\/webs.anubissolutions.es\/newdamarl\/producto\/alineador-3d-dma3d3000\/"},"modified":"2024-11-13T12:25:43","modified_gmt":"2024-11-13T12:25:43","slug":"alineador-de-direccion-3d-dma3d3000","status":"publish","type":"product","link":"https:\/\/www.damarl.com\/es\/producto\/alineador-de-direccion-3d-dma3d3000\/","title":{"rendered":"Alineador de Direcci\u00f3n 3D | DMA3D3000"},"content":{"rendered":"\r\n<p><strong>Descripci\u00f3n:<\/strong><\/p>\r\n\r\n\r\n\r\n<ul>\r\n<li>Modo de alineaci\u00f3n de 2 ruedas<\/li>\r\n<li>C\u00e1maras HD de alta precisi\u00f3n con sensores CMOS<\/li>\r\n<li>Viga m\u00f3vil para adaptar la altura de trabajo<\/li>\r\n<li>Objetivos con filtro de luz<\/li>\r\n<li>Mini targets<\/li>\r\n<li>Base de datos \u00edntegra. HaynesPro<\/li>\r\n<li>Actualizaci\u00f3n anual de base de datos<\/li>\r\n<li>Actualizaciones de software disponibles<\/li>\r\n<li>Proceso de alineaci\u00f3n con dise\u00f1o visual y multiling\u00fce<\/li>\r\n<\/ul>\r\n\r\n\r\n\r\n<p><strong>Especificaciones:<\/strong><\/p>\r\n<p>\r\n\r\n<\/p>\r\n<ul>\r\n<li>Sistema de medici\u00f3n: 3D<\/li>\r\n<li>Tipo de transmisi\u00f3n de datos: Por cable<\/li>\r\n<li>Tama\u00f1o m\u00ednimo de llanta: 10\u201d<\/li>\r\n<li>Tama\u00f1o m\u00e1ximo de llanta: 26\u201d<\/li>\r\n<li>Curva de convergencia: S\u00ed<\/li>\r\n<li>Medida de anchura de v\u00eda: S\u00ed<\/li>\r\n<li>Medida de distancia entre ejes: S\u00ed<\/li>\r\n<li>Monitor: LCD 32\u201d<\/li>\r\n<li>Distancia m\u00ednima de instalaci\u00f3n: 1800 mm<\/li>\r\n<li>Distancia m\u00e1xima de instalaci\u00f3n: 2800 mm<\/li>\r\n<li>Alimentaci\u00f3n: 230V\/1ph\/50Hz<\/li>\r\n<li>Peso: 427 kg<\/li>\r\n<\/ul>","protected":false},"excerpt":{"rendered":"<p>Descripci\u00f3n: Modo de alineaci\u00f3n de 2 ruedas C\u00e1maras HD de alta precisi\u00f3n con sensores CMOS Viga m\u00f3vil para adaptar la altura de trabajo Objetivos con filtro de luz Mini targets Base de datos \u00edntegra. HaynesPro Actualizaci\u00f3n anual de base de datos Actualizaciones de software disponibles Proceso de alineaci\u00f3n con dise\u00f1o visual y multiling\u00fce Especificaciones: Sistema&#8230;<\/p>\n","protected":false},"featured_media":2658,"template":"","meta":{"_acf_changed":false,"_kad_post_transparent":"default","_kad_post_title":"","_kad_post_layout":"default","_kad_post_sidebar_id":"","_kad_post_content_style":"default","_kad_post_vertical_padding":"default","_kad_post_feature":"","_kad_post_feature_position":"","_kad_post_header":false,"_kad_post_footer":false,"_kad_post_classname":""},"product_brand":[],"product_cat":[108,113,81,83],"product_tag":[],"class_list":{"0":"post-211","1":"product","2":"type-product","3":"status-publish","4":"has-post-thumbnail","6":"product_cat-alineadores","7":"product_cat-alineadores-3d","8":"product_cat-maquinaria","9":"product_cat-productos-destacados","11":"first","12":"instock","13":"product-type-simple","14":"entry","15":"content-bg","16":"loop-entry"},"acf":[],"_links":{"self":[{"href":"https:\/\/www.damarl.com\/es\/wp-json\/wp\/v2\/product\/211","targetHints":{"allow":["GET"]}}],"collection":[{"href":"https:\/\/www.damarl.com\/es\/wp-json\/wp\/v2\/product"}],"about":[{"href":"https:\/\/www.damarl.com\/es\/wp-json\/wp\/v2\/types\/product"}],"wp:featuredmedia":[{"embeddable":true,"href":"https:\/\/www.damarl.com\/es\/wp-json\/wp\/v2\/media\/2658"}],"wp:attachment":[{"href":"https:\/\/www.damarl.com\/es\/wp-json\/wp\/v2\/media?parent=211"}],"wp:term":[{"taxonomy":"product_brand","embeddable":true,"href":"https:\/\/www.damarl.com\/es\/wp-json\/wp\/v2\/product_brand?post=211"},{"taxonomy":"product_cat","embeddable":true,"href":"https:\/\/www.damarl.com\/es\/wp-json\/wp\/v2\/product_cat?post=211"},{"taxonomy":"product_tag","embeddable":true,"href":"https:\/\/www.damarl.com\/es\/wp-json\/wp\/v2\/product_tag?post=211"}],"curies":[{"name":"wp","href":"https:\/\/api.w.org\/{rel}","templated":true}]}}