{"id":209,"date":"2023-03-31T10:50:45","date_gmt":"2023-03-31T10:50:45","guid":{"rendered":"https:\/\/webs.anubissolutions.es\/newdamarl\/producto\/elevador-de-coches-4-columnas-para-taller-hdm550\/"},"modified":"2024-09-30T11:00:16","modified_gmt":"2024-09-30T11:00:16","slug":"elevador-de-coches-4-columnas-para-taller-hdm550","status":"publish","type":"product","link":"https:\/\/www.damarl.com\/es\/producto\/elevador-de-coches-4-columnas-para-taller-hdm550\/","title":{"rendered":"ELEVADOR DE COCHES 4 COLUMNAS PARA TALLER &#8211; HDM550"},"content":{"rendered":"\r\n<h2>Elevador de taller mec\u00e1nico cuatro columnas 5.5 toneladas<\/h2>\r\n<p>Elevador de coches, 4 columnas de funcionamiento electro-hidr\u00e1ulico para trabajar con veh\u00edculos de tama\u00f1o grande, mediano y peque\u00f1o con un peso m\u00e1ximo de 5.500 kg en garajes y talleres.<\/p>\r\n<p>&nbsp;<\/p>\r\n<p><strong>Descripci\u00f3n:<\/strong><\/p>\r\n<p>\r\n\r\n<\/p>\r\n<p>\u2022 Preparado para alineaci\u00f3n, placas pivotantes traseras y huecos para platos de alineaci\u00f3n<br \/>\u2022 Elevaci\u00f3n mediante cilindro hidr\u00e1ulico y cables de acero<br \/>\u2022 Electrov\u00e1lvula de bajada<br \/>\u2022 Desbloqueo de seguridad neum\u00e1tico<br \/>\u2022 Funci\u00f3n anti-atrapamiento<\/p>\r\n<p>&nbsp;<\/p>\r\n<p><b>Datos t\u00e9cnicos:<\/b><\/p>\r\n\r\n\r\n\r\n<p>Capacidad m\u00e1xima: 5500 kg<br \/>Tiempo de subida: \u226460 s<br \/>Tiempo de bajada: \u226418-40 s<br \/>Peso total: 1400 kg<br \/>Alimentaci\u00f3n: 2.2 KW \/ 400 V \/ 3 PH \/ 50 Hz<br \/>2.2 KW \/ 230 V \/ 1 PH \/ 50 HZ<br \/>Alimentaci\u00f3n de aire: 6-8 bar<\/p>\r\n\r\n\r\n","protected":false},"excerpt":{"rendered":"<p class=\"ficha-download\"><a href=\"https:\/\/www.damarl.com\/wp-content\/uploads\/2023\/03\/elevador-de-taller-mecanico-4-columnas-hdm550-damarl-suministros-dama-2022-63.pdf\">Descargar Ficha<\/a><\/p>\n","protected":false},"featured_media":2638,"template":"","meta":{"_acf_changed":false,"_kad_post_transparent":"default","_kad_post_title":"","_kad_post_layout":"default","_kad_post_sidebar_id":"","_kad_post_content_style":"default","_kad_post_vertical_padding":"default","_kad_post_feature":"","_kad_post_feature_position":"","_kad_post_header":false,"_kad_post_footer":false,"_kad_post_classname":""},"product_brand":[],"product_cat":[15],"product_tag":[],"class_list":{"0":"post-209","1":"product","2":"type-product","3":"status-publish","4":"has-post-thumbnail","6":"product_cat-sin-categorizar","8":"first","9":"instock","10":"product-type-simple","11":"entry","12":"content-bg","13":"loop-entry"},"acf":[],"_links":{"self":[{"href":"https:\/\/www.damarl.com\/es\/wp-json\/wp\/v2\/product\/209","targetHints":{"allow":["GET"]}}],"collection":[{"href":"https:\/\/www.damarl.com\/es\/wp-json\/wp\/v2\/product"}],"about":[{"href":"https:\/\/www.damarl.com\/es\/wp-json\/wp\/v2\/types\/product"}],"wp:featuredmedia":[{"embeddable":true,"href":"https:\/\/www.damarl.com\/es\/wp-json\/wp\/v2\/media\/2638"}],"wp:attachment":[{"href":"https:\/\/www.damarl.com\/es\/wp-json\/wp\/v2\/media?parent=209"}],"wp:term":[{"taxonomy":"product_brand","embeddable":true,"href":"https:\/\/www.damarl.com\/es\/wp-json\/wp\/v2\/product_brand?post=209"},{"taxonomy":"product_cat","embeddable":true,"href":"https:\/\/www.damarl.com\/es\/wp-json\/wp\/v2\/product_cat?post=209"},{"taxonomy":"product_tag","embeddable":true,"href":"https:\/\/www.damarl.com\/es\/wp-json\/wp\/v2\/product_tag?post=209"}],"curies":[{"name":"wp","href":"https:\/\/api.w.org\/{rel}","templated":true}]}}