{"id":206,"date":"2023-03-31T10:50:45","date_gmt":"2023-03-31T10:50:45","guid":{"rendered":"https:\/\/webs.anubissolutions.es\/newdamarl\/producto\/elevador-de-coches-2-columnas-para-taller-hdm4200\/"},"modified":"2024-10-14T10:47:51","modified_gmt":"2024-10-14T10:47:51","slug":"elevador-de-coches-2-columnas-para-taller-hdm4200","status":"publish","type":"product","link":"https:\/\/www.damarl.com\/es\/producto\/elevador-de-coches-2-columnas-para-taller-hdm4200\/","title":{"rendered":"Elevador 2 Columnas Semi Base 4.2T | HDM4200"},"content":{"rendered":"\r\n<p><strong>Descripci\u00f3n:<\/strong><\/p>\r\n<ul>\r\n<li>Elevador de instalaci\u00f3n directa al suelo<\/li>\r\n<li>Semibase<\/li>\r\n<li>2 Cilindros hidr\u00e1ulicos + cadena<\/li>\r\n<li>Sincronizaci\u00f3n por cable de acero<\/li>\r\n<li>Electrov\u00e1lvula de bajada<\/li>\r\n<li>Sistema de bloqueo de seguridad electromagn\u00e9tico<\/li>\r\n<li>Micro electr\u00f3nico de altura<\/li>\r\n<li>Brazos sim\u00e9tricos de 3 tramos<\/li>\r\n<li>Realzas de 80 mm<\/li>\r\n<\/ul>\r\n\r\n\r\n\r\n\r\n\r\n<p><strong>Datos T\u00e9cnicos:<\/strong><\/p>\r\n<ul>\r\n<li>Capacidad: 4200 kg<\/li>\r\n<li>Rango de elevaci\u00f3n: 115 &#8211; 1850 mm<\/li>\r\n<li>Tiempo de subida: 45 s<\/li>\r\n<li>Tiempo de bajada: 65 s<\/li>\r\n<li>Altura: 2826 mm<\/li>\r\n<li>Ancho: 3310 mm<\/li>\r\n<li>Alimentaci\u00f3n: 400V\/3ph\/50Hz\/2.2KW 230V\/1ph\/50Hz\/2.2KW<\/li>\r\n<li>Peso: 600 kg<\/li>\r\n<\/ul>\r\n\r\n\r\n","protected":false},"excerpt":{"rendered":"<p>Descripci\u00f3n: Elevador de instalaci\u00f3n directa al suelo Semibase 2 Cilindros hidr\u00e1ulicos + cadena Sincronizaci\u00f3n por cable de acero Electrov\u00e1lvula de bajada Sistema de bloqueo de seguridad electromagn\u00e9tico Micro electr\u00f3nico de altura Brazos sim\u00e9tricos de 3 tramos Realzas de 80 mm Datos T\u00e9cnicos: Capacidad: 4200 kg Rango de elevaci\u00f3n: 115 &#8211; 1850 mm Tiempo de subida:&#8230;<\/p>\n","protected":false},"featured_media":5873,"template":"","meta":{"_acf_changed":false,"_kad_post_transparent":"default","_kad_post_title":"","_kad_post_layout":"default","_kad_post_sidebar_id":"","_kad_post_content_style":"default","_kad_post_vertical_padding":"default","_kad_post_feature":"","_kad_post_feature_position":"","_kad_post_header":false,"_kad_post_footer":false,"_kad_post_classname":""},"product_brand":[],"product_cat":[109,119,117,81,83],"product_tag":[],"class_list":{"0":"post-206","1":"product","2":"type-product","3":"status-publish","4":"has-post-thumbnail","6":"product_cat-elevadores","7":"product_cat-elevadores-de-2-columnas","8":"product_cat-elevadores-de-taller","9":"product_cat-maquinaria","10":"product_cat-productos-destacados","12":"first","13":"instock","14":"product-type-simple","15":"entry","16":"content-bg","17":"loop-entry"},"acf":[],"_links":{"self":[{"href":"https:\/\/www.damarl.com\/es\/wp-json\/wp\/v2\/product\/206","targetHints":{"allow":["GET"]}}],"collection":[{"href":"https:\/\/www.damarl.com\/es\/wp-json\/wp\/v2\/product"}],"about":[{"href":"https:\/\/www.damarl.com\/es\/wp-json\/wp\/v2\/types\/product"}],"wp:featuredmedia":[{"embeddable":true,"href":"https:\/\/www.damarl.com\/es\/wp-json\/wp\/v2\/media\/5873"}],"wp:attachment":[{"href":"https:\/\/www.damarl.com\/es\/wp-json\/wp\/v2\/media?parent=206"}],"wp:term":[{"taxonomy":"product_brand","embeddable":true,"href":"https:\/\/www.damarl.com\/es\/wp-json\/wp\/v2\/product_brand?post=206"},{"taxonomy":"product_cat","embeddable":true,"href":"https:\/\/www.damarl.com\/es\/wp-json\/wp\/v2\/product_cat?post=206"},{"taxonomy":"product_tag","embeddable":true,"href":"https:\/\/www.damarl.com\/es\/wp-json\/wp\/v2\/product_tag?post=206"}],"curies":[{"name":"wp","href":"https:\/\/api.w.org\/{rel}","templated":true}]}}