{"id":204,"date":"2023-03-31T10:50:45","date_gmt":"2023-03-31T10:50:45","guid":{"rendered":"https:\/\/webs.anubissolutions.es\/newdamarl\/producto\/equilibradora-de-ruedas-dmb3020b\/"},"modified":"2024-11-13T09:42:31","modified_gmt":"2024-11-13T09:42:31","slug":"equilibradora-de-ruedas-semi-automatica-dmb3020b","status":"publish","type":"product","link":"https:\/\/www.damarl.com\/es\/producto\/equilibradora-de-ruedas-semi-automatica-dmb3020b\/","title":{"rendered":"Equilibradora de Ruedas Semi Autom\u00e1tica | DMB3020B"},"content":{"rendered":"\r\n<p><strong>Datos T\u00e9cnicos:<\/strong><\/p>\r\n<ul>\r\n<li>5 Programas para llantas de aluminio y 2 programas para ALU-S<\/li>\r\n<li>Modo de equilibrado est\u00e1tico y din\u00e1mico<\/li>\r\n<li>Autocalibrado<\/li>\r\n<li>Toma de medidas de distancia y di\u00e1metro autom\u00e1tica<\/li>\r\n<li>Funci\u00f3n plomo oculto<\/li>\r\n<li>Pantalla LCD<\/li>\r\n<li>Freno de pedal<\/li>\r\n<\/ul>\r\n<p><strong>Caracter\u00edsticas T\u00e9cnicas:<\/strong><\/p>\r\n<ul>\r\n<li>Velocidad de giro: 200 rpm<\/li>\r\n<li>Tiempo de equilibrado: 10 s<\/li>\r\n<li>Precisi\u00f3n: +- 1 g \/ +-5 g<\/li>\r\n<li>Di\u00e1metro de eje: 40 mm<\/li>\r\n<li>Di\u00e1metro de llantas: 10&#8243; &#8211; 24&#8243;<\/li>\r\n<li>Di\u00e1metro m\u00e1x. de rueda: 1000 mm<\/li>\r\n<li>Ancho de Rueda: 1,5&#8243; &#8211; 20&#8243;<\/li>\r\n<li>Alimentaci\u00f3n: 230V\/1Ph\/50Hz\/0.25kW<\/li>\r\n<li>Peso m\u00e1ximo de la rueda: 70kg<\/li>\r\n<li>Peso: 132 kg<\/li>\r\n<\/ul>\r\n<p>&nbsp;<\/p>\r\n","protected":false},"excerpt":{"rendered":"<p>Datos T\u00e9cnicos: 5 Programas para llantas de aluminio y 2 programas para ALU-S Modo de equilibrado est\u00e1tico y din\u00e1mico Autocalibrado Toma de medidas de distancia y di\u00e1metro autom\u00e1tica Funci\u00f3n plomo oculto Pantalla LCD Freno de pedal Caracter\u00edsticas T\u00e9cnicas: Velocidad de giro: 200 rpm Tiempo de equilibrado: 10 s Precisi\u00f3n: +- 1 g \/ +-5 g&#8230;<\/p>\n","protected":false},"featured_media":2598,"template":"","meta":{"_acf_changed":false,"_kad_post_transparent":"default","_kad_post_title":"","_kad_post_layout":"default","_kad_post_sidebar_id":"","_kad_post_content_style":"default","_kad_post_vertical_padding":"default","_kad_post_feature":"","_kad_post_feature_position":"","_kad_post_header":false,"_kad_post_footer":false,"_kad_post_classname":""},"product_brand":[],"product_cat":[135,136,138,81,111],"product_tag":[],"class_list":{"0":"post-204","1":"product","2":"type-product","3":"status-publish","4":"has-post-thumbnail","6":"product_cat-equilibradoras","7":"product_cat-equilibradoras-automaticas","8":"product_cat-equilibradoras-semi-automaticas","9":"product_cat-maquinaria","10":"product_cat-maquinaria-de-ruedas","12":"first","13":"instock","14":"product-type-simple","15":"entry","16":"content-bg","17":"loop-entry"},"acf":[],"_links":{"self":[{"href":"https:\/\/www.damarl.com\/es\/wp-json\/wp\/v2\/product\/204","targetHints":{"allow":["GET"]}}],"collection":[{"href":"https:\/\/www.damarl.com\/es\/wp-json\/wp\/v2\/product"}],"about":[{"href":"https:\/\/www.damarl.com\/es\/wp-json\/wp\/v2\/types\/product"}],"wp:featuredmedia":[{"embeddable":true,"href":"https:\/\/www.damarl.com\/es\/wp-json\/wp\/v2\/media\/2598"}],"wp:attachment":[{"href":"https:\/\/www.damarl.com\/es\/wp-json\/wp\/v2\/media?parent=204"}],"wp:term":[{"taxonomy":"product_brand","embeddable":true,"href":"https:\/\/www.damarl.com\/es\/wp-json\/wp\/v2\/product_brand?post=204"},{"taxonomy":"product_cat","embeddable":true,"href":"https:\/\/www.damarl.com\/es\/wp-json\/wp\/v2\/product_cat?post=204"},{"taxonomy":"product_tag","embeddable":true,"href":"https:\/\/www.damarl.com\/es\/wp-json\/wp\/v2\/product_tag?post=204"}],"curies":[{"name":"wp","href":"https:\/\/api.w.org\/{rel}","templated":true}]}}