{"id":199,"date":"2023-03-31T10:50:45","date_gmt":"2023-03-31T10:50:45","guid":{"rendered":"https:\/\/webs.anubissolutions.es\/newdamarl\/producto\/desmontadora-de-ruedas-hdm186\/"},"modified":"2024-11-12T08:57:24","modified_gmt":"2024-11-12T08:57:24","slug":"desmontadora-de-ruedas-hdm186","status":"publish","type":"product","link":"https:\/\/www.damarl.com\/es\/producto\/desmontadora-de-ruedas-hdm186\/","title":{"rendered":"Desmontadora de Ruedas Autom\u00e1tico | HDM186"},"content":{"rendered":"\r\n<p><strong>Descripci\u00f3n:<\/strong><\/p>\r\n<ul>\r\n<li>M\u00e1quina dise\u00f1ada para ofrecer alto rendimiento<\/li>\r\n<li>Columna vertical de retroceso basculante autom\u00e1tica<\/li>\r\n<li>Sistema de 4 garras de sujeci\u00f3n auto-centrante<\/li>\r\n<li>Protector pl\u00e1stico de garras y u\u00f1a incluidos<\/li>\r\n<li>Pistola de inflado con man\u00f3metro<\/li>\r\n<\/ul>\r\n<p>&nbsp;<\/p>\r\n<p><strong>Datos T\u00e9cnicos:<\/strong><\/p>\r\n\r\n<ul>\r\n<li>Ancho de rueda: 3&#8243;-14&#8243;<\/li>\r\n<li>Ruedas (desde el interior): 13&#8243;-25&#8243;<\/li>\r\n<li>Ruedas (desde el exterior): 11&#8243;-23&#8243;<\/li>\r\n<li>Di\u00e1metro m\u00e1x. rueda: 1000 mm<\/li>\r\n<li>Alimentaci\u00f3n: 230V\/1ph\/1.1KW\/50Hz &#8211; 400 v \/ 3 ph \/ 0.75 kw<\/li>\r\n<li>Presi\u00f3n neum\u00e1tica de trabajo: 8 -10 bar<\/li>\r\n<li>Fuerza de destalonado: 2600 kg<\/li>\r\n<li>Peso Neto: 272 kg<\/li>\r\n<\/ul>\r\n<p>&nbsp;<\/p>","protected":false},"excerpt":{"rendered":"<p>Descripci\u00f3n: M\u00e1quina dise\u00f1ada para ofrecer alto rendimiento Columna vertical de retroceso basculante autom\u00e1tica Sistema de 4 garras de sujeci\u00f3n auto-centrante Protector pl\u00e1stico de garras y u\u00f1a incluidos Pistola de inflado con man\u00f3metro &nbsp; Datos T\u00e9cnicos: Ancho de rueda: 3&#8243;-14&#8243; Ruedas (desde el interior): 13&#8243;-25&#8243; Ruedas (desde el exterior): 11&#8243;-23&#8243; Di\u00e1metro m\u00e1x. rueda: 1000 mm Alimentaci\u00f3n:&#8230;<\/p>\n","protected":false},"featured_media":2546,"template":"","meta":{"_acf_changed":false,"_kad_post_transparent":"default","_kad_post_title":"","_kad_post_layout":"default","_kad_post_sidebar_id":"","_kad_post_content_style":"default","_kad_post_vertical_padding":"default","_kad_post_feature":"","_kad_post_feature_position":"","_kad_post_header":false,"_kad_post_footer":false,"_kad_post_classname":""},"product_brand":[],"product_cat":[131,132,81,111],"product_tag":[],"class_list":{"0":"post-199","1":"product","2":"type-product","3":"status-publish","4":"has-post-thumbnail","6":"product_cat-desmontadoras","7":"product_cat-desmontadoras-automaticas","8":"product_cat-maquinaria","9":"product_cat-maquinaria-de-ruedas","11":"first","12":"instock","13":"featured","14":"product-type-simple","15":"entry","16":"content-bg","17":"loop-entry"},"acf":[],"_links":{"self":[{"href":"https:\/\/www.damarl.com\/es\/wp-json\/wp\/v2\/product\/199","targetHints":{"allow":["GET"]}}],"collection":[{"href":"https:\/\/www.damarl.com\/es\/wp-json\/wp\/v2\/product"}],"about":[{"href":"https:\/\/www.damarl.com\/es\/wp-json\/wp\/v2\/types\/product"}],"wp:featuredmedia":[{"embeddable":true,"href":"https:\/\/www.damarl.com\/es\/wp-json\/wp\/v2\/media\/2546"}],"wp:attachment":[{"href":"https:\/\/www.damarl.com\/es\/wp-json\/wp\/v2\/media?parent=199"}],"wp:term":[{"taxonomy":"product_brand","embeddable":true,"href":"https:\/\/www.damarl.com\/es\/wp-json\/wp\/v2\/product_brand?post=199"},{"taxonomy":"product_cat","embeddable":true,"href":"https:\/\/www.damarl.com\/es\/wp-json\/wp\/v2\/product_cat?post=199"},{"taxonomy":"product_tag","embeddable":true,"href":"https:\/\/www.damarl.com\/es\/wp-json\/wp\/v2\/product_tag?post=199"}],"curies":[{"name":"wp","href":"https:\/\/api.w.org\/{rel}","templated":true}]}}