{"id":194,"date":"2023-03-31T10:50:42","date_gmt":"2023-03-31T10:50:42","guid":{"rendered":"https:\/\/webs.anubissolutions.es\/newdamarl\/producto\/spray-salpicaderos-400ml-140006\/"},"modified":"2024-09-30T10:35:09","modified_gmt":"2024-09-30T10:35:09","slug":"spray-salpicaderos-400ml-140006","status":"publish","type":"product","link":"https:\/\/www.damarl.com\/es\/producto\/spray-salpicaderos-400ml-140006\/","title":{"rendered":"SPRAY SALPICADEROS 400ML &#8211; 140006"},"content":{"rendered":"<h1>SPRAY SALPICADEROS 400ML<\/h1>\n<p><strong>Especificaciones:<\/strong><\/p>\n<p>Especialmente formulado para la protecci\u00f3n de pl\u00e1sticos, gomas y cuero. Puede ser utilizado como lubricante de uso general, especialmente en superficies no met\u00e1licas y donde un lubricante limpio es requerido.<\/p>\n<p><strong>Principales aplicaciones:<\/strong><\/p>\n<p>&#8211; Recuperaci\u00f3n de salpicaderos.<\/p>\n<p>&#8211; Protecci\u00f3n de gomas.<\/p>\n<p>&#8211; Recuperaci\u00f3n de pl\u00e1sticos, bolsos.<\/p>\n<p>&#8211; Recubrimiento de muebles.<\/p>\n<p>&#8211; Aerosol 400ml<\/p>\n","protected":false},"excerpt":{"rendered":"<p class=\"ficha-download\"><a href=\"https:\/\/www.damarl.com\/wp-content\/uploads\/2023\/03\/PRODUCTOS-QUIMICOS-SUMINISTROS-DAMA-DAMARL-PG70.pdf\">Descargar Ficha<\/a><\/p>\n","protected":false},"featured_media":0,"template":"","meta":{"_acf_changed":false,"_kad_post_transparent":"","_kad_post_title":"","_kad_post_layout":"","_kad_post_sidebar_id":"","_kad_post_content_style":"","_kad_post_vertical_padding":"","_kad_post_feature":"","_kad_post_feature_position":"","_kad_post_header":false,"_kad_post_footer":false,"_kad_post_classname":""},"product_brand":[],"product_cat":[80,93],"product_tag":[],"class_list":{"0":"post-194","1":"product","2":"type-product","3":"status-publish","5":"product_cat-herramientas","6":"product_cat-productos-quimicos","8":"first","9":"instock","10":"product-type-simple","11":"entry","12":"content-bg","13":"loop-entry"},"acf":[],"_links":{"self":[{"href":"https:\/\/www.damarl.com\/es\/wp-json\/wp\/v2\/product\/194","targetHints":{"allow":["GET"]}}],"collection":[{"href":"https:\/\/www.damarl.com\/es\/wp-json\/wp\/v2\/product"}],"about":[{"href":"https:\/\/www.damarl.com\/es\/wp-json\/wp\/v2\/types\/product"}],"wp:attachment":[{"href":"https:\/\/www.damarl.com\/es\/wp-json\/wp\/v2\/media?parent=194"}],"wp:term":[{"taxonomy":"product_brand","embeddable":true,"href":"https:\/\/www.damarl.com\/es\/wp-json\/wp\/v2\/product_brand?post=194"},{"taxonomy":"product_cat","embeddable":true,"href":"https:\/\/www.damarl.com\/es\/wp-json\/wp\/v2\/product_cat?post=194"},{"taxonomy":"product_tag","embeddable":true,"href":"https:\/\/www.damarl.com\/es\/wp-json\/wp\/v2\/product_tag?post=194"}],"curies":[{"name":"wp","href":"https:\/\/api.w.org\/{rel}","templated":true}]}}