{"id":192,"date":"2023-03-31T10:50:42","date_gmt":"2023-03-31T10:50:42","guid":{"rendered":"https:\/\/webs.anubissolutions.es\/newdamarl\/producto\/spray-zinc-claro-400ml-140011\/"},"modified":"2024-09-30T10:34:36","modified_gmt":"2024-09-30T10:34:36","slug":"spray-zinc-claro-400ml-140011","status":"publish","type":"product","link":"https:\/\/www.damarl.com\/es\/producto\/spray-zinc-claro-400ml-140011\/","title":{"rendered":"SPRAY ZINC CLARO 400ML &#8211; 140011"},"content":{"rendered":"<h1>SPRAY ZINC CLARO 400ML<\/h1>\n<p><strong>Especificaciones:<\/strong><\/p>\n<p>Agente de galvanizaci\u00f3n en fr\u00edo de componente \u00fanico, a base de resinas de tipo acr\u00edlico, con elevado poder de protecci\u00f3n de agentes corrosivos. Su equilibrada f\u00f3rmula contiene zinc puro, aluminio y pigmentos dilatadores que dan al producto una coloraci\u00f3n muy clara, para un buen acabado final, m\u00e1s all\u00e1 de un elevado poder de fijaci\u00f3n sobre el metal. Se utiliza para acabados o para protecci\u00f3n contra la oxidaci\u00f3n de partes galvanizadas, barandas, puertas, etc, y en cualquier pieza donde un acabado claro sea requerido.<\/p>\n<p>&#8211; Aerosol 400ml<\/p>\n","protected":false},"excerpt":{"rendered":"<p class=\"ficha-download\"><a href=\"https:\/\/www.damarl.com\/wp-content\/uploads\/2023\/03\/PRODUCTOS-QUIMICOS-SUMINISTROS-DAMA-DAMARL-PG70.pdf\">Descargar Ficha<\/a><\/p>\n","protected":false},"featured_media":0,"template":"","meta":{"_acf_changed":false,"_kad_post_transparent":"","_kad_post_title":"","_kad_post_layout":"","_kad_post_sidebar_id":"","_kad_post_content_style":"","_kad_post_vertical_padding":"","_kad_post_feature":"","_kad_post_feature_position":"","_kad_post_header":false,"_kad_post_footer":false,"_kad_post_classname":""},"product_brand":[],"product_cat":[80,93],"product_tag":[],"class_list":{"0":"post-192","1":"product","2":"type-product","3":"status-publish","5":"product_cat-herramientas","6":"product_cat-productos-quimicos","8":"first","9":"instock","10":"product-type-simple","11":"entry","12":"content-bg","13":"loop-entry"},"acf":[],"_links":{"self":[{"href":"https:\/\/www.damarl.com\/es\/wp-json\/wp\/v2\/product\/192","targetHints":{"allow":["GET"]}}],"collection":[{"href":"https:\/\/www.damarl.com\/es\/wp-json\/wp\/v2\/product"}],"about":[{"href":"https:\/\/www.damarl.com\/es\/wp-json\/wp\/v2\/types\/product"}],"wp:attachment":[{"href":"https:\/\/www.damarl.com\/es\/wp-json\/wp\/v2\/media?parent=192"}],"wp:term":[{"taxonomy":"product_brand","embeddable":true,"href":"https:\/\/www.damarl.com\/es\/wp-json\/wp\/v2\/product_brand?post=192"},{"taxonomy":"product_cat","embeddable":true,"href":"https:\/\/www.damarl.com\/es\/wp-json\/wp\/v2\/product_cat?post=192"},{"taxonomy":"product_tag","embeddable":true,"href":"https:\/\/www.damarl.com\/es\/wp-json\/wp\/v2\/product_tag?post=192"}],"curies":[{"name":"wp","href":"https:\/\/api.w.org\/{rel}","templated":true}]}}