{"id":190,"date":"2023-03-31T10:50:42","date_gmt":"2023-03-31T10:50:42","guid":{"rendered":"https:\/\/webs.anubissolutions.es\/newdamarl\/producto\/spray-limpia-frenos-500ml-140013\/"},"modified":"2024-09-30T10:34:14","modified_gmt":"2024-09-30T10:34:14","slug":"spray-limpia-frenos-500ml-140013","status":"publish","type":"product","link":"https:\/\/www.damarl.com\/es\/producto\/spray-limpia-frenos-500ml-140013\/","title":{"rendered":"SPRAY LIMPIA FRENOS 500ML &#8211; 140013"},"content":{"rendered":"<h1>SPRAY LIMPIA FRENOS 500ML<\/h1>\n<p><strong>Especificaciones:<\/strong><\/p>\n<p>Spray de limpieza multiusos, especialmente desarrollado para el sector del autom\u00f3vil. Limpia y desengrasa todo tipo de piezas de metal, vidrio, cer\u00e1mica y la mayor\u00eda de los pl\u00e1sticos. Seca r\u00e1pida y no deja residuos.<\/p>\n<p><strong>Principales aplicaciones:<\/strong><\/p>\n<p>&#8211; En frenos de disco y de tambor, gu\u00edas, cilindros, muelles y protecciones de chapa.- Embragues, carburadores y cuerpos de inyecci\u00f3n, colectores de admisi\u00f3n, bombas de aceite y combustible, transmisiones, piezas de motor, etc.<\/p>\n<p>&#8211; Aerosol 500ml<\/p>\n","protected":false},"excerpt":{"rendered":"<p class=\"ficha-download\"><a href=\"https:\/\/www.damarl.com\/wp-content\/uploads\/2023\/03\/PRODUCTOS-QUIMICOS-SUMINISTROS-DAMA-DAMARL-PG69.pdf\">Descargar Ficha<\/a><\/p>\n","protected":false},"featured_media":0,"template":"","meta":{"_acf_changed":false,"_kad_post_transparent":"","_kad_post_title":"","_kad_post_layout":"","_kad_post_sidebar_id":"","_kad_post_content_style":"","_kad_post_vertical_padding":"","_kad_post_feature":"","_kad_post_feature_position":"","_kad_post_header":false,"_kad_post_footer":false,"_kad_post_classname":""},"product_brand":[],"product_cat":[80,93],"product_tag":[],"class_list":{"0":"post-190","1":"product","2":"type-product","3":"status-publish","5":"product_cat-herramientas","6":"product_cat-productos-quimicos","8":"first","9":"instock","10":"product-type-simple","11":"entry","12":"content-bg","13":"loop-entry"},"acf":[],"_links":{"self":[{"href":"https:\/\/www.damarl.com\/es\/wp-json\/wp\/v2\/product\/190","targetHints":{"allow":["GET"]}}],"collection":[{"href":"https:\/\/www.damarl.com\/es\/wp-json\/wp\/v2\/product"}],"about":[{"href":"https:\/\/www.damarl.com\/es\/wp-json\/wp\/v2\/types\/product"}],"wp:attachment":[{"href":"https:\/\/www.damarl.com\/es\/wp-json\/wp\/v2\/media?parent=190"}],"wp:term":[{"taxonomy":"product_brand","embeddable":true,"href":"https:\/\/www.damarl.com\/es\/wp-json\/wp\/v2\/product_brand?post=190"},{"taxonomy":"product_cat","embeddable":true,"href":"https:\/\/www.damarl.com\/es\/wp-json\/wp\/v2\/product_cat?post=190"},{"taxonomy":"product_tag","embeddable":true,"href":"https:\/\/www.damarl.com\/es\/wp-json\/wp\/v2\/product_tag?post=190"}],"curies":[{"name":"wp","href":"https:\/\/api.w.org\/{rel}","templated":true}]}}