{"id":173,"date":"2023-03-31T10:50:39","date_gmt":"2023-03-31T10:50:39","guid":{"rendered":"https:\/\/webs.anubissolutions.es\/newdamarl\/producto\/lampara-plegable-con-base-de-carga-rapida-600-lumenes-da4004s\/"},"modified":"2024-12-03T08:04:59","modified_gmt":"2024-12-03T08:04:59","slug":"lampara-plegable-con-base-de-carga-rapida-600-lumenes-da4004s","status":"publish","type":"product","link":"https:\/\/www.damarl.com\/es\/producto\/lampara-plegable-con-base-de-carga-rapida-600-lumenes-da4004s\/","title":{"rendered":"L\u00e1mpara de Taller Plegable con Base de Carga R\u00e1pida 600 L\u00famenes | DA4004S"},"content":{"rendered":"<p>Linterna de mano LED articulada, estrecha y ligera con iluminaci\u00f3n en ambos lados. Conexi\u00f3n de carga USB-C y base de carga r\u00e1pida.<\/p>\n<p><b>Caracter\u00edsticas<\/b><strong>:<\/strong><\/p>\n<p>\u2022 Iluminaci\u00f3n frontal LED: COB 600 l\u00famenes<br \/>\n\u2022 Iluminaci\u00f3n linterna LED: 200 l\u00famenes<br \/>\n\u2022 3 modos de iluminaci\u00f3n: Linterna, Frontal y Roja<br \/>\n\u2022 Bater\u00eda: 3,7 V 18650 Li-ion &#8211; 2000 mAh<br \/>\n\u2022 Fuente de luz: 10W COB (frontal) \/ 5W LED (linterna)<br \/>\n\u2022 Duraci\u00f3n de la iluminaci\u00f3n (frontal): 3h<br \/>\n\u2022 Duraci\u00f3n de la iluminaci\u00f3n (linterna): 3h<br \/>\n\u2022 Recargable v\u00eda Base de Carga r\u00e1pida y USB cable (incluido)<br \/>\n\u2022 Requiere: DC5V &#8211; 1A max (conector USB)<br \/>\n\u2022 Funci\u00f3n de Power Bank<br \/>\n\u2022 Base Magn\u00e9tica<br \/>\n\u2022 Tiempo de carga: 3h<br \/>\n\u2022 Indicador de nivel de carga<br \/>\n\u2022 Peso neto: 241g<\/p>\n","protected":false},"excerpt":{"rendered":"<p>Linterna de mano LED articulada, estrecha y ligera con iluminaci\u00f3n en ambos lados. Conexi\u00f3n de carga USB-C y base de carga r\u00e1pida. Caracter\u00edsticas: \u2022 Iluminaci\u00f3n frontal LED: COB 600 l\u00famenes \u2022 Iluminaci\u00f3n linterna LED: 200 l\u00famenes \u2022 3 modos de iluminaci\u00f3n: Linterna, Frontal y Roja \u2022 Bater\u00eda: 3,7 V 18650 Li-ion &#8211; 2000 mAh \u2022&#8230;<\/p>\n","protected":false},"featured_media":4888,"template":"","meta":{"_acf_changed":false,"_kad_post_transparent":"default","_kad_post_title":"","_kad_post_layout":"default","_kad_post_sidebar_id":"","_kad_post_content_style":"default","_kad_post_vertical_padding":"default","_kad_post_feature":"","_kad_post_feature_position":"","_kad_post_header":false,"_kad_post_footer":false,"_kad_post_classname":""},"product_brand":[],"product_cat":[80,87,175],"product_tag":[],"class_list":{"0":"post-173","1":"product","2":"type-product","3":"status-publish","4":"has-post-thumbnail","6":"product_cat-herramientas","7":"product_cat-iluminacion","8":"product_cat-portatiles-de-taller","10":"first","11":"instock","12":"product-type-simple","13":"entry","14":"content-bg","15":"loop-entry"},"acf":[],"_links":{"self":[{"href":"https:\/\/www.damarl.com\/es\/wp-json\/wp\/v2\/product\/173","targetHints":{"allow":["GET"]}}],"collection":[{"href":"https:\/\/www.damarl.com\/es\/wp-json\/wp\/v2\/product"}],"about":[{"href":"https:\/\/www.damarl.com\/es\/wp-json\/wp\/v2\/types\/product"}],"wp:featuredmedia":[{"embeddable":true,"href":"https:\/\/www.damarl.com\/es\/wp-json\/wp\/v2\/media\/4888"}],"wp:attachment":[{"href":"https:\/\/www.damarl.com\/es\/wp-json\/wp\/v2\/media?parent=173"}],"wp:term":[{"taxonomy":"product_brand","embeddable":true,"href":"https:\/\/www.damarl.com\/es\/wp-json\/wp\/v2\/product_brand?post=173"},{"taxonomy":"product_cat","embeddable":true,"href":"https:\/\/www.damarl.com\/es\/wp-json\/wp\/v2\/product_cat?post=173"},{"taxonomy":"product_tag","embeddable":true,"href":"https:\/\/www.damarl.com\/es\/wp-json\/wp\/v2\/product_tag?post=173"}],"curies":[{"name":"wp","href":"https:\/\/api.w.org\/{rel}","templated":true}]}}