{"id":170,"date":"2023-03-31T10:50:39","date_gmt":"2023-03-31T10:50:39","guid":{"rendered":"https:\/\/webs.anubissolutions.es\/newdamarl\/producto\/gato-neumatico-2t-elevacion-central-xt402n\/"},"modified":"2025-03-06T17:05:31","modified_gmt":"2025-03-06T17:05:31","slug":"gato-central-hidroneumatico-3t-ieq1208","status":"publish","type":"product","link":"https:\/\/www.damarl.com\/es\/producto\/gato-central-hidroneumatico-3t-ieq1208\/","title":{"rendered":"Gato Central Hidroneum\u00e1tico 3T | IEQ1208"},"content":{"rendered":"\r\n<h2>Gato Neum\u00e1tico Elevaci\u00f3n Central 3 Toneladas<\/h2>\r\n<p>Accesorio elevaci\u00f3n central para elevadores 4 columnas de funcionamiento electro-hidr\u00e1ulico para trabajar con veh\u00edculos de tama\u00f1o grande, mediano y peque\u00f1o.<\/p>\r\n<p><b>Datos t\u00e9cnicos:<\/b><\/p>\r\n\r\n\r\n\r\n<p>Capacidad m\u00e1xima: 3000 kg<br \/>Peso: 159 Kg<\/p>\r\n","protected":false},"excerpt":{"rendered":"<p class=\"ficha-download\"><a href=\"https:\/\/www.damarl.com\/wp-content\/uploads\/2024\/09\/Gato_central_3t_IEQ1208_catalogo_dama_2024_pag63.pdf\">Descargar Ficha<\/a><\/p>\n","protected":false},"featured_media":6830,"template":"","meta":{"_acf_changed":false,"_kad_post_transparent":"default","_kad_post_title":"","_kad_post_layout":"default","_kad_post_sidebar_id":"","_kad_post_content_style":"default","_kad_post_vertical_padding":"default","_kad_post_feature":"","_kad_post_feature_position":"","_kad_post_header":false,"_kad_post_footer":false,"_kad_post_classname":""},"product_brand":[],"product_cat":[171,81],"product_tag":[],"class_list":{"0":"post-170","1":"product","2":"type-product","3":"status-publish","4":"has-post-thumbnail","6":"product_cat-accesorios-de-elevador","7":"product_cat-maquinaria","9":"first","10":"instock","11":"product-type-simple","12":"entry","13":"content-bg","14":"loop-entry"},"acf":[],"_links":{"self":[{"href":"https:\/\/www.damarl.com\/es\/wp-json\/wp\/v2\/product\/170","targetHints":{"allow":["GET"]}}],"collection":[{"href":"https:\/\/www.damarl.com\/es\/wp-json\/wp\/v2\/product"}],"about":[{"href":"https:\/\/www.damarl.com\/es\/wp-json\/wp\/v2\/types\/product"}],"wp:featuredmedia":[{"embeddable":true,"href":"https:\/\/www.damarl.com\/es\/wp-json\/wp\/v2\/media\/6830"}],"wp:attachment":[{"href":"https:\/\/www.damarl.com\/es\/wp-json\/wp\/v2\/media?parent=170"}],"wp:term":[{"taxonomy":"product_brand","embeddable":true,"href":"https:\/\/www.damarl.com\/es\/wp-json\/wp\/v2\/product_brand?post=170"},{"taxonomy":"product_cat","embeddable":true,"href":"https:\/\/www.damarl.com\/es\/wp-json\/wp\/v2\/product_cat?post=170"},{"taxonomy":"product_tag","embeddable":true,"href":"https:\/\/www.damarl.com\/es\/wp-json\/wp\/v2\/product_tag?post=170"}],"curies":[{"name":"wp","href":"https:\/\/api.w.org\/{rel}","templated":true}]}}