{"id":167,"date":"2023-03-31T10:50:39","date_gmt":"2023-03-31T10:50:39","guid":{"rendered":"https:\/\/webs.anubissolutions.es\/newdamarl\/producto\/elevador-tijera-doble-elevacion-para-taller-dm4-0ms\/"},"modified":"2025-03-07T09:58:26","modified_gmt":"2025-03-07T09:58:26","slug":"elevador-tijera-doble-elevacion-para-taller-dm4-0ms","status":"publish","type":"product","link":"https:\/\/www.damarl.com\/es\/producto\/elevador-tijera-doble-elevacion-para-taller-dm4-0ms\/","title":{"rendered":"Elevador Tijera de Doble Elevaci\u00f3n de Superficie para Alineaci\u00f3n 4T | DM4.0MS"},"content":{"rendered":"<p><strong>Descripci\u00f3n: <\/strong><\/p>\n<ul>\n<li>Elevador de tijera para instalaci\u00f3n en superficie<\/li>\n<li>Perfil bajo<\/li>\n<li>Doble elevaci\u00f3n<\/li>\n<li>Huecos para platos de alineaci\u00f3n<\/li>\n<li>Plataformas traseras deslizantes<\/li>\n<li>Sistema de bloqueo mec\u00e1nico con accionamiento neum\u00e1tico<\/li>\n<li>Micro interruptor final de carrera<\/li>\n<li>Mecanismo de arranque para levantar mayor carga desde la posici\u00f3n m\u00e1s baja<\/li>\n<li>Calzos para distintos tipos de veh\u00edculos<\/li>\n<\/ul>\n<p><strong>Datos T\u00e9cnicos: <\/strong><\/p>\n<ul>\n<li>Capacidad elevador principal: 4000 kg<\/li>\n<li>Capacidad elevador secundario: 3500 kg<\/li>\n<li>Elevaci\u00f3n tijera principal: 240 &#8211; 1830 mm<\/li>\n<li>Elevaci\u00f3n tijera secundaria: 400 mm<\/li>\n<li>Longitud plataforma principal: 4500 mm<\/li>\n<li>Anchura de plataforma principal: 630 mm<\/li>\n<li>Tiempo de subida: \u226490 s<\/li>\n<li>Alimentaci\u00f3n: 400V\/3ph\/50Hz\/3.0KW<\/li>\n<li>Peso: 2200 kg<\/li>\n<\/ul>\n","protected":false},"excerpt":{"rendered":"<p>Descripci\u00f3n: Elevador de tijera para instalaci\u00f3n en superficie Perfil bajo Doble elevaci\u00f3n Huecos para platos de alineaci\u00f3n Plataformas traseras deslizantes Sistema de bloqueo mec\u00e1nico con accionamiento neum\u00e1tico Micro interruptor final de carrera Mecanismo de arranque para levantar mayor carga desde la posici\u00f3n m\u00e1s baja Calzos para distintos tipos de veh\u00edculos Datos T\u00e9cnicos: Capacidad elevador principal:&#8230;<\/p>\n","protected":false},"featured_media":1501,"template":"","meta":{"_acf_changed":false,"_kad_post_transparent":"default","_kad_post_title":"","_kad_post_layout":"default","_kad_post_sidebar_id":"","_kad_post_content_style":"default","_kad_post_vertical_padding":"default","_kad_post_feature":"","_kad_post_feature_position":"","_kad_post_header":false,"_kad_post_footer":false,"_kad_post_classname":""},"product_brand":[],"product_cat":[109,123,81],"product_tag":[],"class_list":{"0":"post-167","1":"product","2":"type-product","3":"status-publish","4":"has-post-thumbnail","6":"product_cat-elevadores","7":"product_cat-elevadores-de-tijera","8":"product_cat-maquinaria","10":"first","11":"instock","12":"product-type-simple","13":"entry","14":"content-bg","15":"loop-entry"},"acf":[],"_links":{"self":[{"href":"https:\/\/www.damarl.com\/es\/wp-json\/wp\/v2\/product\/167","targetHints":{"allow":["GET"]}}],"collection":[{"href":"https:\/\/www.damarl.com\/es\/wp-json\/wp\/v2\/product"}],"about":[{"href":"https:\/\/www.damarl.com\/es\/wp-json\/wp\/v2\/types\/product"}],"wp:featuredmedia":[{"embeddable":true,"href":"https:\/\/www.damarl.com\/es\/wp-json\/wp\/v2\/media\/1501"}],"wp:attachment":[{"href":"https:\/\/www.damarl.com\/es\/wp-json\/wp\/v2\/media?parent=167"}],"wp:term":[{"taxonomy":"product_brand","embeddable":true,"href":"https:\/\/www.damarl.com\/es\/wp-json\/wp\/v2\/product_brand?post=167"},{"taxonomy":"product_cat","embeddable":true,"href":"https:\/\/www.damarl.com\/es\/wp-json\/wp\/v2\/product_cat?post=167"},{"taxonomy":"product_tag","embeddable":true,"href":"https:\/\/www.damarl.com\/es\/wp-json\/wp\/v2\/product_tag?post=167"}],"curies":[{"name":"wp","href":"https:\/\/api.w.org\/{rel}","templated":true}]}}