{"id":166,"date":"2023-03-31T10:50:39","date_gmt":"2023-03-31T10:50:39","guid":{"rendered":"https:\/\/webs.anubissolutions.es\/newdamarl\/producto\/elevador-de-coches-2-columnas-para-taller-dm5-0t-1\/"},"modified":"2025-03-04T12:26:21","modified_gmt":"2025-03-04T12:26:21","slug":"elevador-de-coches-2-columnas-para-taller-dm5-0t-1","status":"publish","type":"product","link":"https:\/\/www.damarl.com\/es\/producto\/elevador-de-coches-2-columnas-para-taller-dm5-0t-1\/","title":{"rendered":"Elevador 2 Columnas Semi Base 5T | DM5.0T\/1"},"content":{"rendered":"\r\n<p><strong>Descripci\u00f3n:<\/strong><\/p>\r\n\r\n\r\n\r\n<ul>\r\n<li>Instalaci\u00f3n directa en suelo<\/li>\r\n<li>2 Cilindros hidr\u00e1ulicos + cadena<\/li>\r\n<li>Sincronizaci\u00f3n por cable de acero<\/li>\r\n<li>Electrov\u00e1lvula de bajada<\/li>\r\n<li>Sistema de bloqueo de seguridad electromagn\u00e9tico<\/li>\r\n<li>Micro electr\u00f3nico de altura<\/li>\r\n<li>Brazos sim\u00e9tricos de 3 tramos<\/li>\r\n<li>Realzas<\/li>\r\n<\/ul>\r\n\r\n\r\n\r\n<p><strong>Datos t\u00e9cnicos:<\/strong><\/p>\r\n\r\n\r\n\r\n<ul>\r\n<li>Capacidad: 5000 kg<\/li>\r\n<li>Rango de elevaci\u00f3n: 110 &#8211; 1800 mm<\/li>\r\n<li>Altura: 2836 mm<\/li>\r\n<li>Ancho: 3920 mm<\/li>\r\n<li>Tiempo de subida: 60 s<\/li>\r\n<li>Tiempo de bajada: 20-60 s<\/li>\r\n<li>Alimentaci\u00f3n: 400V\/3ph\/50Hz\/3.0KW<\/li>\r\n<li>Peso: 1175 kg<\/li>\r\n<\/ul>\r\n","protected":false},"excerpt":{"rendered":"<p>Descripci\u00f3n: Instalaci\u00f3n directa en suelo 2 Cilindros hidr\u00e1ulicos + cadena Sincronizaci\u00f3n por cable de acero Electrov\u00e1lvula de bajada Sistema de bloqueo de seguridad electromagn\u00e9tico Micro electr\u00f3nico de altura Brazos sim\u00e9tricos de 3 tramos Realzas Datos t\u00e9cnicos: Capacidad: 5000 kg Rango de elevaci\u00f3n: 110 &#8211; 1800 mm Altura: 2836 mm Ancho: 3920 mm Tiempo de subida:&#8230;<\/p>\n","protected":false},"featured_media":1932,"template":"","meta":{"_acf_changed":false,"_kad_post_transparent":"default","_kad_post_title":"","_kad_post_layout":"default","_kad_post_sidebar_id":"","_kad_post_content_style":"default","_kad_post_vertical_padding":"default","_kad_post_feature":"","_kad_post_feature_position":"","_kad_post_header":false,"_kad_post_footer":false,"_kad_post_classname":""},"product_brand":[],"product_cat":[109,119,117,81],"product_tag":[],"class_list":{"0":"post-166","1":"product","2":"type-product","3":"status-publish","4":"has-post-thumbnail","6":"product_cat-elevadores","7":"product_cat-elevadores-de-2-columnas","8":"product_cat-elevadores-de-taller","9":"product_cat-maquinaria","11":"first","12":"instock","13":"product-type-simple","14":"entry","15":"content-bg","16":"loop-entry"},"acf":[],"_links":{"self":[{"href":"https:\/\/www.damarl.com\/es\/wp-json\/wp\/v2\/product\/166","targetHints":{"allow":["GET"]}}],"collection":[{"href":"https:\/\/www.damarl.com\/es\/wp-json\/wp\/v2\/product"}],"about":[{"href":"https:\/\/www.damarl.com\/es\/wp-json\/wp\/v2\/types\/product"}],"wp:featuredmedia":[{"embeddable":true,"href":"https:\/\/www.damarl.com\/es\/wp-json\/wp\/v2\/media\/1932"}],"wp:attachment":[{"href":"https:\/\/www.damarl.com\/es\/wp-json\/wp\/v2\/media?parent=166"}],"wp:term":[{"taxonomy":"product_brand","embeddable":true,"href":"https:\/\/www.damarl.com\/es\/wp-json\/wp\/v2\/product_brand?post=166"},{"taxonomy":"product_cat","embeddable":true,"href":"https:\/\/www.damarl.com\/es\/wp-json\/wp\/v2\/product_cat?post=166"},{"taxonomy":"product_tag","embeddable":true,"href":"https:\/\/www.damarl.com\/es\/wp-json\/wp\/v2\/product_tag?post=166"}],"curies":[{"name":"wp","href":"https:\/\/api.w.org\/{rel}","templated":true}]}}