{"id":162,"date":"2023-03-31T10:50:39","date_gmt":"2023-03-31T10:50:39","guid":{"rendered":"https:\/\/webs.anubissolutions.es\/newdamarl\/producto\/elevador-tijera-para-taller-dm3-0\/"},"modified":"2025-03-06T14:28:51","modified_gmt":"2025-03-06T14:28:51","slug":"elevador-tijera-para-taller-dm3-0","status":"publish","type":"product","link":"https:\/\/www.damarl.com\/es\/producto\/elevador-tijera-para-taller-dm3-0\/","title":{"rendered":"Elevador Tijera de Superficie 3T | DM3.0"},"content":{"rendered":"<p>Elevador de tijera para instalaci\u00f3n en superficie para taller de 3 Toneladas.<br \/>\nElevador electrohidr\u00e1ulico de coches para taller. Elevador tijera monof\u00e1sico y trif\u00e1sico.<\/p>\n<p><strong>Descripci\u00f3n:<\/strong><\/p>\n<p>\u2022 Elevador de tijera para instalaci\u00f3n en superficie<br \/>\n\u2022 Rampas con bloqueo horizontal<br \/>\n\u2022 Sistema de bloqueo mec\u00e1nico con accionamiento neum\u00e1tico<br \/>\n\u2022 Micro interruptor final de carrera<br \/>\n\u2022 Mecanismo de arranque para levantar mayor carga desde la posici\u00f3n m\u00e1s baja<br \/>\n\u2022 Calzos para distintos tipos de veh\u00edculos<\/p>\n<p><strong>Especificaciones:<br \/>\n<\/strong><br \/>\n\u2022 Capacidad: 3000 kg<br \/>\n\u2022 Presi\u00f3n de aire: 6-8 bar<br \/>\n\u2022 Alimentaci\u00f3n: 400V\/3ph\/50Hz\/2.2KW &#8211; 230V\/1ph\/50Hz\/2.2KW<br \/>\n\u2022 Peso: 895 kg<\/p>\n","protected":false},"excerpt":{"rendered":"<p class=\"ficha-download\"><a href=\"https:\/\/www.damarl.com\/wp-content\/uploads\/2024\/09\/Elevador_tijera_DM3.0_230V_400V_catalogo_dama_2024_pag70.pdf\">Descargar Ficha<\/a><\/p>\n","protected":false},"featured_media":1180,"template":"","meta":{"_acf_changed":false,"_kad_post_transparent":"default","_kad_post_title":"","_kad_post_layout":"default","_kad_post_sidebar_id":"","_kad_post_content_style":"default","_kad_post_vertical_padding":"default","_kad_post_feature":"","_kad_post_feature_position":"","_kad_post_header":false,"_kad_post_footer":false,"_kad_post_classname":""},"product_brand":[],"product_cat":[109,117,123,81],"product_tag":[],"class_list":{"0":"post-162","1":"product","2":"type-product","3":"status-publish","4":"has-post-thumbnail","6":"product_cat-elevadores","7":"product_cat-elevadores-de-taller","8":"product_cat-elevadores-de-tijera","9":"product_cat-maquinaria","11":"first","12":"instock","13":"product-type-simple","14":"entry","15":"content-bg","16":"loop-entry"},"acf":[],"_links":{"self":[{"href":"https:\/\/www.damarl.com\/es\/wp-json\/wp\/v2\/product\/162","targetHints":{"allow":["GET"]}}],"collection":[{"href":"https:\/\/www.damarl.com\/es\/wp-json\/wp\/v2\/product"}],"about":[{"href":"https:\/\/www.damarl.com\/es\/wp-json\/wp\/v2\/types\/product"}],"wp:featuredmedia":[{"embeddable":true,"href":"https:\/\/www.damarl.com\/es\/wp-json\/wp\/v2\/media\/1180"}],"wp:attachment":[{"href":"https:\/\/www.damarl.com\/es\/wp-json\/wp\/v2\/media?parent=162"}],"wp:term":[{"taxonomy":"product_brand","embeddable":true,"href":"https:\/\/www.damarl.com\/es\/wp-json\/wp\/v2\/product_brand?post=162"},{"taxonomy":"product_cat","embeddable":true,"href":"https:\/\/www.damarl.com\/es\/wp-json\/wp\/v2\/product_cat?post=162"},{"taxonomy":"product_tag","embeddable":true,"href":"https:\/\/www.damarl.com\/es\/wp-json\/wp\/v2\/product_tag?post=162"}],"curies":[{"name":"wp","href":"https:\/\/api.w.org\/{rel}","templated":true}]}}