{"id":160,"date":"2023-03-31T10:50:39","date_gmt":"2023-03-31T10:50:39","guid":{"rendered":"https:\/\/webs.anubissolutions.es\/newdamarl\/producto\/termometro-digital-por-infrarrojo-da1530d\/"},"modified":"2024-09-30T10:36:13","modified_gmt":"2024-09-30T10:36:13","slug":"termometro-digital-por-infrarrojo-da1530d","status":"publish","type":"product","link":"https:\/\/www.damarl.com\/es\/producto\/termometro-digital-por-infrarrojo-da1530d\/","title":{"rendered":"TERMOMETRO DIGITAL POR INFRARROJO &#8211; DA1530D"},"content":{"rendered":"<p><strong>Descripci\u00f3n:<\/strong><\/p>\n<p>MEDICI\u00d3N DE TEMPERATURA SIN CONTACTO &#8211; Medici\u00f3n por infrarrojos.<br \/>\nF\u00c1CIL USO, INSTANT\u00c1NEO Y PRECISO &#8211; En menos de 1 segundo tendremos una<br \/>\nmedici\u00f3n r\u00e1pida, m\u00ednimo margen de error de solo \u00b1 0,2 grados.<br \/>\nSISTEMA DE IDENTIFACI\u00d3N DE FIEBRE- Sistema inteligente de identificaci\u00f3n de<br \/>\nfiebre a trav\u00e9s de 3 luces de iluminaci\u00f3n de fondo.<br \/>\nPANTALLA LED HD \u2013 Pantalla amplia, clara e intuitiva, donde se muestra la<br \/>\nmedici\u00f3n obtenida y adem\u00e1s posee una memoria de 32 mediciones anteriores.<br \/>\nSISTEMA DE VISI\u00d3N NOCTURNA \u2013 Pantalla es clara, suave y oscura, con luz de<br \/>\nfondo propia ideal para poder proporcionar una visi\u00f3n n\u00edtida en escenarios<br \/>\noscuros.<\/p>\n<p><strong>Caracter\u00edsticas:<\/strong><\/p>\n<p>Rango de temperatura corporal 35.0 \u00baC to 42.0 \u00baC\/95.6 TO 107.9 \u00baF<br \/>\nRango de temperatura de superficies 0 \u00baC TO 100 \u00baC\/32 TO 212 \u00baF<br \/>\nResoluci\u00f3n de pantalla 0.1 \u00baC\/0.1 \u00baF<br \/>\nDistancia de medici\u00f3n 3 &#8211; 5 CM<br \/>\nTiempo de respuesta 0.1s<br \/>\nPotencia DC3V (2*AA battery)<br \/>\nCondiciones de almacenamiento -20 \u00baC -55 \u00baC<br \/>\nHumedad relativa &lt;93%,1<\/p>\n","protected":false},"excerpt":{"rendered":"<p><a href=\"https:\/\/www.damarl.com\/wp-content\/uploads\/2023\/03\/TERMOMETRO-DIGITAL-INFRARROJO-PARA-TALLER-DA1530-D-SUMINISTROS-DAMA-DAMARL-PG106.pdf\">Descarga la ficha<\/a><\/p>\n","protected":false},"featured_media":3829,"template":"","meta":{"_acf_changed":false,"_kad_post_transparent":"","_kad_post_title":"","_kad_post_layout":"","_kad_post_sidebar_id":"","_kad_post_content_style":"","_kad_post_vertical_padding":"","_kad_post_feature":"","_kad_post_feature_position":"","_kad_post_header":false,"_kad_post_footer":false,"_kad_post_classname":""},"product_brand":[],"product_cat":[88],"product_tag":[],"class_list":{"0":"post-160","1":"product","2":"type-product","3":"status-publish","4":"has-post-thumbnail","6":"product_cat-limpieza-proteccion-y-equipos-individuales","8":"first","9":"instock","10":"product-type-simple","11":"entry","12":"content-bg","13":"loop-entry"},"acf":[],"_links":{"self":[{"href":"https:\/\/www.damarl.com\/es\/wp-json\/wp\/v2\/product\/160","targetHints":{"allow":["GET"]}}],"collection":[{"href":"https:\/\/www.damarl.com\/es\/wp-json\/wp\/v2\/product"}],"about":[{"href":"https:\/\/www.damarl.com\/es\/wp-json\/wp\/v2\/types\/product"}],"wp:featuredmedia":[{"embeddable":true,"href":"https:\/\/www.damarl.com\/es\/wp-json\/wp\/v2\/media\/3829"}],"wp:attachment":[{"href":"https:\/\/www.damarl.com\/es\/wp-json\/wp\/v2\/media?parent=160"}],"wp:term":[{"taxonomy":"product_brand","embeddable":true,"href":"https:\/\/www.damarl.com\/es\/wp-json\/wp\/v2\/product_brand?post=160"},{"taxonomy":"product_cat","embeddable":true,"href":"https:\/\/www.damarl.com\/es\/wp-json\/wp\/v2\/product_cat?post=160"},{"taxonomy":"product_tag","embeddable":true,"href":"https:\/\/www.damarl.com\/es\/wp-json\/wp\/v2\/product_tag?post=160"}],"curies":[{"name":"wp","href":"https:\/\/api.w.org\/{rel}","templated":true}]}}