{"id":152,"date":"2023-03-31T10:50:35","date_gmt":"2023-03-31T10:50:35","guid":{"rendered":"https:\/\/webs.anubissolutions.es\/newdamarl\/producto\/lampara-de-capo-1000-500-lumenes-da4008\/"},"modified":"2024-09-30T10:37:57","modified_gmt":"2024-09-30T10:37:57","slug":"lampara-de-capo-1000-500-lumenes-da4008","status":"publish","type":"product","link":"https:\/\/www.damarl.com\/es\/producto\/lampara-de-capo-1000-500-lumenes-da4008\/","title":{"rendered":"L\u00c1MPARA DE CAP\u00d3 1000 \/ 500 L\u00daMENES &#8211; DA4008"},"content":{"rendered":"<h1>L\u00e1mpara de cap\u00f3 profesional<\/h1>\n<p>Gracias a su alimentaci\u00f3n de bater\u00eda, la l\u00e1mpara para cap\u00f3 nrs tools ofrece 2 niveles de iluminaci\u00f3n de hasta 1200 l\u00famenes, un radio de haz de 120\u00b0 de ancho, posibilidad de rotaci\u00f3n de 360\u00b0 y un soporte que se extiende hasta 1,82 metros. L\u00e1mpara para cap\u00f3 vers\u00e1til y flexible para coches y camiones<\/p>\n<p><b>Descripci\u00f3n del producto<\/b><strong>:<\/strong><\/p>\n<p>\u2022\u00a02 intensidades de luminosidad 500 \/ 1000 l\u00famenes<br \/>\n\u2022 Bajo consumo de energ\u00eda<br \/>\n\u2022 Hecho en aluminio, ajuste de 115 a 182 cm<br \/>\n\u2022 Distribuci\u00f3n de luz a 180\u00b0 sin sombras<br \/>\n\u2022 IP65\/IK07 Trabajo seguro en entornos dif\u00edciles, resistente a golpes y vibraciones<br \/>\n\u2022 Mango de goma antideslizante \/ uso agradable<br \/>\n\u2022 Cargador y cable USB incluido<\/p>\n<p>&nbsp;<\/p>\n<p><b>Caracter\u00edsticas<\/b><strong>:<\/strong><\/p>\n<p>L\u00famenes: 1000\/500<br \/>\nCCT: 5650-6500 K<br \/>\nAutonom\u00eda: 3\/6 horas<br \/>\nTiempo de carga: 4.5 horas<br \/>\nIP: IP 65<br \/>\nIK: IK 07<br \/>\nEntrada USB: 5V 1A<br \/>\nBater\u00eda: 3.7V 4400mAH<br \/>\nDimensiones: 1156x 185x 706 mm<br \/>\nPeso neto: 800 g<br \/>\nGancho giratorio: 360 \u00b0<br \/>\nGancho extensible: 153 mm a 1820 mm,1<\/p>\n","protected":false},"excerpt":{"rendered":"<p class=\"ficha-download\"><a href=\"https:\/\/www.damarl.com\/wp-content\/uploads\/2024\/09\/BARRA_LED_CAPO_1000_LUMENES_da4008_catalogo_dama_2024_pag148.pdf\">Descargar Ficha<\/a><\/p>\n","protected":false},"featured_media":4919,"template":"","meta":{"_acf_changed":false,"_kad_post_transparent":"default","_kad_post_title":"","_kad_post_layout":"default","_kad_post_sidebar_id":"","_kad_post_content_style":"default","_kad_post_vertical_padding":"default","_kad_post_feature":"","_kad_post_feature_position":"","_kad_post_header":false,"_kad_post_footer":false,"_kad_post_classname":""},"product_brand":[],"product_cat":[80,87,175],"product_tag":[],"class_list":{"0":"post-152","1":"product","2":"type-product","3":"status-publish","4":"has-post-thumbnail","6":"product_cat-herramientas","7":"product_cat-iluminacion","8":"product_cat-portatiles-de-taller","10":"first","11":"instock","12":"product-type-simple","13":"entry","14":"content-bg","15":"loop-entry"},"acf":[],"_links":{"self":[{"href":"https:\/\/www.damarl.com\/es\/wp-json\/wp\/v2\/product\/152","targetHints":{"allow":["GET"]}}],"collection":[{"href":"https:\/\/www.damarl.com\/es\/wp-json\/wp\/v2\/product"}],"about":[{"href":"https:\/\/www.damarl.com\/es\/wp-json\/wp\/v2\/types\/product"}],"wp:featuredmedia":[{"embeddable":true,"href":"https:\/\/www.damarl.com\/es\/wp-json\/wp\/v2\/media\/4919"}],"wp:attachment":[{"href":"https:\/\/www.damarl.com\/es\/wp-json\/wp\/v2\/media?parent=152"}],"wp:term":[{"taxonomy":"product_brand","embeddable":true,"href":"https:\/\/www.damarl.com\/es\/wp-json\/wp\/v2\/product_brand?post=152"},{"taxonomy":"product_cat","embeddable":true,"href":"https:\/\/www.damarl.com\/es\/wp-json\/wp\/v2\/product_cat?post=152"},{"taxonomy":"product_tag","embeddable":true,"href":"https:\/\/www.damarl.com\/es\/wp-json\/wp\/v2\/product_tag?post=152"}],"curies":[{"name":"wp","href":"https:\/\/api.w.org\/{rel}","templated":true}]}}