{"id":145,"date":"2023-03-31T10:50:35","date_gmt":"2023-03-31T10:50:35","guid":{"rendered":"https:\/\/webs.anubissolutions.es\/newdamarl\/producto\/maletin-de-herramientas-215-piezas-da1216\/"},"modified":"2024-12-03T08:29:02","modified_gmt":"2024-12-03T08:29:02","slug":"maletin-de-herramientas-215-piezas-da1216","status":"publish","type":"product","link":"https:\/\/www.damarl.com\/es\/producto\/maletin-de-herramientas-215-piezas-da1216\/","title":{"rendered":"Malet\u00edn de Herramientas 215 Piezas | DA1216"},"content":{"rendered":"<p>Malet\u00edn de herramientas de 215 piezas.<br \/>\nCaja de herramientas completo hecho de material de cromo vanadio para una resistencia m\u00e1s duradera.<\/p>\n<p><strong>Especificaciones:<\/strong><\/p>\n<p>Malet\u00edn completo de Herramientas 215 Piezas<\/p>\n<p>\u2022 Herramientas de 1\/2<br \/>\n\u2022 Herramientas de 1\/4<br \/>\n\u2022 Herramientas de 3\/8<\/p>\n<h4><strong>Herramientas de 1\/2\u201d<\/strong><\/h4>\n<ul>\n<li>1 carraca de 72 dientes con expulsor de vasos; 2 barras de extensi\u00f3n de 125mm y 250mm<\/li>\n<li>1 articulaci\u00f3n universal; 1 adaptador 3\/8\u2022 hembra-1\/2\u2022<br \/>\nmacho; 2 vasos de buj\u00eda de 16mm y 21mm<\/li>\n<li>1 adaptador de cabezales; 2 cabezales para el<br \/>\nmango destornillador: torx t70 y allen 14mm<\/li>\n<\/ul>\n<h4><strong>Vasos y Puntas:<\/strong><\/h4>\n<ul>\n<li>14 vasos m\u00e9tricos hexagonales de: 13, 14, 15, 16, 17, 18, 19, 20, 21, 22, 24, 27, 30, y 32mm<\/li>\n<li>5 vasos m\u00e9tricos largos hexag. :16, 17, 18, 19 y 22mm; 3 vasos torx: e20, e22, y e24<\/li>\n<li>7 llaves de allen: 1.27, 1.5, 2, 2.5, 3, 4 y 5mm<\/li>\n<li>12 llaves comb.: 8, 9, 10, 11, 12, 13, 14, 15, 16, 17, 18 y 19mm<\/li>\n<\/ul>\n<h4><strong>Herramientas de 1\/4\u2033<\/strong><\/h4>\n<ul>\n<li>1 carraca de 72 dientes con expulsor de vasos; 1<br \/>\narticulaci\u00f3n universal; 1 mango destornillador<\/li>\n<li>2 barras de extensi\u00f3n de 50mm y 100mm; 1 mango<br \/>\ncorredizo; 1 adaptador de cabezales<\/li>\n<\/ul>\n<h4><strong>Vasos y Puntas:<\/strong><\/h4>\n<ul>\n<li>13 vasos m\u00e9tricos hexagonales de: 4, 4.5, 5, 5.5, 6, 7, 8,<br \/>\n9, 10, 11, 12, 13 y 14mm<\/li>\n<li>7 vasos m\u00e9tricos largos hexagonales de: 4,5, 6, 7, 8, 9 y<br \/>\n10mm; 5 vasos torx: e4, e5, e6, e7 y e8<\/li>\n<li>30 cabezales para el mango destornillador; estrella:<br \/>\n#0, #1, #2 \/\/ estrella doble: #0, #1 y #2<\/li>\n<li>Allen: 3, 4, 5 y 6mm \/\/ plano: 4, 5.5, 6.5 y 7mm; torx: t8,<br \/>\nt9, t10, t15, t20, t25, t27 y t30<\/li>\n<li>Torx inviolable: t8, t9, t10, t15, t20, t25, t27 y t30; 44<br \/>\ncabezales de 1\/4\u2022; allen: h2, h2.5, h3, h4, h5 y h6<\/li>\n<li>Torx: t5, t6 y t7; torx inviolable: t7; punta ribe: m5,<br \/>\nm6,m7,m8 y m9<\/li>\n<li>12 cantos: m5, m6 y m8; torx 5 cantos inviolable: 10 \u2013 15 \u2013 20 \u2013 25 \u2013 27 \u2013 30 \u2013 40 \u2013 45<\/li>\n<li>Punta cuadrada inviolable: 0-1-2-3; punta tensor: 6-8-10; cuatri-punta: 4-6-8-10; mariposa: 1-2-3<\/li>\n<li>Tri-punta: 1-2-3-4; 1 destornillador imantado.<\/li>\n<\/ul>\n<h4><strong>Herramientas de 3\/8\u2033<\/strong><\/h4>\n<ul>\n<li>1 carraca de 72 dientes con expulsor de vasos; 1 articulaci\u00f3n universal; 1 barras de extensi\u00f3n de 125mm<\/li>\n<li>1 adaptador de cabezales; 1 vasos de buj\u00eda de18mm; 30 cabezales (5\/16mmx30mml)<\/li>\n<li>12 cantos:m10 y m12; torx 5 cantos inviolable: 50; 1 adaptador para cabezales;1 caja de pl\u00e1stico.<\/li>\n<\/ul>\n<h4><strong>Vasos y Puntas:<\/strong><\/h4>\n<ul>\n<li>10 vasos m\u00e9tricos hexag. de: 10, 11, 12, 13, 14, 15, 16,17, 18 y 19mm<\/li>\n<li>6 vasos m\u00e9tricos largos hex. de:10, 11, 12, 13,14 y 15mm; 6 vasos torx: e10, e11, e12, e14, e16 y e18<\/li>\n<li>Allen:h7,h8, h10 y h12 \/\/ plano: 8, 10 y 12mm; estrella: #2, #3 y #4 \/\/ estrella doble: #2, #3 y #4<\/li>\n<li>Torx: t40, t45, t50, t55 y t60; torx inviolable: t40, t45, t50, t55 y t60; punta ribe: m10,m11, m12 y m13<\/li>\n<\/ul>\n<p><strong>PESO: 10,2 Kg<\/strong><\/p>\n<div class=\"entry-content-asset videofit\"><iframe title=\"\ud83d\udd27El malet\u00edn de herramientas m\u00e1s completo y pr\u00e1ctico\ud83d\udd27 - NRS TOOLS - DAMA RL\" width=\"720\" height=\"405\" src=\"https:\/\/www.youtube.com\/embed\/pZIx38oSfrw?feature=oembed\" frameborder=\"0\" allow=\"accelerometer; autoplay; clipboard-write; encrypted-media; gyroscope; picture-in-picture; web-share\" referrerpolicy=\"strict-origin-when-cross-origin\" allowfullscreen><\/iframe><\/div>\n","protected":false},"excerpt":{"rendered":"<p>Malet\u00edn de herramientas de 215 piezas. Caja de herramientas completo hecho de material de cromo vanadio para una resistencia m\u00e1s duradera. Especificaciones: Malet\u00edn completo de Herramientas 215 Piezas \u2022 Herramientas de 1\/2 \u2022 Herramientas de 1\/4 \u2022 Herramientas de 3\/8 Herramientas de 1\/2\u201d 1 carraca de 72 dientes con expulsor de vasos; 2 barras de&#8230;<\/p>\n","protected":false},"featured_media":4924,"template":"","meta":{"_acf_changed":false,"_kad_post_transparent":"default","_kad_post_title":"","_kad_post_layout":"default","_kad_post_sidebar_id":"","_kad_post_content_style":"default","_kad_post_vertical_padding":"default","_kad_post_feature":"","_kad_post_feature_position":"","_kad_post_header":false,"_kad_post_footer":false,"_kad_post_classname":""},"product_brand":[],"product_cat":[80,191,90],"product_tag":[],"class_list":{"0":"post-145","1":"product","2":"type-product","3":"status-publish","4":"has-post-thumbnail","6":"product_cat-herramientas","7":"product_cat-maletines-de-herramientas","8":"product_cat-mobiliario-de-taller","10":"first","11":"instock","12":"product-type-simple","13":"entry","14":"content-bg","15":"loop-entry"},"acf":[],"_links":{"self":[{"href":"https:\/\/www.damarl.com\/es\/wp-json\/wp\/v2\/product\/145","targetHints":{"allow":["GET"]}}],"collection":[{"href":"https:\/\/www.damarl.com\/es\/wp-json\/wp\/v2\/product"}],"about":[{"href":"https:\/\/www.damarl.com\/es\/wp-json\/wp\/v2\/types\/product"}],"wp:featuredmedia":[{"embeddable":true,"href":"https:\/\/www.damarl.com\/es\/wp-json\/wp\/v2\/media\/4924"}],"wp:attachment":[{"href":"https:\/\/www.damarl.com\/es\/wp-json\/wp\/v2\/media?parent=145"}],"wp:term":[{"taxonomy":"product_brand","embeddable":true,"href":"https:\/\/www.damarl.com\/es\/wp-json\/wp\/v2\/product_brand?post=145"},{"taxonomy":"product_cat","embeddable":true,"href":"https:\/\/www.damarl.com\/es\/wp-json\/wp\/v2\/product_cat?post=145"},{"taxonomy":"product_tag","embeddable":true,"href":"https:\/\/www.damarl.com\/es\/wp-json\/wp\/v2\/product_tag?post=145"}],"curies":[{"name":"wp","href":"https:\/\/api.w.org\/{rel}","templated":true}]}}