{"id":144,"date":"2023-03-31T10:50:35","date_gmt":"2023-03-31T10:50:35","guid":{"rendered":"https:\/\/webs.anubissolutions.es\/newdamarl\/producto\/pistola-de-impacto-%c2%bd-neumatica-1495-nm-da1400f\/"},"modified":"2024-12-03T08:35:14","modified_gmt":"2024-12-03T08:35:14","slug":"pistola-de-impacto-%c2%bd-neumatica-1495-nm-da1400f","status":"publish","type":"product","link":"https:\/\/www.damarl.com\/es\/producto\/pistola-de-impacto-%c2%bd-neumatica-1495-nm-da1400f\/","title":{"rendered":"PISTOLA DE IMPACTO \u00bd\u201d NEUM\u00c1TICA 1495 NM &#8211; DA1400F"},"content":{"rendered":"<h1>Pistola de impacto en composite de 1495 NM<\/h1>\n<p><strong>Pistola de impacto neum\u00e1tica para taller<\/strong> en composite con dise\u00f1o ergon\u00f3mico, antivibraciones y ligero ideada para trabajar durante per\u00edodos prolongados aportando elevada comodidad al usuario.<\/p>\n<p><strong>Llave de impacto profesional<\/strong> con cuadradillo de 1\/2&#8243; y par de fuerza m\u00e1ximo de 1495 Nm para efectuar r\u00e1pidamente el apriete \/ desapriete de fijaciones en mayor\u00eda de aplicaciones de mec\u00e1nica<\/p>\n<p>Equipado con regulador de velocidad en 3 posiciones de avance y posici\u00f3n de retroceso.<\/p>\n<p><strong>Especificaciones:<\/strong><\/p>\n<p>Selector de 3 posiciones para apretar<br \/>\nCarcasa de composite, ergon\u00f3mica para un trabajo c\u00f3modo<br \/>\n\u2022 Torque m\u00e1ximo: 1495NM<br \/>\n\u2022 Velocidad de giro libre: 7500 rpm<br \/>\n\u2022 Consumo de aire medio: 6,5 CFM<br \/>\n\u2022 Largo: 185 mm<br \/>\n\u2022 Peso: 2,1 kg,1<\/p>\n","protected":false},"excerpt":{"rendered":"<p class=\"ficha-download\"><a href=\"https:\/\/www.damarl.com\/wp-content\/uploads\/2024\/09\/pistola_impacto_DA1400F_llave_dinamometrica_DA1250_juego_3_vasos_DA3206_catalogo_dama_2024_pag134-1.pdf\">Descargar Ficha<\/a><\/p>\n","protected":false},"featured_media":4934,"template":"","meta":{"_acf_changed":false,"_kad_post_transparent":"default","_kad_post_title":"","_kad_post_layout":"default","_kad_post_sidebar_id":"","_kad_post_content_style":"default","_kad_post_vertical_padding":"default","_kad_post_feature":"","_kad_post_feature_position":"","_kad_post_header":false,"_kad_post_footer":false,"_kad_post_classname":""},"product_brand":[],"product_cat":[178,91],"product_tag":[],"class_list":{"0":"post-144","1":"product","2":"type-product","3":"status-publish","4":"has-post-thumbnail","6":"product_cat-herramienta-neumatica","7":"product_cat-neumatica-de-taller","9":"first","10":"instock","11":"product-type-simple","12":"entry","13":"content-bg","14":"loop-entry"},"acf":[],"_links":{"self":[{"href":"https:\/\/www.damarl.com\/es\/wp-json\/wp\/v2\/product\/144","targetHints":{"allow":["GET"]}}],"collection":[{"href":"https:\/\/www.damarl.com\/es\/wp-json\/wp\/v2\/product"}],"about":[{"href":"https:\/\/www.damarl.com\/es\/wp-json\/wp\/v2\/types\/product"}],"wp:featuredmedia":[{"embeddable":true,"href":"https:\/\/www.damarl.com\/es\/wp-json\/wp\/v2\/media\/4934"}],"wp:attachment":[{"href":"https:\/\/www.damarl.com\/es\/wp-json\/wp\/v2\/media?parent=144"}],"wp:term":[{"taxonomy":"product_brand","embeddable":true,"href":"https:\/\/www.damarl.com\/es\/wp-json\/wp\/v2\/product_brand?post=144"},{"taxonomy":"product_cat","embeddable":true,"href":"https:\/\/www.damarl.com\/es\/wp-json\/wp\/v2\/product_cat?post=144"},{"taxonomy":"product_tag","embeddable":true,"href":"https:\/\/www.damarl.com\/es\/wp-json\/wp\/v2\/product_tag?post=144"}],"curies":[{"name":"wp","href":"https:\/\/api.w.org\/{rel}","templated":true}]}}