{"id":135,"date":"2023-03-31T10:50:32","date_gmt":"2023-03-31T10:50:32","guid":{"rendered":"https:\/\/webs.anubissolutions.es\/newdamarl\/producto\/asiento-de-taller-mecanico-da2032\/"},"modified":"2024-09-30T10:40:33","modified_gmt":"2024-09-30T10:40:33","slug":"asiento-de-taller-mecanico-da2032","status":"publish","type":"product","link":"https:\/\/www.damarl.com\/es\/producto\/asiento-de-taller-mecanico-da2032\/","title":{"rendered":"ASIENTO DE TALLER MEC\u00c1NICO &#8211; DA2032"},"content":{"rendered":"<p>Asiento de taller mec\u00e1nico f\u00e1cil de utilizar y muy pr\u00e1ctico al trabajar, tiene adem\u00e1s una bandeja para colocar herramientas y tomarlas las veces que sea necesario . Est\u00e1 fabricado en acero y tiene forma en U para transportarlo f\u00e1cilmente.<br \/>\nContiene cojines de espuma de alta densidad y y est\u00e1n tapizados, lo que permite a los usuarios estar sentados por mucho tiempo c\u00f3modamente.<br \/>\nPuede girar hasta 360 grados gracias a sus 4 ruedas<br \/>\nInstalaci\u00f3n r\u00e1pida y f\u00e1cil.<\/p>\n<p>&nbsp;<\/p>\n<p><strong>Especificaciones:<\/strong><\/p>\n<p>\u2022 Tama\u00f1o: 368 x 360 x 365 mm<br \/>\n\u2022 Peso: 3,8 kg<\/p>\n","protected":false},"excerpt":{"rendered":"<p class=\"ficha-download\"><a href=\"https:\/\/www.damarl.com\/wp-content\/uploads\/2024\/09\/camilla_plegable_DA2031_taburete_rodante_DA2032_camilla_mecanico_DA2033_catalogo_dama_2024_pag141.pdf\">Descargar Ficha<\/a><\/p>\n","protected":false},"featured_media":5041,"template":"","meta":{"_acf_changed":false,"_kad_post_transparent":"default","_kad_post_title":"","_kad_post_layout":"default","_kad_post_sidebar_id":"","_kad_post_content_style":"default","_kad_post_vertical_padding":"default","_kad_post_feature":"","_kad_post_feature_position":"","_kad_post_header":false,"_kad_post_footer":false,"_kad_post_classname":""},"product_brand":[],"product_cat":[181,80],"product_tag":[],"class_list":{"0":"post-135","1":"product","2":"type-product","3":"status-publish","4":"has-post-thumbnail","6":"product_cat-camillas-y-taburetes","7":"product_cat-herramientas","9":"first","10":"instock","11":"product-type-simple","12":"entry","13":"content-bg","14":"loop-entry"},"acf":[],"_links":{"self":[{"href":"https:\/\/www.damarl.com\/es\/wp-json\/wp\/v2\/product\/135","targetHints":{"allow":["GET"]}}],"collection":[{"href":"https:\/\/www.damarl.com\/es\/wp-json\/wp\/v2\/product"}],"about":[{"href":"https:\/\/www.damarl.com\/es\/wp-json\/wp\/v2\/types\/product"}],"wp:featuredmedia":[{"embeddable":true,"href":"https:\/\/www.damarl.com\/es\/wp-json\/wp\/v2\/media\/5041"}],"wp:attachment":[{"href":"https:\/\/www.damarl.com\/es\/wp-json\/wp\/v2\/media?parent=135"}],"wp:term":[{"taxonomy":"product_brand","embeddable":true,"href":"https:\/\/www.damarl.com\/es\/wp-json\/wp\/v2\/product_brand?post=135"},{"taxonomy":"product_cat","embeddable":true,"href":"https:\/\/www.damarl.com\/es\/wp-json\/wp\/v2\/product_cat?post=135"},{"taxonomy":"product_tag","embeddable":true,"href":"https:\/\/www.damarl.com\/es\/wp-json\/wp\/v2\/product_tag?post=135"}],"curies":[{"name":"wp","href":"https:\/\/api.w.org\/{rel}","templated":true}]}}