{"id":9891,"date":"2025-07-15T13:34:51","date_gmt":"2025-07-15T13:34:51","guid":{"rendered":"https:\/\/www.damarl.com\/?post_type=product&#038;p=9891"},"modified":"2025-07-15T13:46:05","modified_gmt":"2025-07-15T13:46:05","slug":"cajon-de-herramientas-electricas-da2110-kitbe","status":"publish","type":"product","link":"https:\/\/www.damarl.com\/en\/product\/cajon-de-herramientas-electricas-da2110-kitbe\/","title":{"rendered":"CAJ\u00d3N DE HERRAMIENTAS EL\u00c9CTRICAS &#8211; DA2110-KITBE-"},"content":{"rendered":"<p>Bandeja de herramienta a bateria para carro IEQ5000; ITO1010 y DA2110<\/p>\n<p><strong>Specifications:<\/strong><\/p>\n<p>\u2022 x1 DA1402E: Pistola de impacto,<br \/>\ncargador de bater\u00eda, bater\u00eda 2Ah y bater\u00eda 4Ah<br \/>\n\u2022 x1 DA1412E: Destornillador de impacto<br \/>\n\u2022 x1 DA1422E: Taladradora<br \/>\n\u2022 x1 IEQ5000-BE: Bandeja para herramienta el\u00e9ctrica<\/p>","protected":false},"excerpt":{"rendered":"<p>Bandeja de herramienta a bateria para carro IEQ5000; ITO1010 y DA2110 Especificaciones: \u2022 x1 DA1402E: Pistola de impacto, cargador de bater\u00eda, bater\u00eda 2Ah y bater\u00eda 4Ah \u2022 x1 DA1412E: Destornillador de impacto \u2022 x1 DA1422E: Taladradora \u2022 x1 IEQ5000-BE: Bandeja para herramienta el\u00e9ctrica<\/p>","protected":false},"featured_media":9893,"template":"","meta":{"_acf_changed":false,"_kad_post_transparent":"default","_kad_post_title":"","_kad_post_layout":"default","_kad_post_sidebar_id":"","_kad_post_content_style":"default","_kad_post_vertical_padding":"default","_kad_post_feature":"","_kad_post_feature_position":"","_kad_post_header":false,"_kad_post_footer":false,"_kad_post_classname":""},"product_brand":[],"product_cat":[80,191,90],"product_tag":[],"class_list":{"0":"post-9891","1":"product","2":"type-product","3":"status-publish","4":"has-post-thumbnail","6":"product_cat-herramientas","7":"product_cat-maletines-de-herramientas","8":"product_cat-mobiliario-de-taller","10":"first","11":"instock","12":"product-type-simple","13":"entry","14":"content-bg","15":"loop-entry"},"acf":[],"_links":{"self":[{"href":"https:\/\/www.damarl.com\/en\/wp-json\/wp\/v2\/product\/9891","targetHints":{"allow":["GET"]}}],"collection":[{"href":"https:\/\/www.damarl.com\/en\/wp-json\/wp\/v2\/product"}],"about":[{"href":"https:\/\/www.damarl.com\/en\/wp-json\/wp\/v2\/types\/product"}],"wp:featuredmedia":[{"embeddable":true,"href":"https:\/\/www.damarl.com\/en\/wp-json\/wp\/v2\/media\/9893"}],"wp:attachment":[{"href":"https:\/\/www.damarl.com\/en\/wp-json\/wp\/v2\/media?parent=9891"}],"wp:term":[{"taxonomy":"product_brand","embeddable":true,"href":"https:\/\/www.damarl.com\/en\/wp-json\/wp\/v2\/product_brand?post=9891"},{"taxonomy":"product_cat","embeddable":true,"href":"https:\/\/www.damarl.com\/en\/wp-json\/wp\/v2\/product_cat?post=9891"},{"taxonomy":"product_tag","embeddable":true,"href":"https:\/\/www.damarl.com\/en\/wp-json\/wp\/v2\/product_tag?post=9891"}],"curies":[{"name":"wp","href":"https:\/\/api.w.org\/{rel}","templated":true}]}}