{"id":9863,"date":"2025-07-15T10:29:03","date_gmt":"2025-07-15T10:29:03","guid":{"rendered":"https:\/\/www.damarl.com\/?post_type=product&#038;p=9863"},"modified":"2025-07-15T10:51:28","modified_gmt":"2025-07-15T10:51:28","slug":"columna-movil-con-sistema-inalambrico-dc-24v-dm5500mc","status":"publish","type":"product","link":"https:\/\/www.damarl.com\/en\/product\/columna-movil-con-sistema-inalambrico-dc-24v-dm5500mc\/","title":{"rendered":"Columna M\u00f3vil con Sistema Inal\u00e1mbrico DC 24V &#8211; DM5500MC &#8211;"},"content":{"rendered":"<p><strong>Description:<\/strong><\/p>\r\n<p>\u2022 Sistema de elevaci\u00f3n combinable con 2, 4, 6&#8230;&#8230;12 columnas,<br \/>adecuado para elevar camiones, autobuses, montacargas<br \/>\u2022 Unidad de alimentaci\u00f3n DC con comunicaci\u00f3n inal\u00e1mbrica libre<br \/>de interferencias del entorno<br \/>\u2022 Sistema avanzado con variedad autom\u00e1tica de velocidad de<br \/>elevaci\u00f3n\/descenso que garantiza la sincronizaci\u00f3n de todas las<br \/>columnas durante la fase de elevaci\u00f3n\/descenso<br \/>\u2022 Cada columna puede establecerse como maestra o esclava para un<br \/>posicionamiento conveniente<br \/>\u2022 La pantalla t\u00e1ctil con instrucciones facilita todas las operaciones<br \/>\u2022 Horquillas ajustables para adaptarse a diferentes di\u00e1metros<br \/>de neum\u00e1ticos<br \/>\u2022 Paradas de seguridad en caso de aver\u00eda\u00a0<\/p>\r\n<p><strong>Specifications:<\/strong><\/p>\r\n\r\n<ul>\r\n<li>Capacidad: 5500 kg<\/li>\r\n<li>Altura total: 3770 mm<\/li>\r\n<li>Anchura total: 1348 mm<\/li>\r\n<li>Longitud total: 0 &#8211; 1750 mm<\/li>\r\n<li>Potencia: DC 24V<\/li>\r\n<li>Tiempo de subida (carga m\u00e1xima): 120 s<\/li>\r\n<li>Lifting range: 115 mm ~ 1760 mm<\/li>\r\n<li>Peso neto: 590 kg<\/li>\r\n<\/ul>","protected":false},"excerpt":{"rendered":"<p>Descripci\u00f3n: \u2022 Sistema de elevaci\u00f3n combinable con 2, 4, 6&#8230;&#8230;12 columnas,adecuado para elevar camiones, autobuses, montacargas\u2022 Unidad de alimentaci\u00f3n DC con comunicaci\u00f3n inal\u00e1mbrica librede interferencias del entorno\u2022 Sistema avanzado con variedad autom\u00e1tica de velocidad deelevaci\u00f3n\/descenso que garantiza la sincronizaci\u00f3n de todas lascolumnas durante la fase de elevaci\u00f3n\/descenso\u2022 Cada columna puede establecerse como maestra o esclava&#8230;<\/p>","protected":false},"featured_media":9864,"template":"","meta":{"_acf_changed":false,"_kad_post_transparent":"default","_kad_post_title":"","_kad_post_layout":"default","_kad_post_sidebar_id":"","_kad_post_content_style":"default","_kad_post_vertical_padding":"default","_kad_post_feature":"","_kad_post_feature_position":"","_kad_post_header":false,"_kad_post_footer":false,"_kad_post_classname":""},"product_brand":[],"product_cat":[109,118,117,81],"product_tag":[],"class_list":{"0":"post-9863","1":"product","2":"type-product","3":"status-publish","4":"has-post-thumbnail","6":"product_cat-elevadores","7":"product_cat-elevadores-de-1-columna","8":"product_cat-elevadores-de-taller","9":"product_cat-maquinaria","11":"first","12":"instock","13":"product-type-simple","14":"entry","15":"content-bg","16":"loop-entry"},"acf":[],"_links":{"self":[{"href":"https:\/\/www.damarl.com\/en\/wp-json\/wp\/v2\/product\/9863","targetHints":{"allow":["GET"]}}],"collection":[{"href":"https:\/\/www.damarl.com\/en\/wp-json\/wp\/v2\/product"}],"about":[{"href":"https:\/\/www.damarl.com\/en\/wp-json\/wp\/v2\/types\/product"}],"wp:featuredmedia":[{"embeddable":true,"href":"https:\/\/www.damarl.com\/en\/wp-json\/wp\/v2\/media\/9864"}],"wp:attachment":[{"href":"https:\/\/www.damarl.com\/en\/wp-json\/wp\/v2\/media?parent=9863"}],"wp:term":[{"taxonomy":"product_brand","embeddable":true,"href":"https:\/\/www.damarl.com\/en\/wp-json\/wp\/v2\/product_brand?post=9863"},{"taxonomy":"product_cat","embeddable":true,"href":"https:\/\/www.damarl.com\/en\/wp-json\/wp\/v2\/product_cat?post=9863"},{"taxonomy":"product_tag","embeddable":true,"href":"https:\/\/www.damarl.com\/en\/wp-json\/wp\/v2\/product_tag?post=9863"}],"curies":[{"name":"wp","href":"https:\/\/api.w.org\/{rel}","templated":true}]}}