{"id":9852,"date":"2025-07-15T09:47:35","date_gmt":"2025-07-15T09:47:35","guid":{"rendered":"https:\/\/www.damarl.com\/?post_type=product&#038;p=9852"},"modified":"2025-07-15T10:02:08","modified_gmt":"2025-07-15T10:02:08","slug":"elevador-parking-3-niveles-dm3np","status":"publish","type":"product","link":"https:\/\/www.damarl.com\/en\/product\/elevador-parking-3-niveles-dm3np\/","title":{"rendered":"Elevador Parking 3 Niveles &#8211; DM3NP &#8211;"},"content":{"rendered":"<p><strong>Description:<\/strong><\/p>\r\n<p>\r\n\r\n<\/p>\r\n<p>\u2022 Accionamiento directo de un cilindro de elevaci\u00f3n hidr\u00e1ulico<br \/>\u2022 M\u00faltiples alturas de aparcamiento<br \/>\u2022 Piezas premontadas para una f\u00e1cil instalaci\u00f3n y reubicaci\u00f3n<br \/>\u2022 Interruptor de seguridad<br \/>\u2022 Protecci\u00f3n hidr\u00e1ulica contra sobrecargas<br \/>\u2022 Rampa y plataforma antideslizantes<br \/>\u2022 Liberaci\u00f3n de bloqueo: Manual\/El\u00e9ctrico<br \/>\u2022 Tres veh\u00edculos estacionados al mismo tiempo\u00a0<\/p>\r\n<p><strong>Technical data:<\/strong><\/p>\r\n\r\n\r\n\r\n<ul>\r\n<li>Capacidad m\u00e1xima: 2500 kg por altura\u00a0<\/li>\r\n<li>Altura m\u00e1xima: 4336 mm<\/li>\r\n<li>Ancho: 2400 mm -2742 mm<\/li>\r\n<li>Power: 400V\/3ph\/50Hz<\/li>\r\n<\/ul>\r\n\r\n\r\n\r\n<p><strong>Optional:\u00a0<\/strong><\/p>\r\n<p>Placa de cubierta central\u00a0<\/p>\r\n<p>Bandeja de goteo de aceite\u00a0<\/p>\r\n<p>Placa de protecci\u00f3n de neum\u00e1ticos\u00a0<\/p>","protected":false},"excerpt":{"rendered":"<p>Descripci\u00f3n: \u2022 Accionamiento directo de un cilindro de elevaci\u00f3n hidr\u00e1ulico\u2022 M\u00faltiples alturas de aparcamiento\u2022 Piezas premontadas para una f\u00e1cil instalaci\u00f3n y reubicaci\u00f3n\u2022 Interruptor de seguridad\u2022 Protecci\u00f3n hidr\u00e1ulica contra sobrecargas\u2022 Rampa y plataforma antideslizantes\u2022 Liberaci\u00f3n de bloqueo: Manual\/El\u00e9ctrico\u2022 Tres veh\u00edculos estacionados al mismo tiempo\u00a0 Datos t\u00e9cnicos: Capacidad m\u00e1xima: 2500 kg por altura\u00a0 Altura m\u00e1xima: 4336 mm&#8230;<\/p>","protected":false},"featured_media":9853,"template":"","meta":{"_acf_changed":false,"_kad_post_transparent":"default","_kad_post_title":"","_kad_post_layout":"default","_kad_post_sidebar_id":"","_kad_post_content_style":"default","_kad_post_vertical_padding":"default","_kad_post_feature":"","_kad_post_feature_position":"","_kad_post_header":false,"_kad_post_footer":false,"_kad_post_classname":""},"product_brand":[],"product_cat":[109,120,117,81],"product_tag":[],"class_list":{"0":"post-9852","1":"product","2":"type-product","3":"status-publish","4":"has-post-thumbnail","6":"product_cat-elevadores","7":"product_cat-elevadores-de-4-columnas","8":"product_cat-elevadores-de-taller","9":"product_cat-maquinaria","11":"first","12":"instock","13":"product-type-simple","14":"entry","15":"content-bg","16":"loop-entry"},"acf":[],"_links":{"self":[{"href":"https:\/\/www.damarl.com\/en\/wp-json\/wp\/v2\/product\/9852","targetHints":{"allow":["GET"]}}],"collection":[{"href":"https:\/\/www.damarl.com\/en\/wp-json\/wp\/v2\/product"}],"about":[{"href":"https:\/\/www.damarl.com\/en\/wp-json\/wp\/v2\/types\/product"}],"wp:featuredmedia":[{"embeddable":true,"href":"https:\/\/www.damarl.com\/en\/wp-json\/wp\/v2\/media\/9853"}],"wp:attachment":[{"href":"https:\/\/www.damarl.com\/en\/wp-json\/wp\/v2\/media?parent=9852"}],"wp:term":[{"taxonomy":"product_brand","embeddable":true,"href":"https:\/\/www.damarl.com\/en\/wp-json\/wp\/v2\/product_brand?post=9852"},{"taxonomy":"product_cat","embeddable":true,"href":"https:\/\/www.damarl.com\/en\/wp-json\/wp\/v2\/product_cat?post=9852"},{"taxonomy":"product_tag","embeddable":true,"href":"https:\/\/www.damarl.com\/en\/wp-json\/wp\/v2\/product_tag?post=9852"}],"curies":[{"name":"wp","href":"https:\/\/api.w.org\/{rel}","templated":true}]}}