{"id":9811,"date":"2025-07-14T15:06:04","date_gmt":"2025-07-14T15:06:04","guid":{"rendered":"https:\/\/www.damarl.com\/?post_type=product&#038;p=9811"},"modified":"2025-07-14T15:24:32","modified_gmt":"2025-07-14T15:24:32","slug":"elevador-de-tijera-de-doble-elevacion-electrohidraulico-para-alineacion-dm4-5msr","status":"publish","type":"product","link":"https:\/\/www.damarl.com\/en\/product\/elevador-de-tijera-de-doble-elevacion-electrohidraulico-para-alineacion-dm4-5msr\/","title":{"rendered":"ELEVADOR DE TIJERA DE DOBLE ELEVACI\u00d3N ELECTROHIDR\u00c1ULICO PARA ALINEACI\u00d3N- DM4.5MSR"},"content":{"rendered":"<h2>ELEVADOR\u00a0 TIJERA ELECTROHIDR\u00c1ULICO 400V<\/h2>\r\n<p>Con doble rail interior para gato central<\/p>\r\n<p><strong>Description:<\/strong><\/p>\r\n<p>\r\n\r\n<\/p>\r\n<ul>\r\n<li>Surface mounted<\/li>\r\n<li>\u00a0Low rise<\/li>\r\n<li>\u00a0Secondary scissor lift<\/li>\r\n<li>\u00a0Slot for alignment turnplates<\/li>\r\n<li>\u00a0Sliding rear platforms<\/li>\r\n<li>\u00a0Sistema de bloqueo mec\u00e1nico con<br \/>accionamiento neum\u00e1tico<\/li>\r\n<li>\u00a0Maximum height top limit switch<\/li>\r\n<li>\u00a0Mecanismo de arranque para levantar<br \/>mayor carga desde la posici\u00f3n m\u00e1s baja<\/li>\r\n<li>\u00a0Extension pads for different types of vehicle<\/li>\r\n<\/ul>\r\n<p>&nbsp;<\/p>","protected":false},"excerpt":{"rendered":"<p class=\"ficha-download\"><a href=\"https:\/\/www.damarl.com\/wp-content\/uploads\/2023\/03\/ELEVADOR-TIJERA-PARA-TALLER-DM3000E2-ESP-ENG-FR_compressed-65.pdf\">Download File<\/a><\/p>","protected":false},"featured_media":9812,"template":"","meta":{"_acf_changed":false,"_kad_post_transparent":"default","_kad_post_title":"","_kad_post_layout":"default","_kad_post_sidebar_id":"","_kad_post_content_style":"default","_kad_post_vertical_padding":"default","_kad_post_feature":"","_kad_post_feature_position":"","_kad_post_header":false,"_kad_post_footer":false,"_kad_post_classname":""},"product_brand":[],"product_cat":[109,117,123,81],"product_tag":[],"class_list":{"0":"post-9811","1":"product","2":"type-product","3":"status-publish","4":"has-post-thumbnail","6":"product_cat-elevadores","7":"product_cat-elevadores-de-taller","8":"product_cat-elevadores-de-tijera","9":"product_cat-maquinaria","11":"first","12":"instock","13":"product-type-simple","14":"entry","15":"content-bg","16":"loop-entry"},"acf":[],"_links":{"self":[{"href":"https:\/\/www.damarl.com\/en\/wp-json\/wp\/v2\/product\/9811","targetHints":{"allow":["GET"]}}],"collection":[{"href":"https:\/\/www.damarl.com\/en\/wp-json\/wp\/v2\/product"}],"about":[{"href":"https:\/\/www.damarl.com\/en\/wp-json\/wp\/v2\/types\/product"}],"wp:featuredmedia":[{"embeddable":true,"href":"https:\/\/www.damarl.com\/en\/wp-json\/wp\/v2\/media\/9812"}],"wp:attachment":[{"href":"https:\/\/www.damarl.com\/en\/wp-json\/wp\/v2\/media?parent=9811"}],"wp:term":[{"taxonomy":"product_brand","embeddable":true,"href":"https:\/\/www.damarl.com\/en\/wp-json\/wp\/v2\/product_brand?post=9811"},{"taxonomy":"product_cat","embeddable":true,"href":"https:\/\/www.damarl.com\/en\/wp-json\/wp\/v2\/product_cat?post=9811"},{"taxonomy":"product_tag","embeddable":true,"href":"https:\/\/www.damarl.com\/en\/wp-json\/wp\/v2\/product_tag?post=9811"}],"curies":[{"name":"wp","href":"https:\/\/api.w.org\/{rel}","templated":true}]}}